{"id":27575,"date":"2025-02-20T22:29:02","date_gmt":"2025-02-20T22:29:02","guid":{"rendered":"http:\/\/olemosaic.com\/producto\/funda-de-telefono-para-samsung-a13-tpu-salamandra-barcelona-blanco\/"},"modified":"2025-07-25T20:00:06","modified_gmt":"2025-07-25T18:00:06","slug":"capa-de-telemovel-para-samsung-a13-tpu-salamandra-barcelona-branco","status":"publish","type":"product","link":"https:\/\/olemosaic.com\/pt-pt\/produto\/capa-de-telemovel-para-samsung-a13-tpu-salamandra-barcelona-branco\/","title":{"rendered":"Capa de telem\u00f3vel para Samsung A13 (TPU). Salamandra. Barcelona. Branco"},"content":{"rendered":"<p>Esta capa para o telem\u00f3vel Samsung A13 \u00e9 uma obra-prima inspirada na emblem\u00e1tica salamandra de Barcelona, um s\u00edmbolo ic\u00f3nico do reconhecido arquiteto Antoni Gaud\u00ed. Fabricada em TPU de alta qualidade, esta capa combina prote\u00e7\u00e3o e estilo, sendo uma excelente op\u00e7\u00e3o para quem deseja levar consigo um peda\u00e7o da cultura catal\u00e3. O design \u00fanico apresenta uma salamandra vibrante rodeada de flores coloridas, tudo isto sobre um fundo que evoca o famoso trencad\u00eds do Parque G\u00fcell, com o seu caracter\u00edstico mosaico de azulejos.<\/p>\n<p>O fundo branco real\u00e7a os tons vivos de azul, verde e vermelho da salamandra, criando uma fus\u00e3o visual que recorda a alegria e criatividade da arte de Gaud\u00ed. Na parte inferior, a palavra &#8220;Barcelona&#8221; destaca-se com um formato alegre, em honra \u00e0 cidade que inspira esta pe\u00e7a. A liga\u00e7\u00e3o cultural desta capa vai al\u00e9m de ser um simples acess\u00f3rio; representa a ess\u00eancia de Barcelona, a sua arte e o seu patrim\u00f3nio, tornando-a numa recorda\u00e7\u00e3o perfeita para turistas e amantes da cidade.<\/p>\n<p>Na Ol\u00e9 Mosaic, especializamo-nos na distribui\u00e7\u00e3o de recorda\u00e7\u00f5es de alta qualidade por grosso, e esta capa para telem\u00f3vel \u00e9 uma escolha ideal para lojas de recorda\u00e7\u00f5es tur\u00edsticas que procuram oferecer produtos que reflitam a autenticidade e o estilo de Barcelona. Sem d\u00favida, \u00e9 um artigo atraente que combina funcionalidade e cultura, fazendo de cada utiliza\u00e7\u00e3o uma celebra\u00e7\u00e3o da arte catal\u00e3.<\/p>\n","protected":false},"excerpt":{"rendered":"<p>Capa para telem\u00f3vel Samsung A13 fabricada em TPU, inspirada na emblem\u00e1tica salamandra de Barcelona. Este design \u00fanico apresenta uma colorida salamandra entre vibrantes flores e um fundo de mosaico que evoca o famoso trencad\u00eds do Park G\u00fcell. Com um acabamento em tons azuis, verdes e vermelhos sobre uma base branca, a capa oferece prote\u00e7\u00e3o e estilo, destacando a palavra &#8220;Barcelona&#8221; como aceno \u00e0 cidade. Perfeita para os amantes da arte e da cultura catal\u00e3.<\/p>\n","protected":false},"featured_media":12503,"template":"","meta":{"_acf_changed":false},"product_brand":[],"product_cat":[685],"product_tag":[516],"class_list":{"0":"post-27575","1":"product","2":"type-product","3":"status-publish","4":"has-post-thumbnail","6":"product_cat-capas-para-telemoveis","7":"product_tag-animais","8":"pa_ciudad-barcelona","9":"pa_motivo-salamandras","10":"pa_pais-espana","12":"first","13":"instock","14":"shipping-taxable","15":"product-type-simple"},"acf":[],"_links":{"self":[{"href":"https:\/\/olemosaic.com\/pt-pt\/wp-json\/wp\/v2\/product\/27575","targetHints":{"allow":["GET"]}}],"collection":[{"href":"https:\/\/olemosaic.com\/pt-pt\/wp-json\/wp\/v2\/product"}],"about":[{"href":"https:\/\/olemosaic.com\/pt-pt\/wp-json\/wp\/v2\/types\/product"}],"wp:featuredmedia":[{"embeddable":true,"href":"https:\/\/olemosaic.com\/pt-pt\/wp-json\/wp\/v2\/media\/12503"}],"wp:attachment":[{"href":"https:\/\/olemosaic.com\/pt-pt\/wp-json\/wp\/v2\/media?parent=27575"}],"wp:term":[{"taxonomy":"product_brand","embeddable":true,"href":"https:\/\/olemosaic.com\/pt-pt\/wp-json\/wp\/v2\/product_brand?post=27575"},{"taxonomy":"product_cat","embeddable":true,"href":"https:\/\/olemosaic.com\/pt-pt\/wp-json\/wp\/v2\/product_cat?post=27575"},{"taxonomy":"product_tag","embeddable":true,"href":"https:\/\/olemosaic.com\/pt-pt\/wp-json\/wp\/v2\/product_tag?post=27575"}],"curies":[{"name":"wp","href":"https:\/\/api.w.org\/{rel}","templated":true}]}}