{"id":27562,"date":"2025-02-20T22:29:01","date_gmt":"2025-02-20T22:29:01","guid":{"rendered":"http:\/\/olemosaic.com\/producto\/funda-de-telefono-para-iphone-15-tpu-salamandra-mallorca-blanco\/"},"modified":"2025-07-25T19:56:51","modified_gmt":"2025-07-25T17:56:51","slug":"capa-de-telemovel-para-iphone-15-tpu-salamandra-maiorca-branco","status":"publish","type":"product","link":"https:\/\/olemosaic.com\/pt-pt\/produto\/capa-de-telemovel-para-iphone-15-tpu-salamandra-maiorca-branco\/","title":{"rendered":"Capa de telem\u00f3vel para iPhone 15 (TPU). Salamandra. Maiorca. Branco"},"content":{"rendered":"<p>Esta capa para iPhone 15, fabricada em TPU, \u00e9 o acess\u00f3rio perfeito para quem deseja proteger o seu dispositivo sem renunciar ao estilo. Com uma vibrante ilustra\u00e7\u00e3o de salamandras sobre um fundo branco, a capa evoca a colorida cultura de Maiorca. O design inspira-se nos emblem\u00e1ticos mosaicos maiorquinos, com motivos florais em tons vermelhos e azuis vibrantes, e detalhes amarelos que conferem um toque alegre e distintivo. As salamandras, que simbolizam a liga\u00e7\u00e3o com a natureza e a vida, est\u00e3o dispostas artisticamente no design, criando uma sensa\u00e7\u00e3o de movimento e vitalidade que real\u00e7a a ess\u00eancia mediterr\u00e2nica.<\/p>\n<p>Esta capa n\u00e3o s\u00f3 oferece uma excelente prote\u00e7\u00e3o contra choques e riscos, como tamb\u00e9m se torna um souvenir representativo de Maiorca, perfeito para turistas que procuram levar consigo um peda\u00e7o da riqueza cultural da ilha. A sua autenticidade e estilo fazem-na destacar-se, tornando-a uma op\u00e7\u00e3o atraente para aqueles que desejam recordar a sua viagem. Na Ol\u00e9 Mosaic, especializamo-nos na distribui\u00e7\u00e3o de souvenirs por grosso, e esta capa de telem\u00f3vel \u00e9 um excelente exemplo dos nossos produtos, conferindo valor cultural e est\u00e9tico \u00e0s lojas de presentes tur\u00edsticos. Este acess\u00f3rio n\u00e3o \u00e9 apenas funcional, mas um aut\u00eantico reflexo da arte e da tradi\u00e7\u00e3o maiorquina.<\/p>\n","protected":false},"excerpt":{"rendered":"<p>Capa para iPhone 15, fabricada em TPU e decorada com uma vibrante ilustra\u00e7\u00e3o de salamandras sobre um fundo branco. O design, inspirado nos mosaicos de Maiorca, inclui motivos florais em tons vermelhos e azuis intensos, com detalhes amarelos. Al\u00e9m de proteger o seu dispositivo, esta capa evoca a colorida cultura maiorquina, tornando-se um acess\u00f3rio atraente e \u00fanico para o seu telem\u00f3vel.<\/p>\n","protected":false},"featured_media":12973,"template":"","meta":{"_acf_changed":false},"product_brand":[],"product_cat":[685],"product_tag":[516],"class_list":{"0":"post-27562","1":"product","2":"type-product","3":"status-publish","4":"has-post-thumbnail","6":"product_cat-capas-para-telemoveis","7":"product_tag-animais","8":"pa_ciudad-mallorca","9":"pa_motivo-salamandras","10":"pa_pais-espana","12":"first","13":"instock","14":"shipping-taxable","15":"product-type-simple"},"acf":[],"_links":{"self":[{"href":"https:\/\/olemosaic.com\/pt-pt\/wp-json\/wp\/v2\/product\/27562","targetHints":{"allow":["GET"]}}],"collection":[{"href":"https:\/\/olemosaic.com\/pt-pt\/wp-json\/wp\/v2\/product"}],"about":[{"href":"https:\/\/olemosaic.com\/pt-pt\/wp-json\/wp\/v2\/types\/product"}],"wp:featuredmedia":[{"embeddable":true,"href":"https:\/\/olemosaic.com\/pt-pt\/wp-json\/wp\/v2\/media\/12973"}],"wp:attachment":[{"href":"https:\/\/olemosaic.com\/pt-pt\/wp-json\/wp\/v2\/media?parent=27562"}],"wp:term":[{"taxonomy":"product_brand","embeddable":true,"href":"https:\/\/olemosaic.com\/pt-pt\/wp-json\/wp\/v2\/product_brand?post=27562"},{"taxonomy":"product_cat","embeddable":true,"href":"https:\/\/olemosaic.com\/pt-pt\/wp-json\/wp\/v2\/product_cat?post=27562"},{"taxonomy":"product_tag","embeddable":true,"href":"https:\/\/olemosaic.com\/pt-pt\/wp-json\/wp\/v2\/product_tag?post=27562"}],"curies":[{"name":"wp","href":"https:\/\/api.w.org\/{rel}","templated":true}]}}