{"id":27512,"date":"2025-02-20T22:29:00","date_gmt":"2025-02-20T22:29:00","guid":{"rendered":"http:\/\/olemosaic.com\/producto\/funda-de-telefono-para-iphone-15-pro-tpu-panoramica-barcelona-azul\/"},"modified":"2025-07-25T20:23:00","modified_gmt":"2025-07-25T18:23:00","slug":"capa-de-telemovel-para-iphone-15-pro-tpu-panoramica-barcelona-azul","status":"publish","type":"product","link":"https:\/\/olemosaic.com\/pt-pt\/produto\/capa-de-telemovel-para-iphone-15-pro-tpu-panoramica-barcelona-azul\/","title":{"rendered":"Capa de telem\u00f3vel para iPhone 15 Pro (TPU). Panor\u00e2mica. Barcelona. Azul"},"content":{"rendered":"<p>Esta capa para iPhone 15 Pro \u00e9 uma homenagem elegante \u00e0 vibrante Barcelona, ideal para quem deseja levar consigo um peda\u00e7o do seu esp\u00edrito. Fabricada em TPU, um material flex\u00edvel e resistente, esta capa n\u00e3o s\u00f3 protege o seu dispositivo de quedas e riscos, como tamb\u00e9m se destaca pela sua cativante panor\u00e2mica em tons azuis. O design inclui elementos ic\u00f3nicos da cidade, como a emblem\u00e1tica Sagrada Fam\u00edlia, com as suas torres a erguerem-se majestosamente, juntamente com outros monumentos representativos que adornam o horizonte barcelon\u00eas.<\/p>\n<p>Cada detalhe art\u00edstico foi cuidadosamente elaborado, com toques coloridos que real\u00e7am a energia e a diversidade cultural de Barcelona. O fundo azul estilizado representa o c\u00e9u mediterr\u00e2nico, criando um contraste perfeito com as ilustra\u00e7\u00f5es vibrantes da cidade. Esta recorda\u00e7\u00e3o n\u00e3o \u00e9 apenas funcional, mas tamb\u00e9m atua como um lembrete expressivo das maravilhas catal\u00e3s, sendo uma excelente op\u00e7\u00e3o para turistas que procuram uma recorda\u00e7\u00e3o aut\u00eantica e significativa.<\/p>\n<p>Na Ol\u00e9 Mosaic, oferecemos uma sele\u00e7\u00e3o de recorda\u00e7\u00f5es \u00fanicas e relevantes, e esta capa \u00e9 uma op\u00e7\u00e3o ideal para lojas de brindes tur\u00edsticos que desejem oferecer produtos de qualidade que celebrem a riqueza cultural de Barcelona. Como distribuidores de artigos representativos, garantimos que cada pe\u00e7a, como esta capa, encapsula a autenticidade e o car\u00e1ter da cidade.<\/p>\n","protected":false},"excerpt":{"rendered":"<p>Capa para iPhone 15 Pro fabricada em TPU, com uma panor\u00e2mica vibrante de Barcelona em tons azuis. O seu design inclui elementos ic\u00f3nicos da cidade, como a Sagrada Fam\u00edlia e outros monumentos, sob um c\u00e9u azul estilizado e com detalhes art\u00edsticos coloridos. Esta capa n\u00e3o s\u00f3 protege o seu dispositivo, como tamb\u00e9m oferece uma representa\u00e7\u00e3o visual do esp\u00edrito e da cultura barcelonesa, tornando o seu telem\u00f3vel verdadeiramente \u00fanico e expressivo.<\/p>\n","protected":false},"featured_media":12452,"template":"","meta":{"_acf_changed":false},"product_brand":[],"product_cat":[685],"product_tag":[],"class_list":{"0":"post-27512","1":"product","2":"type-product","3":"status-publish","4":"has-post-thumbnail","6":"product_cat-capas-para-telemoveis","7":"pa_ciudad-barcelona","8":"pa_motivo-panoramas","9":"pa_pais-espana","11":"first","12":"instock","13":"shipping-taxable","14":"product-type-simple"},"acf":[],"_links":{"self":[{"href":"https:\/\/olemosaic.com\/pt-pt\/wp-json\/wp\/v2\/product\/27512","targetHints":{"allow":["GET"]}}],"collection":[{"href":"https:\/\/olemosaic.com\/pt-pt\/wp-json\/wp\/v2\/product"}],"about":[{"href":"https:\/\/olemosaic.com\/pt-pt\/wp-json\/wp\/v2\/types\/product"}],"wp:featuredmedia":[{"embeddable":true,"href":"https:\/\/olemosaic.com\/pt-pt\/wp-json\/wp\/v2\/media\/12452"}],"wp:attachment":[{"href":"https:\/\/olemosaic.com\/pt-pt\/wp-json\/wp\/v2\/media?parent=27512"}],"wp:term":[{"taxonomy":"product_brand","embeddable":true,"href":"https:\/\/olemosaic.com\/pt-pt\/wp-json\/wp\/v2\/product_brand?post=27512"},{"taxonomy":"product_cat","embeddable":true,"href":"https:\/\/olemosaic.com\/pt-pt\/wp-json\/wp\/v2\/product_cat?post=27512"},{"taxonomy":"product_tag","embeddable":true,"href":"https:\/\/olemosaic.com\/pt-pt\/wp-json\/wp\/v2\/product_tag?post=27512"}],"curies":[{"name":"wp","href":"https:\/\/api.w.org\/{rel}","templated":true}]}}