{"id":27511,"date":"2025-02-20T22:29:00","date_gmt":"2025-02-20T22:29:00","guid":{"rendered":"http:\/\/olemosaic.com\/producto\/funda-de-telefono-para-iphone-15-pro-tpu-salamandra-mallorca-blanco\/"},"modified":"2025-07-25T20:02:56","modified_gmt":"2025-07-25T18:02:56","slug":"capa-de-telemovel-para-iphone-15-pro-tpu-salamandra-maiorca-branco","status":"publish","type":"product","link":"https:\/\/olemosaic.com\/pt-pt\/produto\/capa-de-telemovel-para-iphone-15-pro-tpu-salamandra-maiorca-branco\/","title":{"rendered":"Capa de telem\u00f3vel para iPhone 15 Pro (TPU). Salamandra. Maiorca. Branco"},"content":{"rendered":"<p>Esta capa para iPhone 15 Pro \u00e9 um acess\u00f3rio impressionante que capta a ess\u00eancia vibrante de Maiorca. Fabricada em TPU de alta qualidade, garante a prote\u00e7\u00e3o ideal do seu dispositivo enquanto exibe um design art\u00edstico que n\u00e3o passar\u00e1 despercebido. Sobre a sua superf\u00edcie branca, um mosaico intrincado evoca os estilos fascinantes t\u00edpicos da ilha, conferindo um toque de autenticidade multicultural. As salamandras, s\u00edmbolos fundamentais da fauna de Maiorca, est\u00e3o cuidadosamente ilustradas num conjunto de cores brilhantes que adicionam energia e alegria \u00e0 capa. Cada salamandra entrela\u00e7a-se com elementos florais em tons vivos, criando um conjunto visualmente atraente que destaca a riqueza natural de Maiorca. Al\u00e9m disso, a palavra &#8220;Mallorca&#8221; apresenta-se num estilo moderno e colorido, integrando-se perfeitamente no design e tornando esta capa numa express\u00e3o de funcionalidade e arte.<\/p>\n<p>Esta recorda\u00e7\u00e3o n\u00e3o \u00e9 apenas um artigo pr\u00e1tico de uso di\u00e1rio, mas tamb\u00e9m representa um peda\u00e7o da identidade cultural de Maiorca, ideal para quem procura levar consigo uma lembran\u00e7a aut\u00eantica da sua visita a esta ilha m\u00e1gica. Na Ol\u00e9 Mosaic, distribu\u00edmos recorda\u00e7\u00f5es de alta qualidade, e esta capa \u00e9 uma excelente op\u00e7\u00e3o para lojas de brindes tur\u00edsticos que desejem oferecer artigos memor\u00e1veis e significativos. Com a nossa variedade de produtos, garantimos autenticidade e relev\u00e2ncia cultural em cada pe\u00e7a, fazendo desta capa uma escolha ideal para quem procura algo especial de Maiorca.<\/p>\n","protected":false},"excerpt":{"rendered":"<p>Capa para iPhone 15 Pro fabricada em TPU, com um design vibrante de salamandras que representam a fauna de Maiorca. O fundo branco combina-se com um mosaico intrincado que evoca o estilo t\u00edpico da ilha, enquanto elementos florais de cores brilhantes adicionam um toque alegre. A palavra &#8220;Mallorca&#8221; est\u00e1 impressa com um estilo moderno e colorido, tornando esta capa um acess\u00f3rio funcional e art\u00edstico ao mesmo tempo.<\/p>\n","protected":false},"featured_media":12979,"template":"","meta":{"_acf_changed":false},"product_brand":[],"product_cat":[685],"product_tag":[516],"class_list":{"0":"post-27511","1":"product","2":"type-product","3":"status-publish","4":"has-post-thumbnail","6":"product_cat-capas-para-telemoveis","7":"product_tag-animais","8":"pa_ciudad-mallorca","9":"pa_motivo-salamandras","10":"pa_pais-espana","12":"first","13":"instock","14":"shipping-taxable","15":"product-type-simple"},"acf":[],"_links":{"self":[{"href":"https:\/\/olemosaic.com\/pt-pt\/wp-json\/wp\/v2\/product\/27511","targetHints":{"allow":["GET"]}}],"collection":[{"href":"https:\/\/olemosaic.com\/pt-pt\/wp-json\/wp\/v2\/product"}],"about":[{"href":"https:\/\/olemosaic.com\/pt-pt\/wp-json\/wp\/v2\/types\/product"}],"wp:featuredmedia":[{"embeddable":true,"href":"https:\/\/olemosaic.com\/pt-pt\/wp-json\/wp\/v2\/media\/12979"}],"wp:attachment":[{"href":"https:\/\/olemosaic.com\/pt-pt\/wp-json\/wp\/v2\/media?parent=27511"}],"wp:term":[{"taxonomy":"product_brand","embeddable":true,"href":"https:\/\/olemosaic.com\/pt-pt\/wp-json\/wp\/v2\/product_brand?post=27511"},{"taxonomy":"product_cat","embeddable":true,"href":"https:\/\/olemosaic.com\/pt-pt\/wp-json\/wp\/v2\/product_cat?post=27511"},{"taxonomy":"product_tag","embeddable":true,"href":"https:\/\/olemosaic.com\/pt-pt\/wp-json\/wp\/v2\/product_tag?post=27511"}],"curies":[{"name":"wp","href":"https:\/\/api.w.org\/{rel}","templated":true}]}}