{"id":27509,"date":"2025-02-20T22:28:59","date_gmt":"2025-02-20T22:28:59","guid":{"rendered":"http:\/\/olemosaic.com\/producto\/funda-de-telefono-para-iphone-15-pro-tpu-abstracto-azul\/"},"modified":"2025-07-18T14:50:56","modified_gmt":"2025-07-18T12:50:56","slug":"capa-para-telemovel-para-iphone-15-pro-tpu-abstrato-azul","status":"publish","type":"product","link":"https:\/\/olemosaic.com\/pt-pt\/produto\/capa-para-telemovel-para-iphone-15-pro-tpu-abstrato-azul\/","title":{"rendered":"Capa para telem\u00f3vel para iPhone 15 Pro (TPU). Abstrato. Azul"},"content":{"rendered":"<p>Esta capa para iPhone 15 Pro \u00e9 o acess\u00f3rio ideal para quem procura uma combina\u00e7\u00e3o de estilo e prote\u00e7\u00e3o. Fabricada em TPU, oferece uma durabilidade e flexibilidade excecionais, protegendo o seu dispositivo de choques e riscos. O seu design abstrato em tons azuis, com um degrad\u00ea vibrante que vai do amarelo ao verde e ao vermelho, foi meticulosamente concebido para acrescentar um toque moderno e distintivo ao seu telem\u00f3vel. O padr\u00e3o de diamantes que adorna a parte traseira da capa n\u00e3o s\u00f3 real\u00e7a a sua est\u00e9tica, como tamb\u00e9m proporciona uma ader\u00eancia adicional, reduzindo o risco de quedas acidentais.<\/p>\n<p>Este artigo n\u00e3o \u00e9 apenas um excelente acess\u00f3rio para o iPhone 15 Pro, mas tamb\u00e9m atua como um souvenir contempor\u00e2neo, refletindo as \u00faltimas tend\u00eancias em design. Na Ol\u00e9 Mosaic, especializamo-nos na distribui\u00e7\u00e3o de produtos aut\u00eanticos e de qualidade, e esta capa \u00e9 um exemplo claro disso. Perfeita para turistas e compradores que procuram uma recorda\u00e7\u00e3o \u00fatil e estilizada da sua experi\u00eancia em Espanha, esta capa \u00e9 uma excelente op\u00e7\u00e3o para lojas de presentes tur\u00edsticos que desejem oferecer algo mais do que um simples objeto. Como distribuidores de acess\u00f3rios por grosso, garantimos que cada pe\u00e7a cumpre os mais elevados padr\u00f5es de design e funcionalidade.<\/p>\n","protected":false},"excerpt":{"rendered":"<p>Capa para iPhone 15 Pro fabricada em TPU, com um design abstrato em tons azuis e um degrad\u00ea de cores vibrantes. Este acess\u00f3rio flex\u00edvel e resistente apresenta um padr\u00e3o de diamantes que lhe confere um toque moderno e distintivo. Ideal para quem procura prote\u00e7\u00e3o e estilo, a capa combina funcionalidade e est\u00e9tica contempor\u00e2nea, garantindo um ajuste perfeito para o seu telem\u00f3vel. Perfeita para real\u00e7ar a sua personalidade \u00fanica.<\/p>\n","protected":false},"featured_media":12458,"template":"","meta":{"_acf_changed":false},"product_brand":[],"product_cat":[685],"product_tag":[],"class_list":{"0":"post-27509","1":"product","2":"type-product","3":"status-publish","4":"has-post-thumbnail","6":"product_cat-capas-para-telemoveis","7":"pa_motivo-resumo","9":"first","10":"instock","11":"shipping-taxable","12":"product-type-simple"},"acf":[],"_links":{"self":[{"href":"https:\/\/olemosaic.com\/pt-pt\/wp-json\/wp\/v2\/product\/27509","targetHints":{"allow":["GET"]}}],"collection":[{"href":"https:\/\/olemosaic.com\/pt-pt\/wp-json\/wp\/v2\/product"}],"about":[{"href":"https:\/\/olemosaic.com\/pt-pt\/wp-json\/wp\/v2\/types\/product"}],"wp:featuredmedia":[{"embeddable":true,"href":"https:\/\/olemosaic.com\/pt-pt\/wp-json\/wp\/v2\/media\/12458"}],"wp:attachment":[{"href":"https:\/\/olemosaic.com\/pt-pt\/wp-json\/wp\/v2\/media?parent=27509"}],"wp:term":[{"taxonomy":"product_brand","embeddable":true,"href":"https:\/\/olemosaic.com\/pt-pt\/wp-json\/wp\/v2\/product_brand?post=27509"},{"taxonomy":"product_cat","embeddable":true,"href":"https:\/\/olemosaic.com\/pt-pt\/wp-json\/wp\/v2\/product_cat?post=27509"},{"taxonomy":"product_tag","embeddable":true,"href":"https:\/\/olemosaic.com\/pt-pt\/wp-json\/wp\/v2\/product_tag?post=27509"}],"curies":[{"name":"wp","href":"https:\/\/api.w.org\/{rel}","templated":true}]}}