{"id":27507,"date":"2025-02-20T22:28:59","date_gmt":"2025-02-20T22:28:59","guid":{"rendered":"http:\/\/olemosaic.com\/producto\/funda-de-telefono-para-iphone-15-tpu-salamandra-barcelona-blanco\/"},"modified":"2025-07-25T20:06:20","modified_gmt":"2025-07-25T18:06:20","slug":"capa-para-telemovel-para-iphone-15-tpu-salamandra-barcelona-branco","status":"publish","type":"product","link":"https:\/\/olemosaic.com\/pt-pt\/produto\/capa-para-telemovel-para-iphone-15-tpu-salamandra-barcelona-branco\/","title":{"rendered":"Capa para telem\u00f3vel para iPhone 15 (TPU). Salamandra. Barcelona. Branco"},"content":{"rendered":"<p>Esta capa para iPhone 15 \u00e9 excecional, pois combina prote\u00e7\u00e3o e arte, oferecendo uma representa\u00e7\u00e3o vibrante da cultura catal\u00e3. Elaborada com material TPU de alta qualidade, assegura a integridade do seu dispositivo enquanto o adorna com um design espetacular de salamandras e flores, inspirado na ic\u00f3nica obra de Gaud\u00ed em Barcelona. A base branca da capa real\u00e7a os motivos coloridos em tons de azul, verde, vermelho e amarelo, que evocam a criatividade e o esp\u00edrito modernista da cidade. Cada salamandra, desenhada com um estilo alegre e festivo, \u00e9 acompanhada por flores que completam este mosaico de arte urbana.<\/p>\n<p>A inscri\u00e7\u00e3o &#8220;Barcelona&#8221; em letras apelativas acrescenta um toque pessoal e distintivo, tornando-a uma recorda\u00e7\u00e3o ideal para quem deseja levar consigo uma parte da vibrante cultura barcelonesa. Al\u00e9m disso, esta capa n\u00e3o \u00e9 apenas um acess\u00f3rio est\u00e9tico, mas tamb\u00e9m simboliza o legado art\u00edstico de uma cidade que combina hist\u00f3ria, modernidade e um profundo amor pela arte.<\/p>\n<p>Como parte da oferta da Ol\u00e9 Mosaic, esta capa \u00e9 uma excelente escolha para lojas de presentes tur\u00edsticos que procuram souvenirs aut\u00eanticos e de qualidade que reflitam a ess\u00eancia cultural de Barcelona. Com a sua beleza e funcionalidade, posiciona-se como um favorito entre os turistas que procuram um peda\u00e7o da magia desta cidade fascinante.<\/p>\n","protected":false},"excerpt":{"rendered":"<p>Capa para iPhone 15 fabricada em TPU, com um design vibrante de salamandras e flores inspirado na obra de Gaud\u00ed em Barcelona. O fundo branco real\u00e7a os motivos coloridos em tons de azul, verde, vermelho e amarelo, conferindo um toque art\u00edstico e moderno. Com a inscri\u00e7\u00e3o &#8220;Barcelona&#8221; em letras apelativas, esta capa protege o seu dispositivo ao mesmo tempo que celebra o legado cultural da cidade.<\/p>\n","protected":false},"featured_media":12423,"template":"","meta":{"_acf_changed":false},"product_brand":[],"product_cat":[685],"product_tag":[516],"class_list":{"0":"post-27507","1":"product","2":"type-product","3":"status-publish","4":"has-post-thumbnail","6":"product_cat-capas-para-telemoveis","7":"product_tag-animais","8":"pa_ciudad-barcelona","9":"pa_motivo-salamandras","10":"pa_pais-espana","12":"first","13":"instock","14":"shipping-taxable","15":"product-type-simple"},"acf":[],"_links":{"self":[{"href":"https:\/\/olemosaic.com\/pt-pt\/wp-json\/wp\/v2\/product\/27507","targetHints":{"allow":["GET"]}}],"collection":[{"href":"https:\/\/olemosaic.com\/pt-pt\/wp-json\/wp\/v2\/product"}],"about":[{"href":"https:\/\/olemosaic.com\/pt-pt\/wp-json\/wp\/v2\/types\/product"}],"wp:featuredmedia":[{"embeddable":true,"href":"https:\/\/olemosaic.com\/pt-pt\/wp-json\/wp\/v2\/media\/12423"}],"wp:attachment":[{"href":"https:\/\/olemosaic.com\/pt-pt\/wp-json\/wp\/v2\/media?parent=27507"}],"wp:term":[{"taxonomy":"product_brand","embeddable":true,"href":"https:\/\/olemosaic.com\/pt-pt\/wp-json\/wp\/v2\/product_brand?post=27507"},{"taxonomy":"product_cat","embeddable":true,"href":"https:\/\/olemosaic.com\/pt-pt\/wp-json\/wp\/v2\/product_cat?post=27507"},{"taxonomy":"product_tag","embeddable":true,"href":"https:\/\/olemosaic.com\/pt-pt\/wp-json\/wp\/v2\/product_tag?post=27507"}],"curies":[{"name":"wp","href":"https:\/\/api.w.org\/{rel}","templated":true}]}}