{"id":27506,"date":"2025-02-20T22:28:59","date_gmt":"2025-02-20T22:28:59","guid":{"rendered":"http:\/\/olemosaic.com\/producto\/funda-de-telefono-para-iphone-15-tpu-sagrada-familia-barcelona-azul\/"},"modified":"2025-07-25T19:24:47","modified_gmt":"2025-07-25T17:24:47","slug":"capa-para-telemovel-para-iphone-15-tpu-sagrada-familia-barcelona-azul","status":"publish","type":"product","link":"https:\/\/olemosaic.com\/pt-pt\/produto\/capa-para-telemovel-para-iphone-15-tpu-sagrada-familia-barcelona-azul\/","title":{"rendered":"Capa para telem\u00f3vel para iPhone 15 (TPU). Sagrada Fam\u00edlia. Barcelona. Azul"},"content":{"rendered":"<p>Esta capa para iPhone 15 \u00e9 uma obra de arte que presta homenagem \u00e0 Sagrada Fam\u00edlia de Barcelona, um dos monumentos mais emblem\u00e1ticos e reconhec\u00edveis do mundo. Fabricada em TPU, esta capa n\u00e3o s\u00f3 oferece uma prote\u00e7\u00e3o excecional, como tamb\u00e9m apresenta um design vibrante que capta a majestade da obra-prima de Antoni Gaud\u00ed. A ilustra\u00e7\u00e3o destaca-se pelo seu fundo azul brilhante, que contrasta na perfei\u00e7\u00e3o com os tons quentes da bas\u00edlica, real\u00e7ando as suas ic\u00f3nicas torres e elementos arquitet\u00f3nicos distintivos. Detalhes como os pin\u00e1culos ornamentados e o famoso mosaico que adorna a fachada tornam cada olhar para a capa fascinante.<\/p>\n<p>A palavra &#8220;Barcelona&#8221; aparece elegantemente escrita, acrescentando um toque distintivo que liga os utilizadores \u00e0 rica cultura e hist\u00f3ria da cidade. Este souvenir, mais do que uma simples capa, torna-se uma recorda\u00e7\u00e3o tang\u00edvel da beleza arquitet\u00f3nica da capital catal\u00e3, ideal para quem procura proteger o seu dispositivo enquanto leva consigo um peda\u00e7o de arte e cultura. Na Ol\u00e9 Mosaic, compreendemos a import\u00e2ncia de souvenirs aut\u00eanticos e significativos; esta capa \u00e9 perfeita para lojas de presentes tur\u00edsticos que pretendem oferecer produtos de qualidade que realcem o legado cultural de Barcelona. Como grossistas de acess\u00f3rios, garantimos a autenticidade e o design apelativo de cada pe\u00e7a, ajudando os turistas a levar para casa uma recorda\u00e7\u00e3o inesquec\u00edvel.<\/p>\n","protected":false},"excerpt":{"rendered":"<p>Capa para iPhone 15 fabricada em TPU, decorada com uma representa\u00e7\u00e3o vibrante da Sagrada Fam\u00edlia de Barcelona. O design colorido capta os ic\u00f3nicos detalhes arquitet\u00f3nicos de Gaud\u00ed, destacando a majestade das suas torres e elementos distintivos. O fundo azul brilhante contrasta com os tons quentes da bas\u00edlica, enquanto a palavra &#8220;Barcelona&#8221; \u00e9 apresentada com uma tipografia elegante. Ideal para quem deseja proteger o seu dispositivo com um toque de arte catal\u00e3.<\/p>\n","protected":false},"featured_media":12433,"template":"","meta":{"_acf_changed":false},"product_brand":[],"product_cat":[685],"product_tag":[],"class_list":{"0":"post-27506","1":"product","2":"type-product","3":"status-publish","4":"has-post-thumbnail","6":"product_cat-capas-para-telemoveis","7":"pa_ciudad-barcelona","8":"pa_motivo-sagrada-familia","9":"pa_pais-espana","11":"first","12":"instock","13":"shipping-taxable","14":"product-type-simple"},"acf":[],"_links":{"self":[{"href":"https:\/\/olemosaic.com\/pt-pt\/wp-json\/wp\/v2\/product\/27506","targetHints":{"allow":["GET"]}}],"collection":[{"href":"https:\/\/olemosaic.com\/pt-pt\/wp-json\/wp\/v2\/product"}],"about":[{"href":"https:\/\/olemosaic.com\/pt-pt\/wp-json\/wp\/v2\/types\/product"}],"wp:featuredmedia":[{"embeddable":true,"href":"https:\/\/olemosaic.com\/pt-pt\/wp-json\/wp\/v2\/media\/12433"}],"wp:attachment":[{"href":"https:\/\/olemosaic.com\/pt-pt\/wp-json\/wp\/v2\/media?parent=27506"}],"wp:term":[{"taxonomy":"product_brand","embeddable":true,"href":"https:\/\/olemosaic.com\/pt-pt\/wp-json\/wp\/v2\/product_brand?post=27506"},{"taxonomy":"product_cat","embeddable":true,"href":"https:\/\/olemosaic.com\/pt-pt\/wp-json\/wp\/v2\/product_cat?post=27506"},{"taxonomy":"product_tag","embeddable":true,"href":"https:\/\/olemosaic.com\/pt-pt\/wp-json\/wp\/v2\/product_tag?post=27506"}],"curies":[{"name":"wp","href":"https:\/\/api.w.org\/{rel}","templated":true}]}}