{"id":27494,"date":"2025-02-20T22:28:59","date_gmt":"2025-02-20T22:28:59","guid":{"rendered":"http:\/\/olemosaic.com\/producto\/funda-de-telefono-para-iphone-15-tpu-abstracto-azul\/"},"modified":"2025-07-25T20:39:25","modified_gmt":"2025-07-25T18:39:25","slug":"capa-de-telemovel-para-iphone-15-tpu-abstrato-azul","status":"publish","type":"product","link":"https:\/\/olemosaic.com\/pt-pt\/produto\/capa-de-telemovel-para-iphone-15-tpu-abstrato-azul\/","title":{"rendered":"Capa de telem\u00f3vel para iPhone 15 (TPU). Abstrato. Azul"},"content":{"rendered":"<p>Esta capa para iPhone 15 \u00e9 uma express\u00e3o vibrante da arte contempor\u00e2nea maiorquina, elaborada em TPU de alta qualidade para oferecer uma prote\u00e7\u00e3o elegante e duradoura. O seu design abstrato resplandece numa paleta de tons azuis e multicoloridos, que evocam as ondas do Mediterr\u00e2neo e o calor do clima de Maiorca. Os remoinhos din\u00e2micos e as formas fluidas da sua superf\u00edcie criam uma obra visual \u00fanica que capta a aten\u00e7\u00e3o e acrescenta um toque de sofistica\u00e7\u00e3o e personalidade ao seu dispositivo.<\/p>\n<p>A palavra &#8220;Mallorca&#8221; destaca-se numa elegante tipografia branca, um detalhe que enfatiza a liga\u00e7\u00e3o com esta emblem\u00e1tica ilha bale\u00e1rica, famosa pela sua beleza natural e pela sua rica cultura art\u00edstica. Esta recorda\u00e7\u00e3o n\u00e3o \u00e9 apenas um acess\u00f3rio, mas tamb\u00e9m um souvenir significativo que representa a ess\u00eancia de Maiorca, tornando-o uma excelente op\u00e7\u00e3o para turistas que procuram levar consigo um peda\u00e7o desta maravilhosa regi\u00e3o.<\/p>\n<p>Como distribuidor grossista de souvenirs, a Ol\u00e9 Mosaic oferece esta capa como parte da sua cole\u00e7\u00e3o selecionada, ideal para lojas de presentes tur\u00edsticos que desejam oferecer produtos aut\u00eanticos e de qualidade. Uma escolha perfeita para quem procura um souvenir que combine funcionalidade com um design atraente e relev\u00e2ncia cultural.<\/p>\n","protected":false},"excerpt":{"rendered":"<p>Capa para iPhone 15 fabricada em TPU, com um design abstrato em tons azuis e multicoloridos que evoca o vibrante estilo art\u00edstico de Maiorca. A superf\u00edcie apresenta remoinhos din\u00e2micos e formas fluidas, criando uma obra visual \u00fanica e moderna. Com a palavra &#8220;Mallorca&#8221; destacada numa elegante tipografia branca, esta capa n\u00e3o s\u00f3 protege o seu dispositivo, como tamb\u00e9m acrescenta um toque de cor e personalidade inspirado na cultura mediterr\u00e2nea.<\/p>\n","protected":false},"featured_media":12977,"template":"","meta":{"_acf_changed":false},"product_brand":[],"product_cat":[685],"product_tag":[],"class_list":{"0":"post-27494","1":"product","2":"type-product","3":"status-publish","4":"has-post-thumbnail","6":"product_cat-capas-para-telemoveis","7":"pa_ciudad-mallorca","8":"pa_motivo-resumo","9":"pa_pais-espana","11":"first","12":"instock","13":"shipping-taxable","14":"product-type-simple"},"acf":[],"_links":{"self":[{"href":"https:\/\/olemosaic.com\/pt-pt\/wp-json\/wp\/v2\/product\/27494","targetHints":{"allow":["GET"]}}],"collection":[{"href":"https:\/\/olemosaic.com\/pt-pt\/wp-json\/wp\/v2\/product"}],"about":[{"href":"https:\/\/olemosaic.com\/pt-pt\/wp-json\/wp\/v2\/types\/product"}],"wp:featuredmedia":[{"embeddable":true,"href":"https:\/\/olemosaic.com\/pt-pt\/wp-json\/wp\/v2\/media\/12977"}],"wp:attachment":[{"href":"https:\/\/olemosaic.com\/pt-pt\/wp-json\/wp\/v2\/media?parent=27494"}],"wp:term":[{"taxonomy":"product_brand","embeddable":true,"href":"https:\/\/olemosaic.com\/pt-pt\/wp-json\/wp\/v2\/product_brand?post=27494"},{"taxonomy":"product_cat","embeddable":true,"href":"https:\/\/olemosaic.com\/pt-pt\/wp-json\/wp\/v2\/product_cat?post=27494"},{"taxonomy":"product_tag","embeddable":true,"href":"https:\/\/olemosaic.com\/pt-pt\/wp-json\/wp\/v2\/product_tag?post=27494"}],"curies":[{"name":"wp","href":"https:\/\/api.w.org\/{rel}","templated":true}]}}