{"id":27492,"date":"2025-02-20T22:28:58","date_gmt":"2025-02-20T22:28:58","guid":{"rendered":"http:\/\/olemosaic.com\/producto\/funda-de-telefono-para-iphone-15-tpu-punt-de-trobada-barcelona-blanco\/"},"modified":"2025-07-25T19:04:42","modified_gmt":"2025-07-25T17:04:42","slug":"capa-de-telemovel-para-iphone-15-tpu-punt-de-trobada-barcelona-branco","status":"publish","type":"product","link":"https:\/\/olemosaic.com\/pt-pt\/produto\/capa-de-telemovel-para-iphone-15-tpu-punt-de-trobada-barcelona-branco\/","title":{"rendered":"Capa de telem\u00f3vel para iPhone 15 (TPU). Punt de trobada. Barcelona. Branco"},"content":{"rendered":"<p>Esta capa para iPhone 15 \u00e9 um acess\u00f3rio imprescind\u00edvel para quem deseja fundir arte e funcionalidade no seu dia a dia. Elaborada em TPU de alta qualidade, apresenta um design vibrante inspirado na obra &#8220;Punt de trobada&#8221; de Joan Mir\u00f3, um reconhecido artista catal\u00e3o que deixou uma marca indel\u00e9vel na cultura barcelonesa. A capa destaca-se pela sua composi\u00e7\u00e3o visual, com um mosaico colorido sobre um fundo branco que capta a aten\u00e7\u00e3o instantaneamente.<\/p>\n<p>Os elementos abstratos e as formas geom\u00e9tricas em vermelho, verde, amarelo, azul e preto prestam homenagem \u00e0 vitalidade de Barcelona, tornando-a um souvenir aut\u00eantico e representativo da cidade. A parte inferior da capa \u00e9 adornada com a palavra &#8220;Barcelona&#8221;, refor\u00e7ando a sua liga\u00e7\u00e3o cultural e o orgulho local. Este artigo n\u00e3o s\u00f3 protege o seu dispositivo, como tamb\u00e9m celebra a criatividade e singularidade que caracterizam a obra de Mir\u00f3.<\/p>\n<p>Na Ol\u00e9 Mosaic, compreendemos a import\u00e2ncia de oferecer produtos que reflitam a identidade cultural, e esta capa para iPhone 15 \u00e9 uma excelente op\u00e7\u00e3o para turistas que procuram souvenirs de qualidade. Como distribuidores de acess\u00f3rios por grosso, garantimos que cada pe\u00e7a oferecer\u00e1 aos seus clientes uma liga\u00e7\u00e3o aut\u00eantica com a ess\u00eancia de Barcelona.<\/p>\n","protected":false},"excerpt":{"rendered":"<p>Capa para iPhone 15 fabricada em TPU, com um design vibrante inspirado na obra &#8220;Punt de trobada&#8221; de Joan Mir\u00f3, que representa um mosaico colorido sobre fundo branco. Este acess\u00f3rio destaca-se pela sua composi\u00e7\u00e3o art\u00edstica, com formas geom\u00e9tricas e elementos abstratos em vermelho, verde, amarelo, azul e preto, capturando a ess\u00eancia de Barcelona. Ideal para quem procura uma fus\u00e3o de arte e funcionalidade no seu dia a dia.<\/p>\n","protected":false},"featured_media":12426,"template":"","meta":{"_acf_changed":false},"product_brand":[],"product_cat":[685],"product_tag":[],"class_list":{"0":"post-27492","1":"product","2":"type-product","3":"status-publish","4":"has-post-thumbnail","6":"product_cat-capas-para-telemoveis","7":"pa_ciudad-barcelona","8":"pa_motivo-punt-de-trobada","9":"pa_pais-espana","11":"first","12":"instock","13":"shipping-taxable","14":"product-type-simple"},"acf":[],"_links":{"self":[{"href":"https:\/\/olemosaic.com\/pt-pt\/wp-json\/wp\/v2\/product\/27492","targetHints":{"allow":["GET"]}}],"collection":[{"href":"https:\/\/olemosaic.com\/pt-pt\/wp-json\/wp\/v2\/product"}],"about":[{"href":"https:\/\/olemosaic.com\/pt-pt\/wp-json\/wp\/v2\/types\/product"}],"wp:featuredmedia":[{"embeddable":true,"href":"https:\/\/olemosaic.com\/pt-pt\/wp-json\/wp\/v2\/media\/12426"}],"wp:attachment":[{"href":"https:\/\/olemosaic.com\/pt-pt\/wp-json\/wp\/v2\/media?parent=27492"}],"wp:term":[{"taxonomy":"product_brand","embeddable":true,"href":"https:\/\/olemosaic.com\/pt-pt\/wp-json\/wp\/v2\/product_brand?post=27492"},{"taxonomy":"product_cat","embeddable":true,"href":"https:\/\/olemosaic.com\/pt-pt\/wp-json\/wp\/v2\/product_cat?post=27492"},{"taxonomy":"product_tag","embeddable":true,"href":"https:\/\/olemosaic.com\/pt-pt\/wp-json\/wp\/v2\/product_tag?post=27492"}],"curies":[{"name":"wp","href":"https:\/\/api.w.org\/{rel}","templated":true}]}}