{"id":27491,"date":"2025-02-20T22:28:58","date_gmt":"2025-02-20T22:28:58","guid":{"rendered":"http:\/\/olemosaic.com\/producto\/funda-de-telefono-para-iphone-15-tpu-panoramica-barcelona-azul\/"},"modified":"2025-07-25T19:52:19","modified_gmt":"2025-07-25T17:52:19","slug":"capa-de-telemovel-para-iphone-15-tpu-panoramica-barcelona-azul","status":"publish","type":"product","link":"https:\/\/olemosaic.com\/pt-pt\/produto\/capa-de-telemovel-para-iphone-15-tpu-panoramica-barcelona-azul\/","title":{"rendered":"Capa de telem\u00f3vel para iPhone 15 (TPU). Panor\u00e2mica. Barcelona. Azul"},"content":{"rendered":"<p>Esta capa para iPhone 15 \u00e9 a representa\u00e7\u00e3o perfeita da vibrante cidade de Barcelona, concebida em TPU para oferecer uma prote\u00e7\u00e3o robusta e elegante ao seu dispositivo. O design panor\u00e2mico destaca a emblem\u00e1tica Sagrada Fam\u00edlia, s\u00edmbolo arquitet\u00f3nico da cidade, em tons alaranjados quentes que contrastam com um fundo azul que evoca o c\u00e9u mediterr\u00e2nico. Al\u00e9m disso, elementos costeiros como palmeiras e um sol radiante acrescentam um toque de frescura e alegria \u00e0 est\u00e9tica geral, transportando o utilizador para as praias ensolaradas da cidade.<\/p>\n<p>A palavra &#8220;Barcelona&#8221; aparece em letras multicoloridas na parte inferior, oferecendo uma impress\u00e3o din\u00e2mica e festiva que capta a ess\u00eancia multicultural da cidade. Este souvenir n\u00e3o \u00e9 apenas um acess\u00f3rio funcional, mas tamb\u00e9m atua como uma recorda\u00e7\u00e3o representativa da rica cultura e da arquitetura singular da capital catal\u00e3. Ideal para turistas e amantes de Barcelona, esta capa combina design, praticidade e autenticidade, tornando-se um excelente presente ou recorda\u00e7\u00e3o de viagem.<\/p>\n<p>Na Ol\u00e9 Mosaic, orgulhamo-nos de ser distribuidores de souvenirs aut\u00eanticos e personalizados. Esta capa para iPhone 15 \u00e9 uma op\u00e7\u00e3o brilhante para lojas de presentes tur\u00edsticos que procuram produtos de qualidade e liga\u00e7\u00e3o cultural. Com esta capa, os clientes n\u00e3o s\u00f3 protegem o seu dispositivo, como tamb\u00e9m celebram a beleza de Barcelona todos os dias.<\/p>\n","protected":false},"excerpt":{"rendered":"<p>Capa para iPhone 15 em TPU com uma panor\u00e2mica vibrante de Barcelona. O design mostra a emblem\u00e1tica Sagrada Fam\u00edlia em tons quentes, juntamente with elementos costeiros e um sol radiante. Sobre um fundo azul que evoca o c\u00e9u mediterr\u00e2nico, este acess\u00f3rio n\u00e3o s\u00f3 protege o seu dispositivo, como tamb\u00e9m celebra a ess\u00eancia da cidade. A palavra &#8220;Barcelona&#8221; aparece em letras multicoloridas, conferindo um toque alegre e distintivo.<\/p>\n","protected":false},"featured_media":12434,"template":"","meta":{"_acf_changed":false},"product_brand":[],"product_cat":[685],"product_tag":[],"class_list":{"0":"post-27491","1":"product","2":"type-product","3":"status-publish","4":"has-post-thumbnail","6":"product_cat-capas-para-telemoveis","7":"pa_ciudad-barcelona","8":"pa_motivo-panoramas","9":"pa_pais-espana","11":"first","12":"instock","13":"shipping-taxable","14":"product-type-simple"},"acf":[],"_links":{"self":[{"href":"https:\/\/olemosaic.com\/pt-pt\/wp-json\/wp\/v2\/product\/27491","targetHints":{"allow":["GET"]}}],"collection":[{"href":"https:\/\/olemosaic.com\/pt-pt\/wp-json\/wp\/v2\/product"}],"about":[{"href":"https:\/\/olemosaic.com\/pt-pt\/wp-json\/wp\/v2\/types\/product"}],"wp:featuredmedia":[{"embeddable":true,"href":"https:\/\/olemosaic.com\/pt-pt\/wp-json\/wp\/v2\/media\/12434"}],"wp:attachment":[{"href":"https:\/\/olemosaic.com\/pt-pt\/wp-json\/wp\/v2\/media?parent=27491"}],"wp:term":[{"taxonomy":"product_brand","embeddable":true,"href":"https:\/\/olemosaic.com\/pt-pt\/wp-json\/wp\/v2\/product_brand?post=27491"},{"taxonomy":"product_cat","embeddable":true,"href":"https:\/\/olemosaic.com\/pt-pt\/wp-json\/wp\/v2\/product_cat?post=27491"},{"taxonomy":"product_tag","embeddable":true,"href":"https:\/\/olemosaic.com\/pt-pt\/wp-json\/wp\/v2\/product_tag?post=27491"}],"curies":[{"name":"wp","href":"https:\/\/api.w.org\/{rel}","templated":true}]}}