{"id":27490,"date":"2025-02-20T23:28:58","date_gmt":"2025-02-20T22:28:58","guid":{"rendered":"http:\/\/olemosaic.com\/producto\/funda-de-telefono-para-iphone-14-promax-tpu-panoramica-barcelona-azul-2\/"},"modified":"2025-07-25T19:59:57","modified_gmt":"2025-07-25T17:59:57","slug":"capa-de-telemovel-para-iphone-14-pro-max-tpu-panoramica-sagrada-familia-barcelona-azul","status":"publish","type":"product","link":"https:\/\/olemosaic.com\/pt-pt\/produto\/capa-de-telemovel-para-iphone-14-pro-max-tpu-panoramica-sagrada-familia-barcelona-azul\/","title":{"rendered":"Capa de telem\u00f3vel para iPhone 14 Pro Max (TPU). Panor\u00e2mica. Sagrada Fam\u00edlia. Barcelona. Azul"},"content":{"rendered":"<p>Esta capa para iPhone 14 Pro Max \u00e9 uma explos\u00e3o de cor e cultura, desenhada especialmente para os amantes de Barcelona. Fabricada em TPU de alta qualidade, oferece uma prote\u00e7\u00e3o duradoura e um ajuste perfeito para o seu dispositivo. A capa apresenta uma vibrante panor\u00e2mica de Barcelona, com um fundo azul que evoca as \u00e1guas do Mediterr\u00e2neo, criando uma liga\u00e7\u00e3o visual imediata com a maravilhosa costa desta cidade espanhola.<\/p>\n<p>Os coloridos motivos que adornam a capa incluem a ic\u00f3nica Sagrada Fam\u00edlia e outros elementos representativos da arquitetura modernista de Gaud\u00ed, integrados num design tipo mosaico que adiciona textura e profundidade visual. O texto \u201cBarcelona\u201d \u00e9 incorporado artisticamente, capturando a ess\u00eancia da cidade numa homenagem gr\u00e1fica \u00e0 sua riqueza cultural. Este design n\u00e3o s\u00f3 torna a capa num acess\u00f3rio atraente, como tamb\u00e9m a estabelece como uma recorda\u00e7\u00e3o significativa da experi\u00eancia barcelonesa.<\/p>\n<p>Como distribuidor de recorda\u00e7\u00f5es, a Ol\u00e9 Mosaic oferece este produto, ideal para turistas que procuram recorda\u00e7\u00f5es aut\u00eanticas e representativas de Barcelona. Esta capa \u00e9 uma excelente op\u00e7\u00e3o para lojas de presentes tur\u00edsticos que pretendem oferecer produtos inovadores e de qualidade, juntamente com a autenticidade e ess\u00eancia cultural que os visitantes procuram levar da sua viagem.<\/p>\n","protected":false},"excerpt":{"rendered":"<p>Capa para iPhone 14 Pro Max fabricada em TPU, que exibe uma vibrante panor\u00e2mica de Barcelona. Com um fundo azul que evoca o Mediterr\u00e2neo, destaca-se pelos seus coloridos motivos, como a Sagrada Fam\u00edlia e outros elementos ic\u00f3nicos da cidade, enquanto um design em mosaico adiciona textura e profundidade. O texto \u00abBarcelona\u00bb integra-se artisticamente, tornando esta capa num acess\u00f3rio e, ao mesmo tempo, numa homenagem \u00e0 arquitetura e \u00e0 arte da cidade.<\/p>\n","protected":false},"featured_media":12412,"template":"","meta":{"_acf_changed":false},"product_brand":[],"product_cat":[685],"product_tag":[],"class_list":{"0":"post-27490","1":"product","2":"type-product","3":"status-publish","4":"has-post-thumbnail","6":"product_cat-capas-para-telemoveis","7":"pa_ciudad-barcelona","8":"pa_motivo-panoramas","9":"pa_pais-espana","11":"first","12":"instock","13":"shipping-taxable","14":"product-type-simple"},"acf":[],"_links":{"self":[{"href":"https:\/\/olemosaic.com\/pt-pt\/wp-json\/wp\/v2\/product\/27490","targetHints":{"allow":["GET"]}}],"collection":[{"href":"https:\/\/olemosaic.com\/pt-pt\/wp-json\/wp\/v2\/product"}],"about":[{"href":"https:\/\/olemosaic.com\/pt-pt\/wp-json\/wp\/v2\/types\/product"}],"wp:featuredmedia":[{"embeddable":true,"href":"https:\/\/olemosaic.com\/pt-pt\/wp-json\/wp\/v2\/media\/12412"}],"wp:attachment":[{"href":"https:\/\/olemosaic.com\/pt-pt\/wp-json\/wp\/v2\/media?parent=27490"}],"wp:term":[{"taxonomy":"product_brand","embeddable":true,"href":"https:\/\/olemosaic.com\/pt-pt\/wp-json\/wp\/v2\/product_brand?post=27490"},{"taxonomy":"product_cat","embeddable":true,"href":"https:\/\/olemosaic.com\/pt-pt\/wp-json\/wp\/v2\/product_cat?post=27490"},{"taxonomy":"product_tag","embeddable":true,"href":"https:\/\/olemosaic.com\/pt-pt\/wp-json\/wp\/v2\/product_tag?post=27490"}],"curies":[{"name":"wp","href":"https:\/\/api.w.org\/{rel}","templated":true}]}}