{"id":27489,"date":"2025-02-20T22:28:58","date_gmt":"2025-02-20T22:28:58","guid":{"rendered":"http:\/\/olemosaic.com\/producto\/funda-de-telefono-para-iphone-14-promax-tpu-panoramica-barcelona-azul\/"},"modified":"2025-07-25T19:59:36","modified_gmt":"2025-07-25T17:59:36","slug":"capa-de-telemovel-para-iphone-14-pro-max-tpu-panoramica-barcelona-azul","status":"publish","type":"product","link":"https:\/\/olemosaic.com\/pt-pt\/produto\/capa-de-telemovel-para-iphone-14-pro-max-tpu-panoramica-barcelona-azul\/","title":{"rendered":"Capa de telem\u00f3vel para iPhone 14 Pro Max (TPU). Panor\u00e2mica. Barcelona. Azul"},"content":{"rendered":"<p>Esta capa para iPhone 14 Pro Max \u00e9 uma vibrante representa\u00e7\u00e3o da beleza de Barcelona, desenhada para quem deseja levar consigo um peda\u00e7o desta cidade ic\u00f3nica. Elaborada em TPU, um material flex\u00edvel e resistente, esta capa n\u00e3o s\u00f3 protege o seu dispositivo, como tamb\u00e9m o veste com um colorido design panor\u00e2mico. O aspeto mais destacado da capa \u00e9 a emblem\u00e1tica Sagrada Fam\u00edlia, representada em tons alaranjados que captam a luz do sol, rodeada por uma multid\u00e3o de detalhes que evocam a cultura local e o seu ambiente vibrante. O c\u00e9u azul, salpicado de aves em voo, e um sol radiante e quente adicionam um toque alegre e estival a esta pe\u00e7a.<\/p>\n<p>Na parte inferior, a palavra &#8220;Barcelona&#8221; \u00e9 exibida em cores chamativas, enfatizando o orgulho e a liga\u00e7\u00e3o a esta cidade extraordin\u00e1ria. Este acess\u00f3rio torna-se num excelente souvenir de Barcelona, perfeito para turistas que procuram uma recorda\u00e7\u00e3o aut\u00eantica e representativa, bem como para aqueles que desejam partilhar o seu amor por esta regi\u00e3o. Na Ol\u00e9 Mosaic, oferecemos uma vasta gama de recorda\u00e7\u00f5es de alta qualidade, e esta capa \u00e9 uma magn\u00edfica op\u00e7\u00e3o para lojas de presentes tur\u00edsticos que procuram oferecer produtos distintivos e relevantes. Com a sua mistura de funcionalidade e apelo visual, esta capa \u00e9 ideal para qualquer amante de Barcelona.<\/p>\n","protected":false},"excerpt":{"rendered":"<p>Capa para iPhone 14 Pro Max fabricada em TPU, com uma vibrante panor\u00e2mica de Barcelona. O design inclui a ic\u00f3nica Sagrada Fam\u00edlia em tons alaranjados e detalhes coloridos que representam a cultura local, complementado por um sol radiante e aves a cruzar o c\u00e9u azul. A palavra &#8220;Barcelona&#8221; destaca-se em cores chamativas na parte inferior, tornando esta capa num acess\u00f3rio atraente e funcional que captura a ess\u00eancia da cidade.<\/p>\n","protected":false},"featured_media":12414,"template":"","meta":{"_acf_changed":false},"product_brand":[],"product_cat":[685],"product_tag":[],"class_list":{"0":"post-27489","1":"product","2":"type-product","3":"status-publish","4":"has-post-thumbnail","6":"product_cat-capas-para-telemoveis","7":"pa_ciudad-barcelona","8":"pa_motivo-panoramas","9":"pa_pais-espana","11":"first","12":"instock","13":"shipping-taxable","14":"product-type-simple"},"acf":[],"_links":{"self":[{"href":"https:\/\/olemosaic.com\/pt-pt\/wp-json\/wp\/v2\/product\/27489","targetHints":{"allow":["GET"]}}],"collection":[{"href":"https:\/\/olemosaic.com\/pt-pt\/wp-json\/wp\/v2\/product"}],"about":[{"href":"https:\/\/olemosaic.com\/pt-pt\/wp-json\/wp\/v2\/types\/product"}],"wp:featuredmedia":[{"embeddable":true,"href":"https:\/\/olemosaic.com\/pt-pt\/wp-json\/wp\/v2\/media\/12414"}],"wp:attachment":[{"href":"https:\/\/olemosaic.com\/pt-pt\/wp-json\/wp\/v2\/media?parent=27489"}],"wp:term":[{"taxonomy":"product_brand","embeddable":true,"href":"https:\/\/olemosaic.com\/pt-pt\/wp-json\/wp\/v2\/product_brand?post=27489"},{"taxonomy":"product_cat","embeddable":true,"href":"https:\/\/olemosaic.com\/pt-pt\/wp-json\/wp\/v2\/product_cat?post=27489"},{"taxonomy":"product_tag","embeddable":true,"href":"https:\/\/olemosaic.com\/pt-pt\/wp-json\/wp\/v2\/product_tag?post=27489"}],"curies":[{"name":"wp","href":"https:\/\/api.w.org\/{rel}","templated":true}]}}