{"id":27488,"date":"2025-02-20T22:28:58","date_gmt":"2025-02-20T22:28:58","guid":{"rendered":"http:\/\/olemosaic.com\/producto\/funda-de-telefono-para-iphone-14-promax-tpu-mosaico-barcelona-blanco\/"},"modified":"2025-07-25T19:51:48","modified_gmt":"2025-07-25T17:51:48","slug":"capa-de-telemovel-para-iphone-14-pro-max-tpu-mosaico-barcelona-branco","status":"publish","type":"product","link":"https:\/\/olemosaic.com\/pt-pt\/produto\/capa-de-telemovel-para-iphone-14-pro-max-tpu-mosaico-barcelona-branco\/","title":{"rendered":"Capa de telem\u00f3vel para iPhone 14 Pro Max (TPU). Mosaico. Barcelona. Branco"},"content":{"rendered":"<p>Esta capa para iPhone 14 Pro Max \u00e9 uma aut\u00eantica celebra\u00e7\u00e3o da rica cultura e da vibrante arquitetura de Barcelona. Fabricada com material TPU de alta qualidade, o seu design apresenta um mosaico colorido que emula os padr\u00f5es caracter\u00edsticos do modernismo catal\u00e3o, prestando homenagem \u00e0 obra do conceituado arquiteto Antoni Gaud\u00ed. As cores vivas, em tons de azul, vermelho, laranja e amarelo, entrela\u00e7am-se numa dan\u00e7a de formas e figuras, evocando a diversidade e a criatividade art\u00edstica que caracteriza esta cidade.<\/p>\n<p>Na parte inferior da capa, a palavra &#8220;Barcelona&#8221; est\u00e1 elegantemente impressa, adicionando um toque distintivo e pessoal que permite aos utilizadores levar um peda\u00e7o desta cidade ic\u00f3nica no seu dia a dia. Este artigo n\u00e3o s\u00f3 cumpre a fun\u00e7\u00e3o de proteger o dispositivo, como tamb\u00e9m serve como uma espl\u00eandida recorda\u00e7\u00e3o que captura a ess\u00eancia de Barcelona, tornando-se num souvenir representativo da sua rica hist\u00f3ria e patrim\u00f3nio.<\/p>\n<p>Na Ol\u00e9 Mosaic, orgulhamo-nos de oferecer recorda\u00e7\u00f5es aut\u00eanticas que refletem a cultura local. Esta capa de mosaico \u00e9 uma excelente op\u00e7\u00e3o para turistas que procuram um artigo funcional e decorativo, perfeito para recordar a sua visita a esta cidade maravilhosa. Al\u00e9m disso, como grossistas de acess\u00f3rios tur\u00edsticos, garantimos a qualidade e a exclusividade de cada produto que oferecemos \u00e0s nossas lojas parceiras.<\/p>\n","protected":false},"excerpt":{"rendered":"<p>Capa de telem\u00f3vel para iPhone 14 Pro Max fabricada em TPU, decorada com um vibrante design de mosaico inspirado na arquitetura barcelonesa. Apresenta uma variedade de padr\u00f5es em azul, vermelho, laranja e amarelo, que evocam o famoso estilo modernista da cidade. A palavra &#8220;Barcelona&#8221; est\u00e1 elegantemente impressa na parte inferior, adicionando um toque distintivo \u00e0 sua est\u00e9tica. Ideal para proteger o seu dispositivo com estilo.<\/p>\n","protected":false},"featured_media":12395,"template":"","meta":{"_acf_changed":false},"product_brand":[],"product_cat":[685],"product_tag":[],"class_list":{"0":"post-27488","1":"product","2":"type-product","3":"status-publish","4":"has-post-thumbnail","6":"product_cat-capas-para-telemoveis","7":"pa_ciudad-barcelona","8":"pa_motivo-mosaico","9":"pa_pais-espana","11":"first","12":"instock","13":"shipping-taxable","14":"product-type-simple"},"acf":[],"_links":{"self":[{"href":"https:\/\/olemosaic.com\/pt-pt\/wp-json\/wp\/v2\/product\/27488","targetHints":{"allow":["GET"]}}],"collection":[{"href":"https:\/\/olemosaic.com\/pt-pt\/wp-json\/wp\/v2\/product"}],"about":[{"href":"https:\/\/olemosaic.com\/pt-pt\/wp-json\/wp\/v2\/types\/product"}],"wp:featuredmedia":[{"embeddable":true,"href":"https:\/\/olemosaic.com\/pt-pt\/wp-json\/wp\/v2\/media\/12395"}],"wp:attachment":[{"href":"https:\/\/olemosaic.com\/pt-pt\/wp-json\/wp\/v2\/media?parent=27488"}],"wp:term":[{"taxonomy":"product_brand","embeddable":true,"href":"https:\/\/olemosaic.com\/pt-pt\/wp-json\/wp\/v2\/product_brand?post=27488"},{"taxonomy":"product_cat","embeddable":true,"href":"https:\/\/olemosaic.com\/pt-pt\/wp-json\/wp\/v2\/product_cat?post=27488"},{"taxonomy":"product_tag","embeddable":true,"href":"https:\/\/olemosaic.com\/pt-pt\/wp-json\/wp\/v2\/product_tag?post=27488"}],"curies":[{"name":"wp","href":"https:\/\/api.w.org\/{rel}","templated":true}]}}