{"id":27487,"date":"2025-02-20T22:28:57","date_gmt":"2025-02-20T22:28:57","guid":{"rendered":"http:\/\/olemosaic.com\/producto\/funda-de-telefono-para-iphone-14-promax-tpu-salamandra-mallorca-blanco\/"},"modified":"2025-07-25T20:19:34","modified_gmt":"2025-07-25T18:19:34","slug":"capa-de-telemovel-para-iphone-14-pro-max-tpu-salamandra-maiorca-branco","status":"publish","type":"product","link":"https:\/\/olemosaic.com\/pt-pt\/produto\/capa-de-telemovel-para-iphone-14-pro-max-tpu-salamandra-maiorca-branco\/","title":{"rendered":"Capa de telem\u00f3vel para iPhone 14 Pro Max (TPU). Salamandra. Maiorca. Branco"},"content":{"rendered":"<p>Esta capa para iPhone 14 Pro Max \u00e9 uma vibrante homenagem \u00e0 rica fauna e flora de Maiorca, desenhada com um acabamento moderno e colorido. Confecionada em TPU de alta qualidade, oferece uma excelente prote\u00e7\u00e3o para o seu dispositivo e exibe um design espetacular: uma salamandra colorida entrela\u00e7a-se com alegres flores e folhas, tudo sobre um fundo branco que evoca um mosaico. Este padr\u00e3o n\u00e3o s\u00f3 proporciona um efeito visual cativante, como tamb\u00e9m reflete as tradi\u00e7\u00f5es art\u00edsticas da ilha, onde os mosaicos s\u00e3o uma representa\u00e7\u00e3o emblem\u00e1tica do seu patrim\u00f3nio cultural.<\/p>\n<p>A salamandra, s\u00edmbolo de boa sorte e transforma\u00e7\u00e3o, juntamente com a frescura das flores, confere um toque alegre e sofisticado \u00e0 capa. A palavra \u201cMaiorca\u201d \u00e9 incorporada num estilo elegante, complementando o tema geral da pe\u00e7a. Esta recorda\u00e7\u00e3o n\u00e3o \u00e9 apenas funcional, mas captura a ess\u00eancia da beleza maioricense, tornando-a num excelente presente para turistas que procuram levar um peda\u00e7o desta ilha m\u00e1gica. Na Ol\u00e9 Mosaic, somos distribuidores grossistas de recorda\u00e7\u00f5es aut\u00eanticas, e esta capa \u00e9 perfeita para lojas de presentes tur\u00edsticos que procuram produtos \u00fanicos e culturalmente representativos. Desde a prote\u00e7\u00e3o do seu dispositivo at\u00e9 ao orgulho de carregar um s\u00edmbolo de Maiorca, esta capa \u00e9 a escolha ideal para quem deseja um souvenir significativo.<\/p>\n","protected":false},"excerpt":{"rendered":"<p>Capa de telem\u00f3vel para iPhone 14 Pro Max de TPU, inspirada na fauna e flora de Maiorca. Este design destaca uma colorida salamandra rodeada de alegres flores e folhas sobre um fundo branco com um padr\u00e3o que evoca um mosaico. Com um acabamento vibrante e moderno, a capa oferece prote\u00e7\u00e3o e estilo, perfeita para quem deseja levar um pouco da beleza maioricense no seu dia a dia.<\/p>\n","protected":false},"featured_media":12967,"template":"","meta":{"_acf_changed":false},"product_brand":[],"product_cat":[685],"product_tag":[516],"class_list":{"0":"post-27487","1":"product","2":"type-product","3":"status-publish","4":"has-post-thumbnail","6":"product_cat-capas-para-telemoveis","7":"product_tag-animais","8":"pa_ciudad-mallorca","9":"pa_motivo-salamandras","10":"pa_pais-espana","12":"first","13":"instock","14":"shipping-taxable","15":"product-type-simple"},"acf":[],"_links":{"self":[{"href":"https:\/\/olemosaic.com\/pt-pt\/wp-json\/wp\/v2\/product\/27487","targetHints":{"allow":["GET"]}}],"collection":[{"href":"https:\/\/olemosaic.com\/pt-pt\/wp-json\/wp\/v2\/product"}],"about":[{"href":"https:\/\/olemosaic.com\/pt-pt\/wp-json\/wp\/v2\/types\/product"}],"wp:featuredmedia":[{"embeddable":true,"href":"https:\/\/olemosaic.com\/pt-pt\/wp-json\/wp\/v2\/media\/12967"}],"wp:attachment":[{"href":"https:\/\/olemosaic.com\/pt-pt\/wp-json\/wp\/v2\/media?parent=27487"}],"wp:term":[{"taxonomy":"product_brand","embeddable":true,"href":"https:\/\/olemosaic.com\/pt-pt\/wp-json\/wp\/v2\/product_brand?post=27487"},{"taxonomy":"product_cat","embeddable":true,"href":"https:\/\/olemosaic.com\/pt-pt\/wp-json\/wp\/v2\/product_cat?post=27487"},{"taxonomy":"product_tag","embeddable":true,"href":"https:\/\/olemosaic.com\/pt-pt\/wp-json\/wp\/v2\/product_tag?post=27487"}],"curies":[{"name":"wp","href":"https:\/\/api.w.org\/{rel}","templated":true}]}}