{"id":27449,"date":"2025-02-20T22:28:57","date_gmt":"2025-02-20T22:28:57","guid":{"rendered":"http:\/\/olemosaic.com\/producto\/funda-de-telefono-para-iphone-14-pro-tpu-salamandra-barcelona-negro\/"},"modified":"2025-07-25T18:41:51","modified_gmt":"2025-07-25T16:41:51","slug":"capa-de-telemovel-para-iphone-14-pro-tpu-salamandra-barcelona-preto","status":"publish","type":"product","link":"https:\/\/olemosaic.com\/pt-pt\/produto\/capa-de-telemovel-para-iphone-14-pro-tpu-salamandra-barcelona-preto\/","title":{"rendered":"Capa para telem\u00f3vel iPhone 14 Pro (TPU). Salamandra. Barcelona. Preto"},"content":{"rendered":"<p>Esta capa para iPhone 14 Pro \u00e9 uma aut\u00eantica obra de arte que encarna o estilo vibrante do mosaico barcelon\u00eas. Fabricada em TPU de alta qualidade, a sua cor preta oferece um fundo elegante que real\u00e7a as ilustra\u00e7\u00f5es coloridas de salamandras e flores, evocando a criatividade e originalidade da arquitetura modernista da cidade. O design apresenta salamandras em tons de azul, verde, vermelho e amarelo, que parecem dan\u00e7ar sobre a superf\u00edcie, complementadas por flores delicadas que conferem um toque natural \u00e0 composi\u00e7\u00e3o. Cada detalhe \u00e9 cuidadosamente elaborado, conseguindo um acabamento brilhante que n\u00e3o s\u00f3 \u00e9 visualmente impactante, como tamb\u00e9m \u00e9 resistente, oferecendo uma excelente prote\u00e7\u00e3o para o seu dispositivo.<\/p>\n<p>Esta recorda\u00e7\u00e3o \u00e9 uma representa\u00e7\u00e3o perfeita da vida e da arte de Barcelona, uma cidade famosa pela sua rica hist\u00f3ria cultural e pelo seu patrim\u00f3nio arquitet\u00f3nico inovador, sendo o mosaico uma das suas manifesta\u00e7\u00f5es mais emblem\u00e1ticas. Ao escolher esta capa, n\u00e3o s\u00f3 adquire um acess\u00f3rio funcional, como tamb\u00e9m uma recorda\u00e7\u00e3o significativa que captura a ess\u00eancia de Barcelona. Na Ol\u00e9 Mosaic, como distribuidores de recorda\u00e7\u00f5es por grosso, dedicamo-nos a oferecer produtos que refletem a autenticidade e o valor cultural que os turistas procuram. Esta capa de telem\u00f3vel \u00e9 uma op\u00e7\u00e3o ideal para lojas de presentes tur\u00edsticos que desejam ligar os visitantes \u00e0 magia desta cidade ic\u00f3nica.<\/p>\n","protected":false},"excerpt":{"rendered":"<p>Capa para iPhone 14 Pro de TPU preto, decorada com salamandras e flores coloridas que evocam o estilo mosaico de Barcelona. O seu design destaca-se por um acabamento brilhante e detalhes vivos em tons de azul, verde, vermelho e amarelo, conferindo um toque vibrante e art\u00edstico. Esta capa, al\u00e9m de proteger o seu telem\u00f3vel, captura a ess\u00eancia cultural da cidade, tornando-a num acess\u00f3rio \u00fanico e representativo.<\/p>\n","protected":false},"featured_media":12386,"template":"","meta":{"_acf_changed":false},"product_brand":[],"product_cat":[685],"product_tag":[516],"class_list":{"0":"post-27449","1":"product","2":"type-product","3":"status-publish","4":"has-post-thumbnail","6":"product_cat-capas-para-telemoveis","7":"product_tag-animais","8":"pa_ciudad-barcelona","9":"pa_motivo-salamandras","10":"pa_pais-espana","12":"first","13":"instock","14":"shipping-taxable","15":"product-type-simple"},"acf":[],"_links":{"self":[{"href":"https:\/\/olemosaic.com\/pt-pt\/wp-json\/wp\/v2\/product\/27449","targetHints":{"allow":["GET"]}}],"collection":[{"href":"https:\/\/olemosaic.com\/pt-pt\/wp-json\/wp\/v2\/product"}],"about":[{"href":"https:\/\/olemosaic.com\/pt-pt\/wp-json\/wp\/v2\/types\/product"}],"wp:featuredmedia":[{"embeddable":true,"href":"https:\/\/olemosaic.com\/pt-pt\/wp-json\/wp\/v2\/media\/12386"}],"wp:attachment":[{"href":"https:\/\/olemosaic.com\/pt-pt\/wp-json\/wp\/v2\/media?parent=27449"}],"wp:term":[{"taxonomy":"product_brand","embeddable":true,"href":"https:\/\/olemosaic.com\/pt-pt\/wp-json\/wp\/v2\/product_brand?post=27449"},{"taxonomy":"product_cat","embeddable":true,"href":"https:\/\/olemosaic.com\/pt-pt\/wp-json\/wp\/v2\/product_cat?post=27449"},{"taxonomy":"product_tag","embeddable":true,"href":"https:\/\/olemosaic.com\/pt-pt\/wp-json\/wp\/v2\/product_tag?post=27449"}],"curies":[{"name":"wp","href":"https:\/\/api.w.org\/{rel}","templated":true}]}}