{"id":27447,"date":"2025-02-20T22:28:57","date_gmt":"2025-02-20T22:28:57","guid":{"rendered":"http:\/\/olemosaic.com\/producto\/funda-de-telefono-para-iphone-14-pro-tpu-abstracto-negro-2\/"},"modified":"2025-07-25T18:58:03","modified_gmt":"2025-07-25T16:58:03","slug":"capa-de-telemovel-para-iphone-14-pro-tpu-abstrato-preto-2","status":"publish","type":"product","link":"https:\/\/olemosaic.com\/pt-pt\/produto\/capa-de-telemovel-para-iphone-14-pro-tpu-abstrato-preto-2\/","title":{"rendered":"Capa para telem\u00f3vel iPhone 14 Pro (TPU). Abstrato. Preto"},"content":{"rendered":"<p>Esta capa para iPhone 14 Pro \u00e9 uma combina\u00e7\u00e3o fant\u00e1stica de estilo e prote\u00e7\u00e3o, ideal para quem procura um toque art\u00edstico e moderno no seu dispositivo. Fabricada em TPU, um material suave e flex\u00edvel, esta capa adapta-se perfeitamente \u00e0 forma do telem\u00f3vel, oferecendo uma excelente prote\u00e7\u00e3o sem sacrificar a est\u00e9tica. O seu design abstrato, com um jogo de nuvens de cores vibrantes em tons de laranja, azul e rosa sobre um fundo preto, transforma a capa numa obra de arte port\u00e1til. Cada vez que utilizar o seu telem\u00f3vel, desfrutar\u00e1 de uma explos\u00e3o de cor que reflete a sua personalidade \u00fanica e criativa.<\/p>\n<p>Al\u00e9m de ser uma prote\u00e7\u00e3o eficaz contra quedas e riscos, esta capa real\u00e7a a autenticidade da arte contempor\u00e2nea, sendo um presente perfeito para turistas que desejem levar uma recorda\u00e7\u00e3o da sua visita a Espanha. A liga\u00e7\u00e3o cultural atrav\u00e9s do design abstrato simboliza a rica tradi\u00e7\u00e3o art\u00edstica que caracteriza muitas cidades espanholas, o que a torna uma excelente op\u00e7\u00e3o para lojas de presentes tur\u00edsticos que procurem produtos pr\u00e1ticos e representativos. Na Ol\u00e9 Mosaic, como grossista de recorda\u00e7\u00f5es aut\u00eanticas, oferecemos esta capa como uma op\u00e7\u00e3o de destaque para quem procura uma recorda\u00e7\u00e3o moderna e funcional.<\/p>\n","protected":false},"excerpt":{"rendered":"<p>Capa para telem\u00f3vel iPhone 14 Pro fabricada em TPU, com um design abstrato em tons pretos e cores vibrantes, como laranjas, azuis e rosas. Esta capa apresenta um acabamento suave e flex\u00edvel que se adapta perfeitamente ao dispositivo, oferecendo uma camada de prote\u00e7\u00e3o atrativa. O seu motivo abstrato simula um jogo de nuvens coloridas, conferindo um toque art\u00edstico e moderno, ideal para quem procura personalizar o seu telem\u00f3vel com um estilo \u00fanico.<\/p>\n","protected":false},"featured_media":12388,"template":"","meta":{"_acf_changed":false},"product_brand":[],"product_cat":[685],"product_tag":[],"class_list":{"0":"post-27447","1":"product","2":"type-product","3":"status-publish","4":"has-post-thumbnail","6":"product_cat-capas-para-telemoveis","7":"pa_motivo-resumo","9":"first","10":"instock","11":"shipping-taxable","12":"product-type-simple"},"acf":[],"_links":{"self":[{"href":"https:\/\/olemosaic.com\/pt-pt\/wp-json\/wp\/v2\/product\/27447","targetHints":{"allow":["GET"]}}],"collection":[{"href":"https:\/\/olemosaic.com\/pt-pt\/wp-json\/wp\/v2\/product"}],"about":[{"href":"https:\/\/olemosaic.com\/pt-pt\/wp-json\/wp\/v2\/types\/product"}],"wp:featuredmedia":[{"embeddable":true,"href":"https:\/\/olemosaic.com\/pt-pt\/wp-json\/wp\/v2\/media\/12388"}],"wp:attachment":[{"href":"https:\/\/olemosaic.com\/pt-pt\/wp-json\/wp\/v2\/media?parent=27447"}],"wp:term":[{"taxonomy":"product_brand","embeddable":true,"href":"https:\/\/olemosaic.com\/pt-pt\/wp-json\/wp\/v2\/product_brand?post=27447"},{"taxonomy":"product_cat","embeddable":true,"href":"https:\/\/olemosaic.com\/pt-pt\/wp-json\/wp\/v2\/product_cat?post=27447"},{"taxonomy":"product_tag","embeddable":true,"href":"https:\/\/olemosaic.com\/pt-pt\/wp-json\/wp\/v2\/product_tag?post=27447"}],"curies":[{"name":"wp","href":"https:\/\/api.w.org\/{rel}","templated":true}]}}