{"id":27445,"date":"2025-02-20T22:28:57","date_gmt":"2025-02-20T22:28:57","guid":{"rendered":"http:\/\/olemosaic.com\/producto\/funda-de-telefono-para-iphone-14-pro-tpu-mariposa-mallorca-blanco\/"},"modified":"2025-07-25T19:55:40","modified_gmt":"2025-07-25T17:55:40","slug":"capa-de-telemovel-para-iphone-14-pro-tpu-borboleta-maiorca-branco","status":"publish","type":"product","link":"https:\/\/olemosaic.com\/pt-pt\/produto\/capa-de-telemovel-para-iphone-14-pro-tpu-borboleta-maiorca-branco\/","title":{"rendered":"Capa de telem\u00f3vel para iPhone 14 Pro (TPU). Borboleta. Maiorca. Branco"},"content":{"rendered":"<p>Esta capa para iPhone 14 Pro \u00e9 uma vibrante homenagem \u00e0 beleza natural de Maiorca, destacando-se pelo seu design colorido e criativo. Fabricada em TPU, este acess\u00f3rio n\u00e3o s\u00f3 protege o seu dispositivo, como tamb\u00e9m o adorna com um apelo visual. O fundo branco real\u00e7a uma exibi\u00e7\u00e3o de borboletas multicoloridas, cada uma com desenhos geom\u00e9tricos intrincados que trazem frescura e dinamismo. Na parte inferior, um mosaico de tonalidades avermelhadas e azuis complementa a composi\u00e7\u00e3o, evocando a rica tradi\u00e7\u00e3o art\u00edstica da ilha.<\/p>\n<p>O texto &#8220;Mallorca&#8221; aparece impresso com um estilo moderno que adiciona um toque contempor\u00e2neo \u00e0 pe\u00e7a, tornando esta capa um artigo imprescind\u00edvel tanto para residentes como para turistas. Esta recorda\u00e7\u00e3o \u00e9 um lembrete perfeito da flora e fauna de Maiorca, um s\u00edmbolo de liberdade e transforma\u00e7\u00e3o que cativa quem visita a ilha.<\/p>\n<p>Na Ol\u00e9 Mosaic, especializamo-nos na distribui\u00e7\u00e3o por grosso de recorda\u00e7\u00f5es de alta qualidade. Esta capa n\u00e3o \u00e9 apenas uma excelente op\u00e7\u00e3o para quem procura recorda\u00e7\u00f5es aut\u00eanticas de Maiorca, mas tamb\u00e9m uma \u00f3tima escolha para lojas de presentes tur\u00edsticos que desejem oferecer produtos que realcem o melhor da cultura local. Com esta capa, os seus clientes levar\u00e3o consigo um peda\u00e7o de Maiorca cada vez que usarem o seu telem\u00f3vel, tornando-a uma op\u00e7\u00e3o atraente e significativa.<\/p>\n","protected":false},"excerpt":{"rendered":"<p>Capa para iPhone 14 Pro de TPU, decorada com um vibrante design de borboletas inspirado na beleza de Maiorca. Sobre um fundo branco, destacam-se borboletas multicoloridas com desenhos geom\u00e9tricos, complementadas por um mosaico de tons avermelhados e azuis na parte inferior. O texto &#8220;Mallorca&#8221; est\u00e1 impresso com um estilo moderno, o que torna esta capa um acess\u00f3rio atraente e protetor, ideal para quem deseja levar um peda\u00e7o da ilha consigo.<\/p>\n","protected":false},"featured_media":12962,"template":"","meta":{"_acf_changed":false},"product_brand":[],"product_cat":[685],"product_tag":[516],"class_list":{"0":"post-27445","1":"product","2":"type-product","3":"status-publish","4":"has-post-thumbnail","6":"product_cat-capas-para-telemoveis","7":"product_tag-animais","8":"pa_ciudad-mallorca","9":"pa_motivo-borboletas","10":"pa_pais-espana","12":"first","13":"instock","14":"shipping-taxable","15":"product-type-simple"},"acf":[],"_links":{"self":[{"href":"https:\/\/olemosaic.com\/pt-pt\/wp-json\/wp\/v2\/product\/27445","targetHints":{"allow":["GET"]}}],"collection":[{"href":"https:\/\/olemosaic.com\/pt-pt\/wp-json\/wp\/v2\/product"}],"about":[{"href":"https:\/\/olemosaic.com\/pt-pt\/wp-json\/wp\/v2\/types\/product"}],"wp:featuredmedia":[{"embeddable":true,"href":"https:\/\/olemosaic.com\/pt-pt\/wp-json\/wp\/v2\/media\/12962"}],"wp:attachment":[{"href":"https:\/\/olemosaic.com\/pt-pt\/wp-json\/wp\/v2\/media?parent=27445"}],"wp:term":[{"taxonomy":"product_brand","embeddable":true,"href":"https:\/\/olemosaic.com\/pt-pt\/wp-json\/wp\/v2\/product_brand?post=27445"},{"taxonomy":"product_cat","embeddable":true,"href":"https:\/\/olemosaic.com\/pt-pt\/wp-json\/wp\/v2\/product_cat?post=27445"},{"taxonomy":"product_tag","embeddable":true,"href":"https:\/\/olemosaic.com\/pt-pt\/wp-json\/wp\/v2\/product_tag?post=27445"}],"curies":[{"name":"wp","href":"https:\/\/api.w.org\/{rel}","templated":true}]}}