{"id":27444,"date":"2025-02-20T22:28:56","date_gmt":"2025-02-20T22:28:56","guid":{"rendered":"http:\/\/olemosaic.com\/producto\/funda-de-telefono-para-iphone-14-pro-tpu-mosaico-azul\/"},"modified":"2025-07-25T20:05:34","modified_gmt":"2025-07-25T18:05:34","slug":"capa-de-telemovel-para-iphone-14-pro-tpu-mosaico-azul","status":"publish","type":"product","link":"https:\/\/olemosaic.com\/pt-pt\/produto\/capa-de-telemovel-para-iphone-14-pro-tpu-mosaico-azul\/","title":{"rendered":"Capa de telem\u00f3vel para iPhone 14 Pro (TPU). Mosaico. Azul"},"content":{"rendered":"<p>Esta capa para iPhone 14 Pro \u00e9 o acess\u00f3rio perfeito para quem procura estilo e funcionalidade, inspirada no emblem\u00e1tico trencad\u00eds barcelon\u00eas. Fabricada com TPU, um material flex\u00edvel e resistente, combina uma excelente prote\u00e7\u00e3o com um design elegante e chamativo. O seu atraente padr\u00e3o de mosaicos em tons vibrantes de azul \u00e9 complementado por detalhes irregulares em branco, evocando o famoso mosaico que adorna obras-primas arquitet\u00f3nicas como o Park G\u00fcell, de Antoni Gaud\u00ed.<\/p>\n<p>O design n\u00e3o \u00e9 apenas visualmente impactante, mas tamb\u00e9m representativo da rica heran\u00e7a cultural catal\u00e3, tornando este pr\u00e1tico acess\u00f3rio numa aut\u00eantica recorda\u00e7\u00e3o de Barcelona. Com um acabamento suave ao toque, oferece um ajuste perfeito para o iPhone 14 Pro, protegendo-o de choques e quedas, ao mesmo tempo que permite o acesso a todas as portas e fun\u00e7\u00f5es. Esta capa \u00e9 uma excelente op\u00e7\u00e3o para turistas que desejam levar um peda\u00e7o de Barcelona, bem como para lojas de presentes que procuram produtos atraentes e de qualidade. Na Ol\u00e9 Mosaic, como distribuidores de recorda\u00e7\u00f5es por grosso, garantimos que cada pe\u00e7a \u00e9 \u00fanica e um reflexo aut\u00eantico da cultura espanhola.<\/p>\n","protected":false},"excerpt":{"rendered":"<p>Capa para iPhone 14 Pro de TPU, decorada com um atraente design de mosaico em tons de azul. Este elegante protetor apresenta padr\u00f5es irregulares em branco que evocam o famoso trencad\u00eds, t\u00edpico da arquitetura modernista barcelonesa. O seu acabamento suave e flex\u00edvel oferece uma excelente prote\u00e7\u00e3o e um ajuste perfeito, combinando estilo e funcionalidade num \u00fanico acess\u00f3rio.<\/p>\n","protected":false},"featured_media":12384,"template":"","meta":{"_acf_changed":false},"product_brand":[],"product_cat":[685],"product_tag":[],"class_list":{"0":"post-27444","1":"product","2":"type-product","3":"status-publish","4":"has-post-thumbnail","6":"product_cat-capas-para-telemoveis","7":"pa_motivo-mosaico","9":"first","10":"instock","11":"shipping-taxable","12":"product-type-simple"},"acf":[],"_links":{"self":[{"href":"https:\/\/olemosaic.com\/pt-pt\/wp-json\/wp\/v2\/product\/27444","targetHints":{"allow":["GET"]}}],"collection":[{"href":"https:\/\/olemosaic.com\/pt-pt\/wp-json\/wp\/v2\/product"}],"about":[{"href":"https:\/\/olemosaic.com\/pt-pt\/wp-json\/wp\/v2\/types\/product"}],"wp:featuredmedia":[{"embeddable":true,"href":"https:\/\/olemosaic.com\/pt-pt\/wp-json\/wp\/v2\/media\/12384"}],"wp:attachment":[{"href":"https:\/\/olemosaic.com\/pt-pt\/wp-json\/wp\/v2\/media?parent=27444"}],"wp:term":[{"taxonomy":"product_brand","embeddable":true,"href":"https:\/\/olemosaic.com\/pt-pt\/wp-json\/wp\/v2\/product_brand?post=27444"},{"taxonomy":"product_cat","embeddable":true,"href":"https:\/\/olemosaic.com\/pt-pt\/wp-json\/wp\/v2\/product_cat?post=27444"},{"taxonomy":"product_tag","embeddable":true,"href":"https:\/\/olemosaic.com\/pt-pt\/wp-json\/wp\/v2\/product_tag?post=27444"}],"curies":[{"name":"wp","href":"https:\/\/api.w.org\/{rel}","templated":true}]}}