{"id":27443,"date":"2025-02-20T22:28:56","date_gmt":"2025-02-20T22:28:56","guid":{"rendered":"http:\/\/olemosaic.com\/producto\/funda-de-telefono-para-iphone-14-tpu-sagrada-familia-barcelona-azul\/"},"modified":"2025-07-25T19:15:07","modified_gmt":"2025-07-25T17:15:07","slug":"capa-de-telemovel-para-iphone-14-tpu-sagrada-familia-barcelona-azul","status":"publish","type":"product","link":"https:\/\/olemosaic.com\/pt-pt\/produto\/capa-de-telemovel-para-iphone-14-tpu-sagrada-familia-barcelona-azul\/","title":{"rendered":"Capa de telem\u00f3vel para iPhone 14 (TPU). Sagrada Fam\u00edlia. Barcelona. Azul"},"content":{"rendered":"<p>Esta capa para iPhone 14 \u00e9 uma magn\u00edfica representa\u00e7\u00e3o da emblem\u00e1tica Sagrada Fam\u00edlia de Barcelona, fabricada em TPU para garantir durabilidade e prote\u00e7\u00e3o. A ilustra\u00e7\u00e3o vibrante captura a majestosa silhueta desta obra-prima do arquiteto Antoni Gaud\u00ed, famosa pelo seu estilo arquitet\u00f3nico \u00fanico e pelos seus detalhes intrincados. Com um espl\u00eandido fundo azul, a capa destaca as torres e os elementos arquitet\u00f3nicos da Sagrada Fam\u00edlia em tons quentes de vermelho, amarelo e laranja, criando um impacto visual cativante.<\/p>\n<p>O design inclui a palavra &#8220;Barcelona&#8221; numa tipografia elegante, adicionando um toque de sofistica\u00e7\u00e3o que a torna um presente ideal para quem deseja levar um peda\u00e7o desta ic\u00f3nica cidade catal\u00e3 consigo. Esta capa \u00e9 mais do que um simples acess\u00f3rio: \u00e9 uma aut\u00eantica recorda\u00e7\u00e3o que reflete a singularidade da cultura barcelonesa e a sua rica heran\u00e7a arquitet\u00f3nica. Perfeita para turistas e amantes da arquitetura, \u00e9 uma recorda\u00e7\u00e3o significativa que celebra o melhor da capital catal\u00e3.<\/p>\n<p>Na Ol\u00e9 Mosaic, especializamo-nos na distribui\u00e7\u00e3o de recorda\u00e7\u00f5es por grosso, como esta capa da Sagrada Fam\u00edlia, oferecendo autenticidade e qualidade a lojas de presentes tur\u00edsticos. Aproveite esta oportunidade para oferecer aos seus clientes uma pe\u00e7a da hist\u00f3ria e cultura de Barcelona atrav\u00e9s de um produto funcional e atraente, ideal para quem procura recorda\u00e7\u00f5es \u00fanicas da cidade.<\/p>\n","protected":false},"excerpt":{"rendered":"<p>Capa para iPhone 14 de TPU, decorada com uma vibrante ilustra\u00e7\u00e3o da Sagrada Fam\u00edlia de Barcelona. Este design azul apresenta os emblem\u00e1ticos edif\u00edcios de Antoni Gaud\u00ed, real\u00e7ando as suas torres e detalhes arquitet\u00f3nicos em tons quentes de vermelho, amarelo e laranja. O fundo azul cria um contraste chamativo, enquanto o texto &#8220;Barcelona&#8221; \u00e9 adicionado com eleg\u00e2ncia, tornando-a uma pe\u00e7a ideal para os amantes da arquitetura e da cultura catal\u00e3.<\/p>\n","protected":false},"featured_media":12360,"template":"","meta":{"_acf_changed":false},"product_brand":[],"product_cat":[685],"product_tag":[],"class_list":{"0":"post-27443","1":"product","2":"type-product","3":"status-publish","4":"has-post-thumbnail","6":"product_cat-capas-para-telemoveis","7":"pa_ciudad-barcelona","8":"pa_motivo-sagrada-familia","9":"pa_pais-espana","11":"first","12":"instock","13":"shipping-taxable","14":"product-type-simple"},"acf":[],"_links":{"self":[{"href":"https:\/\/olemosaic.com\/pt-pt\/wp-json\/wp\/v2\/product\/27443","targetHints":{"allow":["GET"]}}],"collection":[{"href":"https:\/\/olemosaic.com\/pt-pt\/wp-json\/wp\/v2\/product"}],"about":[{"href":"https:\/\/olemosaic.com\/pt-pt\/wp-json\/wp\/v2\/types\/product"}],"wp:featuredmedia":[{"embeddable":true,"href":"https:\/\/olemosaic.com\/pt-pt\/wp-json\/wp\/v2\/media\/12360"}],"wp:attachment":[{"href":"https:\/\/olemosaic.com\/pt-pt\/wp-json\/wp\/v2\/media?parent=27443"}],"wp:term":[{"taxonomy":"product_brand","embeddable":true,"href":"https:\/\/olemosaic.com\/pt-pt\/wp-json\/wp\/v2\/product_brand?post=27443"},{"taxonomy":"product_cat","embeddable":true,"href":"https:\/\/olemosaic.com\/pt-pt\/wp-json\/wp\/v2\/product_cat?post=27443"},{"taxonomy":"product_tag","embeddable":true,"href":"https:\/\/olemosaic.com\/pt-pt\/wp-json\/wp\/v2\/product_tag?post=27443"}],"curies":[{"name":"wp","href":"https:\/\/api.w.org\/{rel}","templated":true}]}}