{"id":27442,"date":"2025-02-20T22:28:56","date_gmt":"2025-02-20T22:28:56","guid":{"rendered":"http:\/\/olemosaic.com\/producto\/funda-de-telefono-para-iphone-14-tpu-punt-de-trobada-barcelona-blanco\/"},"modified":"2025-07-25T18:55:41","modified_gmt":"2025-07-25T16:55:41","slug":"capa-de-telemovel-para-iphone-14-tpu-punt-de-trobada-barcelona-branco","status":"publish","type":"product","link":"https:\/\/olemosaic.com\/pt-pt\/produto\/capa-de-telemovel-para-iphone-14-tpu-punt-de-trobada-barcelona-branco\/","title":{"rendered":"Capa de telem\u00f3vel para iPhone 14 (TPU). Punt de trobada. Barcelona. Branco"},"content":{"rendered":"<p>Esta capa para iPhone 14 \u00e9 uma aut\u00eantica homenagem \u00e0 vibrante cultura barcelonesa, desenhada com um estilo que evoca a famosa obra &#8220;Punt de Trobada&#8221;. Fabricada em TPU de alta qualidade, garante a prote\u00e7\u00e3o ideal para o seu dispositivo, ao mesmo tempo que adiciona um toque art\u00edstico e colorido. O seu fundo branco real\u00e7a os elementos decorativos em tons de vermelho, amarelo, verde e azul, que representam a ic\u00f3nica cer\u00e2mica de mosaico de Gaud\u00ed, um s\u00edmbolo da singularidade arquitet\u00f3nica da cidade. Cada detalhe, desde as formas org\u00e2nicas at\u00e9 aos padr\u00f5es fluidos, captura a ess\u00eancia do modernismo catal\u00e3o, oferecendo aos utilizadores um peda\u00e7o de arte no seu dia a dia. A palavra &#8220;Barcelona&#8221; impressa na parte inferior n\u00e3o s\u00f3 identifica a origem desta obra-prima, como tamb\u00e9m atua como um lembrete constante da beleza desta cidade.<\/p>\n<p>Esta recorda\u00e7\u00e3o de Barcelona n\u00e3o \u00e9 apenas funcional, mas tamb\u00e9m uma excelente op\u00e7\u00e3o para turistas e amantes da arte que procuram levar uma recorda\u00e7\u00e3o aut\u00eantica e representativa da sua visita. Na Ol\u00e9 Mosaic, como grossista de recorda\u00e7\u00f5es, oferecemos produtos que celebram a rica cultura espanhola, e esta capa \u00e9 sem d\u00favida uma joia que qualquer loja de presentes tur\u00edsticos desejaria ter na sua oferta.<\/p>\n","protected":false},"excerpt":{"rendered":"<p>Capa para iPhone 14 fabricada em TPU, decorada com um vibrante design inspirado no &#8220;Punt de Trobada&#8221; de Barcelona. A capa apresenta um fundo branco com elementos coloridos em tons de vermelho, amarelo, verde e azul, evocando a cer\u00e2mica de mosaico caracter\u00edstica de Gaud\u00ed. Este acess\u00f3rio combina prote\u00e7\u00e3o e estilo, albergando um motivo gr\u00e1fico que representa a ess\u00eancia art\u00edstica da cidade, com a palavra &#8220;Barcelona&#8221; impressa na parte inferior.<\/p>\n","protected":false},"featured_media":12353,"template":"","meta":{"_acf_changed":false},"product_brand":[],"product_cat":[685],"product_tag":[],"class_list":{"0":"post-27442","1":"product","2":"type-product","3":"status-publish","4":"has-post-thumbnail","6":"product_cat-capas-para-telemoveis","7":"pa_ciudad-barcelona","8":"pa_motivo-punt-de-trobada","9":"pa_pais-espana","11":"first","12":"instock","13":"shipping-taxable","14":"product-type-simple"},"acf":[],"_links":{"self":[{"href":"https:\/\/olemosaic.com\/pt-pt\/wp-json\/wp\/v2\/product\/27442","targetHints":{"allow":["GET"]}}],"collection":[{"href":"https:\/\/olemosaic.com\/pt-pt\/wp-json\/wp\/v2\/product"}],"about":[{"href":"https:\/\/olemosaic.com\/pt-pt\/wp-json\/wp\/v2\/types\/product"}],"wp:featuredmedia":[{"embeddable":true,"href":"https:\/\/olemosaic.com\/pt-pt\/wp-json\/wp\/v2\/media\/12353"}],"wp:attachment":[{"href":"https:\/\/olemosaic.com\/pt-pt\/wp-json\/wp\/v2\/media?parent=27442"}],"wp:term":[{"taxonomy":"product_brand","embeddable":true,"href":"https:\/\/olemosaic.com\/pt-pt\/wp-json\/wp\/v2\/product_brand?post=27442"},{"taxonomy":"product_cat","embeddable":true,"href":"https:\/\/olemosaic.com\/pt-pt\/wp-json\/wp\/v2\/product_cat?post=27442"},{"taxonomy":"product_tag","embeddable":true,"href":"https:\/\/olemosaic.com\/pt-pt\/wp-json\/wp\/v2\/product_tag?post=27442"}],"curies":[{"name":"wp","href":"https:\/\/api.w.org\/{rel}","templated":true}]}}