{"id":27430,"date":"2025-02-20T22:28:56","date_gmt":"2025-02-20T22:28:56","guid":{"rendered":"http:\/\/olemosaic.com\/producto\/funda-de-telefono-para-iphone-13-promax-tpu-punt-de-trobada-barcelona-blanco\/"},"modified":"2025-07-25T19:40:52","modified_gmt":"2025-07-25T17:40:52","slug":"capa-para-telemovel-para-iphone-13-pro-max-tpu-punt-de-trobada-barcelona-branco","status":"publish","type":"product","link":"https:\/\/olemosaic.com\/pt-pt\/produto\/capa-para-telemovel-para-iphone-13-pro-max-tpu-punt-de-trobada-barcelona-branco\/","title":{"rendered":"Capa para telem\u00f3vel para iPhone 13 Pro Max (TPU). Punt de trobada. Barcelona. Branco"},"content":{"rendered":"<p>Esta capa para iPhone 13 Pro Max, inspirada no ic\u00f3nico &#8220;Punt de Trobada&#8221; de Barcelona, \u00e9 uma pe\u00e7a que combina funcionalidade e estilo contempor\u00e2neo. Fabricada em TPU resistente, esta capa garante uma prote\u00e7\u00e3o efetiva para o seu dispositivo, ao mesmo tempo que o seu design vibrante e colorido a torna um acess\u00f3rio chamativo. O fundo branco real\u00e7a um mosaico din\u00e2mico composto por formas geom\u00e9tricas e elementos gr\u00e1ficos em tons intensos de vermelho, verde, amarelo, azul e preto, evocando a arte caracter\u00edstica do famoso arquiteto Antoni Gaud\u00ed que adorna a cidade.<\/p>\n<p>A palavra &#8220;Barcelona&#8221; aparece de forma destacada, estabelecendo uma liga\u00e7\u00e3o direta com a cultura e o patrim\u00f3nio da cidade. Este design n\u00e3o s\u00f3 reflete a est\u00e9tica moderna de Barcelona, como tamb\u00e9m honra a sua rica hist\u00f3ria, fazendo desta capa uma recorda\u00e7\u00e3o aut\u00eantica e representativa. Ideal para os turistas que procuram levar um peda\u00e7o da vibrante cultura catal\u00e3, esta capa \u00e9 perfeita para aqueles que desejam destacar o seu amor pela cidade enquanto protegem o seu dispositivo.<\/p>\n<p>Na Ol\u00e9 Mosaic, especializamo-nos na distribui\u00e7\u00e3o de recorda\u00e7\u00f5es de alta qualidade, e esta capa para telem\u00f3vel \u00e9 uma excelente op\u00e7\u00e3o para lojas de presentes tur\u00edsticos que procuram produtos aut\u00eanticos e relevantes. Como grossistas de acess\u00f3rios, garantimos a autenticidade e o valor cultural de cada pe\u00e7a, assegurando que cada cliente fique satisfeito com a sua compra.<\/p>\n","protected":false},"excerpt":{"rendered":"<p>Capa para iPhone 13 Pro Max fabricada em TPU, inspirada no emblem\u00e1tico &#8220;Punt de Trobada&#8221; de Barcelona. Esta capa colorida apresenta um design moderno e din\u00e2mico, com motivos em mosaico que incluem formas geom\u00e9tricas e elementos gr\u00e1ficos em vermelho, verde, amarelo, azul e preto, sobre um fundo branco. A palavra &#8220;Barcelona&#8221; aparece de forma destacada, tornando esta capa um acess\u00f3rio atraente que combina estilo e prote\u00e7\u00e3o para o seu dispositivo.<\/p>\n","protected":false},"featured_media":12333,"template":"","meta":{"_acf_changed":false},"product_brand":[],"product_cat":[685],"product_tag":[],"class_list":{"0":"post-27430","1":"product","2":"type-product","3":"status-publish","4":"has-post-thumbnail","6":"product_cat-capas-para-telemoveis","7":"pa_ciudad-barcelona","8":"pa_motivo-punt-de-trobada","9":"pa_pais-espana","11":"first","12":"instock","13":"shipping-taxable","14":"product-type-simple"},"acf":[],"_links":{"self":[{"href":"https:\/\/olemosaic.com\/pt-pt\/wp-json\/wp\/v2\/product\/27430","targetHints":{"allow":["GET"]}}],"collection":[{"href":"https:\/\/olemosaic.com\/pt-pt\/wp-json\/wp\/v2\/product"}],"about":[{"href":"https:\/\/olemosaic.com\/pt-pt\/wp-json\/wp\/v2\/types\/product"}],"wp:featuredmedia":[{"embeddable":true,"href":"https:\/\/olemosaic.com\/pt-pt\/wp-json\/wp\/v2\/media\/12333"}],"wp:attachment":[{"href":"https:\/\/olemosaic.com\/pt-pt\/wp-json\/wp\/v2\/media?parent=27430"}],"wp:term":[{"taxonomy":"product_brand","embeddable":true,"href":"https:\/\/olemosaic.com\/pt-pt\/wp-json\/wp\/v2\/product_brand?post=27430"},{"taxonomy":"product_cat","embeddable":true,"href":"https:\/\/olemosaic.com\/pt-pt\/wp-json\/wp\/v2\/product_cat?post=27430"},{"taxonomy":"product_tag","embeddable":true,"href":"https:\/\/olemosaic.com\/pt-pt\/wp-json\/wp\/v2\/product_tag?post=27430"}],"curies":[{"name":"wp","href":"https:\/\/api.w.org\/{rel}","templated":true}]}}