{"id":27428,"date":"2025-02-20T23:28:56","date_gmt":"2025-02-20T22:28:56","guid":{"rendered":"http:\/\/olemosaic.com\/producto\/funda-de-telefono-para-iphone-13-promax-tpu-panoramica-barcelona-azul-2\/"},"modified":"2025-07-25T19:34:07","modified_gmt":"2025-07-25T17:34:07","slug":"capa-para-telemovel-para-iphone-13-pro-max-tpu-panoramica-barcelona-azul-2","status":"publish","type":"product","link":"https:\/\/olemosaic.com\/pt-pt\/produto\/capa-para-telemovel-para-iphone-13-pro-max-tpu-panoramica-barcelona-azul-2\/","title":{"rendered":"Capa para telem\u00f3vel para iPhone 13 Pro Max (TPU). Panor\u00e2mica. Sagrada Fam\u00edlia. Barcelona. Azul"},"content":{"rendered":"<p>Esta capa para iPhone 13 Pro Max \u00e9 uma vibrante celebra\u00e7\u00e3o da ic\u00f3nica cidade de Barcelona, ideal para quem deseja levar um peda\u00e7o desta metr\u00f3pole mediterr\u00e2nica no seu dia a dia. Fabricada em TPU de alta qualidade, esta capa n\u00e3o s\u00f3 garante uma prote\u00e7\u00e3o excelente para o seu dispositivo, como tamb\u00e9m apresenta uma maravilhosa panor\u00e2mica da cidade. O design de fundo azul \u00e9 adornado com mosaicos coloridos que evocam o estilo distintivo de Antoni Gaud\u00ed, destacando a emblem\u00e1tica Sagrada Fam\u00edlia e outros monumentos representativos, s\u00edmbolos da arquitetura modernista catal\u00e3.<\/p>\n<p>No centro, o texto &#8220;Barcelona&#8221;, em letras chamativas, complementa-se com elementos gr\u00e1ficos que refletem a rica cultura catal\u00e3, desde edif\u00edcios hist\u00f3ricos at\u00e9 elementos do ambiente de praia. Esta capa \u00e9 mais do que um simples acess\u00f3rio; \u00e9 uma aut\u00eantica recorda\u00e7\u00e3o que encapsula a ess\u00eancia cultural e art\u00edstica de Barcelona, tornando-a uma excelente op\u00e7\u00e3o para turistas e viajantes.<\/p>\n<p>Na Ol\u00e9 Mosaic, especializamo-nos em oferecer recorda\u00e7\u00f5es aut\u00eanticas por grosso, e esta capa de telem\u00f3vel \u00e9 perfeita para lojas de presentes tur\u00edsticos que procuram produtos \u00fanicos e representativos. Se procura uma lembran\u00e7a que combine funcionalidade e design atraente, esta capa \u00e9 uma escolha perfeita.<\/p>\n","protected":false},"excerpt":{"rendered":"<p>Capa para iPhone 13 Pro Max de TPU, com uma vibrante panor\u00e2mica de Barcelona. O design apresenta um fundo azul decorado com mosaicos coloridos que evocam o estilo de Gaud\u00ed, destacando edif\u00edcios emblem\u00e1ticos da cidade, como a Sagrada Fam\u00edlia. A capa inclui a palavra &#8220;Barcelona&#8221; num design chamativo, complementado com elementos gr\u00e1ficos que refletem a cultura catal\u00e3. Ideal para proteger o seu dispositivo e, ao mesmo tempo, mostrar o seu amor por esta ic\u00f3nica cidade mediterr\u00e2nica.<\/p>\n","protected":false},"featured_media":12339,"template":"","meta":{"_acf_changed":false},"product_brand":[],"product_cat":[685],"product_tag":[],"class_list":{"0":"post-27428","1":"product","2":"type-product","3":"status-publish","4":"has-post-thumbnail","6":"product_cat-capas-para-telemoveis","7":"pa_ciudad-barcelona","8":"pa_motivo-panoramas","9":"pa_pais-espana","11":"first","12":"instock","13":"shipping-taxable","14":"product-type-simple"},"acf":[],"_links":{"self":[{"href":"https:\/\/olemosaic.com\/pt-pt\/wp-json\/wp\/v2\/product\/27428","targetHints":{"allow":["GET"]}}],"collection":[{"href":"https:\/\/olemosaic.com\/pt-pt\/wp-json\/wp\/v2\/product"}],"about":[{"href":"https:\/\/olemosaic.com\/pt-pt\/wp-json\/wp\/v2\/types\/product"}],"wp:featuredmedia":[{"embeddable":true,"href":"https:\/\/olemosaic.com\/pt-pt\/wp-json\/wp\/v2\/media\/12339"}],"wp:attachment":[{"href":"https:\/\/olemosaic.com\/pt-pt\/wp-json\/wp\/v2\/media?parent=27428"}],"wp:term":[{"taxonomy":"product_brand","embeddable":true,"href":"https:\/\/olemosaic.com\/pt-pt\/wp-json\/wp\/v2\/product_brand?post=27428"},{"taxonomy":"product_cat","embeddable":true,"href":"https:\/\/olemosaic.com\/pt-pt\/wp-json\/wp\/v2\/product_cat?post=27428"},{"taxonomy":"product_tag","embeddable":true,"href":"https:\/\/olemosaic.com\/pt-pt\/wp-json\/wp\/v2\/product_tag?post=27428"}],"curies":[{"name":"wp","href":"https:\/\/api.w.org\/{rel}","templated":true}]}}