{"id":27426,"date":"2025-02-20T23:28:55","date_gmt":"2025-02-20T22:28:55","guid":{"rendered":"http:\/\/olemosaic.com\/producto\/funda-de-telefono-para-iphone-13-promax-tpu-abstracto-verde-2\/"},"modified":"2025-07-25T18:49:06","modified_gmt":"2025-07-25T16:49:06","slug":"capa-para-telemovel-para-iphone-13-pro-max-tpu-abstrato-verde-2","status":"publish","type":"product","link":"https:\/\/olemosaic.com\/pt-pt\/produto\/capa-para-telemovel-para-iphone-13-pro-max-tpu-abstrato-verde-2\/","title":{"rendered":"Capa para telem\u00f3vel para iPhone 13 Pro Max (TPU). Abstrato. Mosaico. Verde"},"content":{"rendered":"<p>Esta capa para iPhone 13 Pro Max \u00e9 um acess\u00f3rio imprescind\u00edvel que funde modernidade e prote\u00e7\u00e3o com um design de inspira\u00e7\u00e3o cultural. Fabricada em TPU, destaca-se pelo seu vibrante design abstrato em tons de verde e azul, com uma impressionante imita\u00e7\u00e3o de mosaico. O uso de formas geom\u00e9tricas em cores como o turquesa, o laranja e o amarelo cria um efeito visual cativante, que n\u00e3o deixar\u00e1 ningu\u00e9m indiferente.<\/p>\n<p>O design de mosaico evoca a rica tradi\u00e7\u00e3o art\u00edstica presente em diversas regi\u00f5es de Espanha, onde a arte do mosaico adornou desde monumentos hist\u00f3ricos at\u00e9 espa\u00e7os contempor\u00e2neos. Esta capa n\u00e3o s\u00f3 protege o seu dispositivo de golpes e quedas, como tamb\u00e9m confere um toque distintivo que reflete uma est\u00e9tica moderna e art\u00edstica, ideal para quem procura personalizar o seu estilo.<\/p>\n<p>Na Ol\u00e9 Mosaic, especializamo-nos na distribui\u00e7\u00e3o de recorda\u00e7\u00f5es por grosso, e esta capa \u00e9 uma excelente op\u00e7\u00e3o para lojas de presentes tur\u00edsticos que desejem oferecer produtos \u00fanicos. Ao escolher esta capa com design de mosaico, os seus clientes levar\u00e3o uma recorda\u00e7\u00e3o do patrim\u00f3nio cultural, tornando-se a lembran\u00e7a perfeita para quem procura um equil\u00edbrio entre funcionalidade e arte.<\/p>\n","protected":false},"excerpt":{"rendered":"<p>Capa para iPhone 13 Pro Max fabricada em TPU, com um design abstrato em tons de verde e azul. Esta capa destaca-se pela sua imita\u00e7\u00e3o de um mosaico colorido, com formas geom\u00e9tricas que incluem turquesa, laranja e amarelo, criando um efeito visual atraente. Perfeita para quem procura um acess\u00f3rio moderno e funcional que proteja o seu dispositivo ao mesmo tempo que adiciona um toque art\u00edstico inspirado no patrim\u00f3nio cultural.<\/p>\n","protected":false},"featured_media":12337,"template":"","meta":{"_acf_changed":false},"product_brand":[],"product_cat":[685],"product_tag":[],"class_list":{"0":"post-27426","1":"product","2":"type-product","3":"status-publish","4":"has-post-thumbnail","6":"product_cat-capas-para-telemoveis","7":"pa_motivo-resumo","9":"first","10":"instock","11":"shipping-taxable","12":"product-type-simple"},"acf":[],"_links":{"self":[{"href":"https:\/\/olemosaic.com\/pt-pt\/wp-json\/wp\/v2\/product\/27426","targetHints":{"allow":["GET"]}}],"collection":[{"href":"https:\/\/olemosaic.com\/pt-pt\/wp-json\/wp\/v2\/product"}],"about":[{"href":"https:\/\/olemosaic.com\/pt-pt\/wp-json\/wp\/v2\/types\/product"}],"wp:featuredmedia":[{"embeddable":true,"href":"https:\/\/olemosaic.com\/pt-pt\/wp-json\/wp\/v2\/media\/12337"}],"wp:attachment":[{"href":"https:\/\/olemosaic.com\/pt-pt\/wp-json\/wp\/v2\/media?parent=27426"}],"wp:term":[{"taxonomy":"product_brand","embeddable":true,"href":"https:\/\/olemosaic.com\/pt-pt\/wp-json\/wp\/v2\/product_brand?post=27426"},{"taxonomy":"product_cat","embeddable":true,"href":"https:\/\/olemosaic.com\/pt-pt\/wp-json\/wp\/v2\/product_cat?post=27426"},{"taxonomy":"product_tag","embeddable":true,"href":"https:\/\/olemosaic.com\/pt-pt\/wp-json\/wp\/v2\/product_tag?post=27426"}],"curies":[{"name":"wp","href":"https:\/\/api.w.org\/{rel}","templated":true}]}}