{"id":27384,"date":"2025-02-20T22:28:55","date_gmt":"2025-02-20T22:28:55","guid":{"rendered":"http:\/\/olemosaic.com\/producto\/funda-de-telefono-para-iphone-13-promax-tpu-abstracto-verde\/"},"modified":"2025-07-25T20:38:46","modified_gmt":"2025-07-25T18:38:46","slug":"capa-de-telemovel-para-iphone-13-promax-tpu-abstrato-verde","status":"publish","type":"product","link":"https:\/\/olemosaic.com\/pt-pt\/produto\/capa-de-telemovel-para-iphone-13-promax-tpu-abstrato-verde\/","title":{"rendered":"Capa de telem\u00f3vel para iPhone 13 Pro Max (TPU). Abstrato. Verde"},"content":{"rendered":"<p>Esta capa para iPhone 13 Pro Max \u00e9 a escolha perfeita para quem procura um acess\u00f3rio que combine estilo, prote\u00e7\u00e3o e originalidade. Fabricada em TPU de alta qualidade, este produto destaca-se pelo seu design abstrato, que apresenta uma explos\u00e3o de cores vibrantes: verde, vermelho, amarelo e azul. A superf\u00edcie da capa tem um acabamento ondulado e fluido que imita um atraente efeito de m\u00e1rmore art\u00edstico, acrescentando um toque moderno e distintivo \u00e0 apar\u00eancia do seu dispositivo.<\/p>\n<p>Al\u00e9m da sua est\u00e9tica atraente, esta capa proporciona uma prote\u00e7\u00e3o duradoura contra choques e riscos, assegurando que o seu iPhone 13 Pro Max se mantenha em \u00f3timas condi\u00e7\u00f5es. O seu ajuste perfeito garante um acesso f\u00e1cil a todos os bot\u00f5es e portas do telem\u00f3vel, oferecendo funcionalidade e uma apar\u00eancia chamativa. Este souvenir \u00e9 ideal para turistas que desejam levar um peda\u00e7o da cultura art\u00edstica contempor\u00e2nea, expressando atrav\u00e9s do seu telem\u00f3vel a ess\u00eancia vibrante das cores que representam a diversidade e criatividade da regi\u00e3o.<\/p>\n<p>Na Ol\u00e9 Mosaic, especializamo-nos na distribui\u00e7\u00e3o de acess\u00f3rios e souvenirs por grosso, e esta capa de telem\u00f3vel \u00e9 uma op\u00e7\u00e3o excecional para lojas de recorda\u00e7\u00f5es tur\u00edsticas que procuram produtos \u00fanicos e cheios de car\u00e1cter. Atraia os seus clientes com este artigo distintivo, funcional e representativo de um estilo de vida moderno.<\/p>\n","protected":false},"excerpt":{"rendered":"<p>Capa para iPhone 13 Pro Max fabricada em TPU, com um design abstrato que mostra uma explos\u00e3o de cores vibrantes como verde, vermelho, amarelo e azul. Esta capa apresenta uma superf\u00edcie ondulada e fluida que imita um efeito de m\u00e1rmore art\u00edstico, proporcionando um toque moderno e distintivo. Al\u00e9m do seu apelo visual, oferece prote\u00e7\u00e3o duradoura e um ajuste perfeito, ideal para quem procura estilo e funcionalidade no seu acess\u00f3rio m\u00f3vel.<\/p>\n","protected":false},"featured_media":12336,"template":"","meta":{"_acf_changed":false},"product_brand":[],"product_cat":[685],"product_tag":[],"class_list":{"0":"post-27384","1":"product","2":"type-product","3":"status-publish","4":"has-post-thumbnail","6":"product_cat-capas-para-telemoveis","7":"pa_motivo-resumo","9":"first","10":"instock","11":"shipping-taxable","12":"product-type-simple"},"acf":[],"_links":{"self":[{"href":"https:\/\/olemosaic.com\/pt-pt\/wp-json\/wp\/v2\/product\/27384","targetHints":{"allow":["GET"]}}],"collection":[{"href":"https:\/\/olemosaic.com\/pt-pt\/wp-json\/wp\/v2\/product"}],"about":[{"href":"https:\/\/olemosaic.com\/pt-pt\/wp-json\/wp\/v2\/types\/product"}],"wp:featuredmedia":[{"embeddable":true,"href":"https:\/\/olemosaic.com\/pt-pt\/wp-json\/wp\/v2\/media\/12336"}],"wp:attachment":[{"href":"https:\/\/olemosaic.com\/pt-pt\/wp-json\/wp\/v2\/media?parent=27384"}],"wp:term":[{"taxonomy":"product_brand","embeddable":true,"href":"https:\/\/olemosaic.com\/pt-pt\/wp-json\/wp\/v2\/product_brand?post=27384"},{"taxonomy":"product_cat","embeddable":true,"href":"https:\/\/olemosaic.com\/pt-pt\/wp-json\/wp\/v2\/product_cat?post=27384"},{"taxonomy":"product_tag","embeddable":true,"href":"https:\/\/olemosaic.com\/pt-pt\/wp-json\/wp\/v2\/product_tag?post=27384"}],"curies":[{"name":"wp","href":"https:\/\/api.w.org\/{rel}","templated":true}]}}