{"id":27383,"date":"2025-02-20T22:28:55","date_gmt":"2025-02-20T22:28:55","guid":{"rendered":"http:\/\/olemosaic.com\/producto\/funda-de-telefono-para-iphone-13-promax-tpu-panoramica-barcelona-azul\/"},"modified":"2025-07-25T20:01:11","modified_gmt":"2025-07-25T18:01:11","slug":"capa-de-telemovel-para-iphone-13-promax-tpu-panoramica-barcelona-azul","status":"publish","type":"product","link":"https:\/\/olemosaic.com\/pt-pt\/produto\/capa-de-telemovel-para-iphone-13-promax-tpu-panoramica-barcelona-azul\/","title":{"rendered":"Capa de telem\u00f3vel para iPhone 13 Pro Max (TPU). Panor\u00e2mica. Barcelona. Azul"},"content":{"rendered":"<p>Esta capa para iPhone 13 Pro Max \u00e9 o presente perfeito para os amantes de Barcelona, pois captura a ess\u00eancia vibrante da cidade condal. Fabricada em TPU, n\u00e3o s\u00f3 protege o dispositivo de forma duradoura e eficaz, como tamb\u00e9m exibe uma colorida panor\u00e2mica de alguns dos elementos mais ic\u00f3nicos de Barcelona. Com um atraente fundo azul, destaca-se a majestosa Sagrada Fam\u00edlia, s\u00edmbolo indiscut\u00edvel da arquitetura modernista de Antoni Gaud\u00ed, rodeada de palmeiras que evocam a atmosfera ensolarada e mediterr\u00e2nica da cidade. Um sol radiante complementa o design, conferindo uma sensa\u00e7\u00e3o de alegria e calor. Al\u00e9m disso, os detalhados toques gr\u00e1ficos e as cores vivas da arte fazem desta capa uma op\u00e7\u00e3o divertida e \u00fanica para mostrar o amor por Barcelona.<\/p>\n<p>Est\u00e1 desenhada para quem procura um souvenir aut\u00eantico e representativo da cultura catal\u00e3, que combine funcionalidade com um estilo atraente. Na Ol\u00e9 Mosaic, como distribuidores de souvenirs e acess\u00f3rios, oferecemos produtos que refletem a rica heran\u00e7a cultural de Espanha. Esta capa para iPhone \u00e9 uma excelente op\u00e7\u00e3o para lojas de recorda\u00e7\u00f5es tur\u00edsticas que desejem oferecer souvenirs aut\u00eanticos de Barcelona que atraiam os visitantes.<\/p>\n","protected":false},"excerpt":{"rendered":"<p>Capa de telem\u00f3vel para iPhone 13 Pro Max fabricada em TPU, com uma vibrante panor\u00e2mica de Barcelona. Com um atraente fundo azul, a capa destaca a emblem\u00e1tica Sagrada Fam\u00edlia juntamente com elementos ic\u00f3nicos da cidade, como palmeiras e um sol radiante. As cores vivas e o design gr\u00e1fico divertido fazem deste acess\u00f3rio uma excelente op\u00e7\u00e3o para proteger o seu dispositivo enquanto mostra o seu amor pela cidade condal.<\/p>\n","protected":false},"featured_media":12341,"template":"","meta":{"_acf_changed":false},"product_brand":[],"product_cat":[685],"product_tag":[],"class_list":{"0":"post-27383","1":"product","2":"type-product","3":"status-publish","4":"has-post-thumbnail","6":"product_cat-capas-para-telemoveis","7":"pa_ciudad-barcelona","8":"pa_motivo-panoramas","9":"pa_pais-espana","11":"first","12":"instock","13":"shipping-taxable","14":"product-type-simple"},"acf":[],"_links":{"self":[{"href":"https:\/\/olemosaic.com\/pt-pt\/wp-json\/wp\/v2\/product\/27383","targetHints":{"allow":["GET"]}}],"collection":[{"href":"https:\/\/olemosaic.com\/pt-pt\/wp-json\/wp\/v2\/product"}],"about":[{"href":"https:\/\/olemosaic.com\/pt-pt\/wp-json\/wp\/v2\/types\/product"}],"wp:featuredmedia":[{"embeddable":true,"href":"https:\/\/olemosaic.com\/pt-pt\/wp-json\/wp\/v2\/media\/12341"}],"wp:attachment":[{"href":"https:\/\/olemosaic.com\/pt-pt\/wp-json\/wp\/v2\/media?parent=27383"}],"wp:term":[{"taxonomy":"product_brand","embeddable":true,"href":"https:\/\/olemosaic.com\/pt-pt\/wp-json\/wp\/v2\/product_brand?post=27383"},{"taxonomy":"product_cat","embeddable":true,"href":"https:\/\/olemosaic.com\/pt-pt\/wp-json\/wp\/v2\/product_cat?post=27383"},{"taxonomy":"product_tag","embeddable":true,"href":"https:\/\/olemosaic.com\/pt-pt\/wp-json\/wp\/v2\/product_tag?post=27383"}],"curies":[{"name":"wp","href":"https:\/\/api.w.org\/{rel}","templated":true}]}}