{"id":27380,"date":"2025-02-20T23:28:55","date_gmt":"2025-02-20T22:28:55","guid":{"rendered":"http:\/\/olemosaic.com\/producto\/funda-de-telefono-para-iphone-13-pro-tpu-abstracto-azul-3\/"},"modified":"2025-07-25T20:38:53","modified_gmt":"2025-07-25T18:38:53","slug":"capa-de-telemovel-para-iphone-13-pro-tpu-abstrato-azul-3","status":"publish","type":"product","link":"https:\/\/olemosaic.com\/pt-pt\/produto\/capa-de-telemovel-para-iphone-13-pro-tpu-abstrato-azul-3\/","title":{"rendered":"Capa de telem\u00f3vel para iPhone 13 Pro (TPU). Abstrato. Padr\u00e3o de losangos. Azul"},"content":{"rendered":"<p>Esta capa para iPhone 13 Pro \u00e9 indispens\u00e1vel para quem procura combinar estilo e prote\u00e7\u00e3o. Fabricada em TPU de alta qualidade, o seu design abstrato apresenta uma paleta de cores vibrante que d\u00e1 vida a um elegante padr\u00e3o de losangos. A transi\u00e7\u00e3o de tons azuis, verdes, amarelos e vermelhos n\u00e3o s\u00f3 atrai o olhar, como tamb\u00e9m confere um ar contempor\u00e2neo que se adapta a qualquer personalidade. A textura suave e flex\u00edvel do TPU assegura um ajuste perfeito e uma resist\u00eancia excecional, protegendo o seu dispositivo de choques e riscos di\u00e1rios.<\/p>\n<p>Visualmente, cada faceta do padr\u00e3o geom\u00e9trico oferece uma experi\u00eancia visual din\u00e2mica, tornando esta capa algo mais do que um acess\u00f3rio funcional: \u00e9 uma afirma\u00e7\u00e3o de estilo. A sua est\u00e9tica moderna e apelativa torna-a um souvenir representativo da criatividade e inova\u00e7\u00e3o do design contempor\u00e2neo, ideal para turistas que desejam levar um fragmento da cultura art\u00edstica espanhola. Na Ol\u00e9 Mosaic, somos o distribuidor grossista de capas de telem\u00f3vel que melhor reflete esta combina\u00e7\u00e3o de autenticidade e apelo visual. Esta capa para iPhone \u00e9 uma excelente op\u00e7\u00e3o para lojas de recorda\u00e7\u00f5es tur\u00edsticas que procuram produtos de qualidade e relev\u00e2ncia cultural.<\/p>\n","protected":false},"excerpt":{"rendered":"<p>Capa para iPhone 13 Pro fabricada em TPU, com um design abstrato que combina uma paleta de cores vibrante numa elegante transi\u00e7\u00e3o de tons azuis, verdes, amarelos e vermelhos. Este protetor destaca-se pelo seu padr\u00e3o de losangos, oferecendo, al\u00e9m de uma prote\u00e7\u00e3o resistente, uma est\u00e9tica moderna e atraente. Ideal para quem deseja real\u00e7ar o seu estilo pessoal com um toque de cor din\u00e2mico e contempor\u00e2neo.<\/p>\n","protected":false},"featured_media":12325,"template":"","meta":{"_acf_changed":false},"product_brand":[],"product_cat":[685],"product_tag":[],"class_list":{"0":"post-27380","1":"product","2":"type-product","3":"status-publish","4":"has-post-thumbnail","6":"product_cat-capas-para-telemoveis","7":"pa_motivo-resumo","9":"first","10":"instock","11":"shipping-taxable","12":"product-type-simple"},"acf":[],"_links":{"self":[{"href":"https:\/\/olemosaic.com\/pt-pt\/wp-json\/wp\/v2\/product\/27380","targetHints":{"allow":["GET"]}}],"collection":[{"href":"https:\/\/olemosaic.com\/pt-pt\/wp-json\/wp\/v2\/product"}],"about":[{"href":"https:\/\/olemosaic.com\/pt-pt\/wp-json\/wp\/v2\/types\/product"}],"wp:featuredmedia":[{"embeddable":true,"href":"https:\/\/olemosaic.com\/pt-pt\/wp-json\/wp\/v2\/media\/12325"}],"wp:attachment":[{"href":"https:\/\/olemosaic.com\/pt-pt\/wp-json\/wp\/v2\/media?parent=27380"}],"wp:term":[{"taxonomy":"product_brand","embeddable":true,"href":"https:\/\/olemosaic.com\/pt-pt\/wp-json\/wp\/v2\/product_brand?post=27380"},{"taxonomy":"product_cat","embeddable":true,"href":"https:\/\/olemosaic.com\/pt-pt\/wp-json\/wp\/v2\/product_cat?post=27380"},{"taxonomy":"product_tag","embeddable":true,"href":"https:\/\/olemosaic.com\/pt-pt\/wp-json\/wp\/v2\/product_tag?post=27380"}],"curies":[{"name":"wp","href":"https:\/\/api.w.org\/{rel}","templated":true}]}}