{"id":27372,"date":"2025-02-20T22:28:54","date_gmt":"2025-02-20T22:28:54","guid":{"rendered":"http:\/\/olemosaic.com\/producto\/funda-de-telefono-para-iphone-13-pro-tpu-abstracto-azul\/"},"modified":"2025-07-25T18:50:39","modified_gmt":"2025-07-25T16:50:39","slug":"capa-de-telemovel-para-iphone-13-pro-tpu-abstrato-azul","status":"publish","type":"product","link":"https:\/\/olemosaic.com\/pt-pt\/produto\/capa-de-telemovel-para-iphone-13-pro-tpu-abstrato-azul\/","title":{"rendered":"Capa de telem\u00f3vel para iPhone 13 Pro (TPU). Abstrato. Azul"},"content":{"rendered":"<p>Esta capa para iPhone 13 Pro \u00e9 uma vibrante express\u00e3o da beleza de Maiorca, que funde funcionalidade e arte numa s\u00f3 pe\u00e7a. Fabricada em TPU, destaca-se pelo seu design abstrato que mistura intensos tons azuis, vermelhos, amarelos e laranjas numa sinfonia de formas fluidas e din\u00e2micas, evocando o esp\u00edrito en\u00e9rgico e colorido da ilha mediterr\u00e2nica. A impress\u00e3o do nome &#8220;Mallorca&#8221; em letras estilizadas adiciona um toque distintivo e contempor\u00e2neo, real\u00e7ando a liga\u00e7\u00e3o cultural com este destino tur\u00edstico de renome mundial.<\/p>\n<p>O uso de materiais de alta qualidade garante a prote\u00e7\u00e3o do dispositivo contra impactos e riscos, tornando-a uma escolha perfeita para quem procura cuidar do seu iPhone com estilo. Esta recorda\u00e7\u00e3o n\u00e3o \u00e9 apenas um acess\u00f3rio quotidiano, mas tamb\u00e9m um lembrete da ess\u00eancia de Maiorca, que atrai turistas de todo o mundo. O seu design art\u00edstico captura a ess\u00eancia da tradi\u00e7\u00e3o local e oferece uma excelente oportunidade de comercializa\u00e7\u00e3o para lojas de presentes tur\u00edsticos que desejem oferecer produtos aut\u00eanticos e representativos.<\/p>\n<p>Na Ol\u00e9 Mosaic, somos distribuidores de recorda\u00e7\u00f5es de qualidade, e esta capa para telem\u00f3vel n\u00e3o \u00e9 apenas ideal para turistas, mas tamb\u00e9m um atraente produto por grosso para neg\u00f3cios que procuram diversificar a sua oferta. Com este artigo, os clientes poder\u00e3o levar um pedacinho de Maiorca para onde quer que v\u00e3o, recordando as maravilhas desta encantadora ilha espanhola.<\/p>\n","protected":false},"excerpt":{"rendered":"<p>Capa para iPhone 13 Pro fabricada em TPU, com um design abstrato vibrante que evoca a beleza de Maiorca. Esta capa destaca-se pelos seus tons azuis, vermelhos, amarelos e laranjas, que se combinam em formas fluidas e din\u00e2micas, conferindo um toque art\u00edstico e moderno. O texto &#8220;Mallorca&#8221; \u00e9 impresso em letras estilizadas, adicionando um elemento distintivo a esta pe\u00e7a funcional, ideal para quem procura proteger o seu dispositivo com estilo.<\/p>\n","protected":false},"featured_media":12936,"template":"","meta":{"_acf_changed":false},"product_brand":[],"product_cat":[685],"product_tag":[],"class_list":{"0":"post-27372","1":"product","2":"type-product","3":"status-publish","4":"has-post-thumbnail","6":"product_cat-capas-para-telemoveis","7":"pa_ciudad-mallorca","8":"pa_motivo-resumo","9":"pa_pais-espana","11":"first","12":"instock","13":"shipping-taxable","14":"product-type-simple"},"acf":[],"_links":{"self":[{"href":"https:\/\/olemosaic.com\/pt-pt\/wp-json\/wp\/v2\/product\/27372","targetHints":{"allow":["GET"]}}],"collection":[{"href":"https:\/\/olemosaic.com\/pt-pt\/wp-json\/wp\/v2\/product"}],"about":[{"href":"https:\/\/olemosaic.com\/pt-pt\/wp-json\/wp\/v2\/types\/product"}],"wp:featuredmedia":[{"embeddable":true,"href":"https:\/\/olemosaic.com\/pt-pt\/wp-json\/wp\/v2\/media\/12936"}],"wp:attachment":[{"href":"https:\/\/olemosaic.com\/pt-pt\/wp-json\/wp\/v2\/media?parent=27372"}],"wp:term":[{"taxonomy":"product_brand","embeddable":true,"href":"https:\/\/olemosaic.com\/pt-pt\/wp-json\/wp\/v2\/product_brand?post=27372"},{"taxonomy":"product_cat","embeddable":true,"href":"https:\/\/olemosaic.com\/pt-pt\/wp-json\/wp\/v2\/product_cat?post=27372"},{"taxonomy":"product_tag","embeddable":true,"href":"https:\/\/olemosaic.com\/pt-pt\/wp-json\/wp\/v2\/product_tag?post=27372"}],"curies":[{"name":"wp","href":"https:\/\/api.w.org\/{rel}","templated":true}]}}