{"id":27364,"date":"2025-02-20T22:28:52","date_gmt":"2025-02-20T22:28:52","guid":{"rendered":"http:\/\/olemosaic.com\/producto\/funda-de-telefono-para-iphone-13-pro-tpu-gato-mallorca-negro\/"},"modified":"2025-07-25T20:11:39","modified_gmt":"2025-07-25T18:11:39","slug":"capa-de-telemovel-para-iphone-13-pro-tpu-gato-maiorca-preto","status":"publish","type":"product","link":"https:\/\/olemosaic.com\/pt-pt\/produto\/capa-de-telemovel-para-iphone-13-pro-tpu-gato-maiorca-preto\/","title":{"rendered":"Capa de telem\u00f3vel para iPhone 13 Pro (TPU). Gato. Maiorca. Preto"},"content":{"rendered":"<p>Esta capa para iPhone 13 Pro \u00e9 um acess\u00f3rio imprescind\u00edvel para os amantes de Maiorca e da cultura mediterr\u00e2nica. Fabricada em TPU de alta qualidade, oferece uma prote\u00e7\u00e3o robusta contra golpes e quedas, assegurando que o seu dispositivo esteja sempre a salvo. O design vibrante apresenta um gato encantador em tons coloridos que captura o esp\u00edrito art\u00edstico da ilha, com um fundo preto que intensifica a luminosidade das formas geom\u00e9tricas em azul, verde, amarelo e vermelho que comp\u00f5em a figura felina. Acompanhado de borboletas em voo, este design acrescenta um toque de alegria e frescura, transformando o acess\u00f3rio numa aut\u00eantica obra de arte port\u00e1til.<\/p>\n<p>O texto &#8220;Mallorca&#8221; numa tipografia moderna situa-se na parte inferior, acrescentando um detalhe pessoal e aut\u00eantico que refor\u00e7a a sua liga\u00e7\u00e3o com a regi\u00e3o. Esta capa n\u00e3o s\u00f3 protege o telem\u00f3vel, como tamb\u00e9m representa uma recorda\u00e7\u00e3o significativa de Maiorca, capturando a ess\u00eancia da sua beleza natural e da sua cultura vibrante.<\/p>\n<p>Na Ol\u00e9 Mosaic, especializamo-nos na distribui\u00e7\u00e3o de souvenirs por grosso, e esta capa de telem\u00f3vel apresenta-se como uma op\u00e7\u00e3o excelente para lojas de presentes tur\u00edsticos que procuram oferecer produtos \u00fanicos e representativos da ilha. Com esta capa, os seus clientes n\u00e3o s\u00f3 adquirir\u00e3o um acess\u00f3rio funcional, como tamb\u00e9m um peda\u00e7o da heran\u00e7a cultural de Maiorca que poder\u00e3o levar consigo para qualquer lugar.<\/p>\n","protected":false},"excerpt":{"rendered":"<p>Capa para iPhone 13 Pro fabricada em TPU, com um design vibrante de um gato em tons alegres que evoca o estilo art\u00edstico de Maiorca. O fundo preto real\u00e7a a figura do gato, composto por formas geom\u00e9tricas em azul, verde, amarelo e vermelho, acompanhado de borboletas que acrescentam um toque de alegria. Na parte inferior, a palavra &#8220;Mallorca&#8221; destaca-se com uma tipografia moderna, tornando este acess\u00f3rio uma op\u00e7\u00e3o \u00fanica e chamativa para os amantes da ilha.<\/p>\n","protected":false},"featured_media":12937,"template":"","meta":{"_acf_changed":false},"product_brand":[],"product_cat":[685],"product_tag":[516],"class_list":{"0":"post-27364","1":"product","2":"type-product","3":"status-publish","4":"has-post-thumbnail","6":"product_cat-capas-para-telemoveis","7":"product_tag-animais","8":"pa_ciudad-mallorca","9":"pa_motivo-gatos","10":"pa_pais-espana","12":"first","13":"instock","14":"shipping-taxable","15":"product-type-simple"},"acf":[],"_links":{"self":[{"href":"https:\/\/olemosaic.com\/pt-pt\/wp-json\/wp\/v2\/product\/27364","targetHints":{"allow":["GET"]}}],"collection":[{"href":"https:\/\/olemosaic.com\/pt-pt\/wp-json\/wp\/v2\/product"}],"about":[{"href":"https:\/\/olemosaic.com\/pt-pt\/wp-json\/wp\/v2\/types\/product"}],"wp:featuredmedia":[{"embeddable":true,"href":"https:\/\/olemosaic.com\/pt-pt\/wp-json\/wp\/v2\/media\/12937"}],"wp:attachment":[{"href":"https:\/\/olemosaic.com\/pt-pt\/wp-json\/wp\/v2\/media?parent=27364"}],"wp:term":[{"taxonomy":"product_brand","embeddable":true,"href":"https:\/\/olemosaic.com\/pt-pt\/wp-json\/wp\/v2\/product_brand?post=27364"},{"taxonomy":"product_cat","embeddable":true,"href":"https:\/\/olemosaic.com\/pt-pt\/wp-json\/wp\/v2\/product_cat?post=27364"},{"taxonomy":"product_tag","embeddable":true,"href":"https:\/\/olemosaic.com\/pt-pt\/wp-json\/wp\/v2\/product_tag?post=27364"}],"curies":[{"name":"wp","href":"https:\/\/api.w.org\/{rel}","templated":true}]}}