{"id":27363,"date":"2025-02-20T22:28:52","date_gmt":"2025-02-20T22:28:52","guid":{"rendered":"http:\/\/olemosaic.com\/producto\/funda-de-telefono-para-iphone-13-pro-tpu-motivos-marinos-azul\/"},"modified":"2025-07-25T18:53:44","modified_gmt":"2025-07-25T16:53:44","slug":"capa-de-telemovel-para-iphone-13-pro-tpu-motivos-marinhos-azul","status":"publish","type":"product","link":"https:\/\/olemosaic.com\/pt-pt\/produto\/capa-de-telemovel-para-iphone-13-pro-tpu-motivos-marinhos-azul\/","title":{"rendered":"Capa de telem\u00f3vel para iPhone 13 Pro (TPU). Motivos marinhos. Azul"},"content":{"rendered":"<p>Esta capa para iPhone 13 Pro \u00e9 o acess\u00f3rio perfeito para os amantes do oceano e da vida marinha. Fabricada em TPU de alta qualidade, combina uma prote\u00e7\u00e3o robusta com um design vibrante que evoca a beleza do mundo submarino. A sua superf\u00edcie mostra um fundo azul profundo, onde nadam peixes coloridos, tartarugas e cavalos-marinhos, cada um cuidadosamente ilustrado, criando uma sensa\u00e7\u00e3o de movimento que transporta quem a usa para os mares do Mediterr\u00e2neo.<\/p>\n<p>Na parte inferior, um mosaico de tons alaranjados simula um ambiente marinho repleto de vida, complementando na perfei\u00e7\u00e3o os motivos marinhos da parte superior. Este design n\u00e3o s\u00f3 confere um toque de frescura e estilo, como tamb\u00e9m reflete a rica biodiversidade e a liga\u00e7\u00e3o de Espanha com o mar. Como recorda\u00e7\u00e3o, esta capa captura a ess\u00eancia do litoral espanhol, tornando-se um souvenir \u00fanico da beleza natural que rodeia as costas do pa\u00eds.<\/p>\n<p>Na Ol\u00e9 Mosaic, somos distribuidores grossistas de acess\u00f3rios que real\u00e7am o patrim\u00f3nio cultural e natural de Espanha. Esta capa \u00e9 uma excelente op\u00e7\u00e3o para lojas de presentes tur\u00edsticos que procuram produtos aut\u00eanticos e de qualidade. Com o seu design atraente e a sua funcionalidade, esta capa n\u00e3o s\u00f3 protege dispositivos, como tamb\u00e9m celebra a impressionante vida marinha, tornando-se um imprescind\u00edvel para quem procura souvenirs que combitem arte e utilidade.<\/p>\n","protected":false},"excerpt":{"rendered":"<p>Capa para iPhone 13 Pro fabricada em TPU, decorada com motivos marinhos vibrantes. O seu design inclui peixes coloridos, tartarugas e cavalos-marinhos, que nadam sobre um fundo azul profundo, evocando a beleza do oceano. A parte inferior apresenta um mosaico de tons alaranjados, simulando um fundo marinho cheio de vida. Esta capa combina prote\u00e7\u00e3o e estilo, perfeita para os amantes do mar e da natureza.<\/p>\n","protected":false},"featured_media":12318,"template":"","meta":{"_acf_changed":false},"product_brand":[],"product_cat":[685],"product_tag":[516],"class_list":{"0":"post-27363","1":"product","2":"type-product","3":"status-publish","4":"has-post-thumbnail","6":"product_cat-capas-para-telemoveis","7":"product_tag-animais","8":"pa_motivo-animais-marinhos","10":"first","11":"instock","12":"shipping-taxable","13":"product-type-simple"},"acf":[],"_links":{"self":[{"href":"https:\/\/olemosaic.com\/pt-pt\/wp-json\/wp\/v2\/product\/27363","targetHints":{"allow":["GET"]}}],"collection":[{"href":"https:\/\/olemosaic.com\/pt-pt\/wp-json\/wp\/v2\/product"}],"about":[{"href":"https:\/\/olemosaic.com\/pt-pt\/wp-json\/wp\/v2\/types\/product"}],"wp:featuredmedia":[{"embeddable":true,"href":"https:\/\/olemosaic.com\/pt-pt\/wp-json\/wp\/v2\/media\/12318"}],"wp:attachment":[{"href":"https:\/\/olemosaic.com\/pt-pt\/wp-json\/wp\/v2\/media?parent=27363"}],"wp:term":[{"taxonomy":"product_brand","embeddable":true,"href":"https:\/\/olemosaic.com\/pt-pt\/wp-json\/wp\/v2\/product_brand?post=27363"},{"taxonomy":"product_cat","embeddable":true,"href":"https:\/\/olemosaic.com\/pt-pt\/wp-json\/wp\/v2\/product_cat?post=27363"},{"taxonomy":"product_tag","embeddable":true,"href":"https:\/\/olemosaic.com\/pt-pt\/wp-json\/wp\/v2\/product_tag?post=27363"}],"curies":[{"name":"wp","href":"https:\/\/api.w.org\/{rel}","templated":true}]}}