{"id":27361,"date":"2025-02-20T22:28:52","date_gmt":"2025-02-20T22:28:52","guid":{"rendered":"http:\/\/olemosaic.com\/producto\/funda-de-telefono-para-iphone-13-tpu-abstracto-negro\/"},"modified":"2025-07-25T19:45:56","modified_gmt":"2025-07-25T17:45:56","slug":"capa-de-telemovel-para-iphone-13-tpu-abstrato-preto","status":"publish","type":"product","link":"https:\/\/olemosaic.com\/pt-pt\/produto\/capa-de-telemovel-para-iphone-13-tpu-abstrato-preto\/","title":{"rendered":"Capa de telem\u00f3vel para iPhone 13 (TPU). Abstrato. Preto"},"content":{"rendered":"<p>Esta capa para iPhone 13 \u00e9 uma pe\u00e7a \u00fanica que combina funcionalidade e design art\u00edstico, ideal para quem quer real\u00e7ar o seu estilo pessoal. Elaborada em material TPU de alta qualidade, oferece uma prote\u00e7\u00e3o robusta e flex\u00edvel contra golpes e quedas, assegurando a integridade do seu dispositivo em todos os momentos. O seu design abstrato destaca-se por uma explos\u00e3o de cores vibrantes que se entrela\u00e7am numa elegante mistura de tons azuis, laranjas e rosas, criando um efeito visual impressionante que n\u00e3o deixar\u00e1 ningu\u00e9m indiferente. O fundo preto real\u00e7a ainda mais estas tonalidades, proporcionando um contraste que transforma o seu iPhone numa obra de arte port\u00e1til.<\/p>\n<p>O estilo moderno e en\u00e9rgico desta capa n\u00e3o \u00e9 apenas um acess\u00f3rio de prote\u00e7\u00e3o, mas tamb\u00e9m um reflexo das tend\u00eancias art\u00edsticas contempor\u00e2neas, o que a torna uma recorda\u00e7\u00e3o perfeita para turistas que desejam levar consigo um peda\u00e7o da cultura visual contempor\u00e2nea de Espanha. Com a sua autenticidade e apelo visual, esta capa \u00e9 uma excelente op\u00e7\u00e3o para lojas de presentes tur\u00edsticos que procuram oferecer produtos inovadores e representativos. Na Ol\u00e9 Mosaic, como distribuidor de acess\u00f3rios de qualidade por grosso, garantimos que cada capa \u00e9 uma amostra do estilo e da criatividade que os visitantes desejam levar da sua experi\u00eancia.<\/p>\n","protected":false},"excerpt":{"rendered":"<p>Capa para iPhone 13 fabricada em TPU, com um design abstrato que mostra uma explos\u00e3o de cores vibrantes. A composi\u00e7\u00e3o combina tons azuis, laranjas e rosas que se entrela\u00e7am numa elegante mistura, criando um efeito chamativo. Este acess\u00f3rio n\u00e3o s\u00f3 protege o seu dispositivo, como tamb\u00e9m confere um toque art\u00edstico e moderno, ideal para quem procura destacar o seu estilo pessoal.<\/p>\n","protected":false},"featured_media":12308,"template":"","meta":{"_acf_changed":false},"product_brand":[],"product_cat":[685],"product_tag":[],"class_list":{"0":"post-27361","1":"product","2":"type-product","3":"status-publish","4":"has-post-thumbnail","6":"product_cat-capas-para-telemoveis","7":"pa_motivo-resumo","9":"first","10":"instock","11":"shipping-taxable","12":"product-type-simple"},"acf":[],"_links":{"self":[{"href":"https:\/\/olemosaic.com\/pt-pt\/wp-json\/wp\/v2\/product\/27361","targetHints":{"allow":["GET"]}}],"collection":[{"href":"https:\/\/olemosaic.com\/pt-pt\/wp-json\/wp\/v2\/product"}],"about":[{"href":"https:\/\/olemosaic.com\/pt-pt\/wp-json\/wp\/v2\/types\/product"}],"wp:featuredmedia":[{"embeddable":true,"href":"https:\/\/olemosaic.com\/pt-pt\/wp-json\/wp\/v2\/media\/12308"}],"wp:attachment":[{"href":"https:\/\/olemosaic.com\/pt-pt\/wp-json\/wp\/v2\/media?parent=27361"}],"wp:term":[{"taxonomy":"product_brand","embeddable":true,"href":"https:\/\/olemosaic.com\/pt-pt\/wp-json\/wp\/v2\/product_brand?post=27361"},{"taxonomy":"product_cat","embeddable":true,"href":"https:\/\/olemosaic.com\/pt-pt\/wp-json\/wp\/v2\/product_cat?post=27361"},{"taxonomy":"product_tag","embeddable":true,"href":"https:\/\/olemosaic.com\/pt-pt\/wp-json\/wp\/v2\/product_tag?post=27361"}],"curies":[{"name":"wp","href":"https:\/\/api.w.org\/{rel}","templated":true}]}}