{"id":27360,"date":"2025-02-20T22:28:52","date_gmt":"2025-02-20T22:28:52","guid":{"rendered":"http:\/\/olemosaic.com\/producto\/funda-de-telefono-para-iphone-13-tpu-salamandra-negro\/"},"modified":"2025-07-25T19:11:50","modified_gmt":"2025-07-25T17:11:50","slug":"capa-de-telemovel-para-iphone-13-tpu-salamandra-preto","status":"publish","type":"product","link":"https:\/\/olemosaic.com\/pt-pt\/produto\/capa-de-telemovel-para-iphone-13-tpu-salamandra-preto\/","title":{"rendered":"Capa de telem\u00f3vel para iPhone 13 (TPU). Salamandra. Preto"},"content":{"rendered":"<p>Esta capa para iPhone 13 \u00e9 uma pe\u00e7a singular que funde prote\u00e7\u00e3o e estilo, ideal para quem deseja expressar a sua personalidade com um toque cultural. Fabricada em TPU, este acess\u00f3rio oferece uma excelente durabilidade, protegendo o seu dispositivo de quedas e riscos. O seu design atraente apresenta desenhos intrincados de salamandras em tons vibrantes de vermelho, verde e azul, que parecem dan\u00e7ar sobre um fundo preto, criando um contraste visual impactante. As salamandras est\u00e3o adornadas com flores delicadas em diversas cores, que conferem um toque de frescura e originalidade ao design.<\/p>\n<p>Este design n\u00e3o \u00e9 apenas visualmente cativante, mas tamb\u00e9m reflete a riqueza da arte e do folclore espanhol, um s\u00edmbolo de biodiversidade vibrante que foi reinterpretado artisticamente ao longo dos anos. As salamandras t\u00eam sido tradicionalmente associadas \u00e0 transforma\u00e7\u00e3o e \u00e0 renova\u00e7\u00e3o em diversas culturas, o que acrescenta um significado profundo a esta recorda\u00e7\u00e3o. Ideal para turistas que procuram uma lembran\u00e7a aut\u00eantica, esta capa \u00e9 uma excelente op\u00e7\u00e3o para lojas de presentes. Na Ol\u00e9 Mosaic, como distribuidores de capas por grosso, garantimos que este produto culturalmente relevante n\u00e3o s\u00f3 proteger\u00e1 o iPhone, como tamb\u00e9m ser\u00e1 uma bela recorda\u00e7\u00e3o que captura a ess\u00eancia de Espanha.<\/p>\n","protected":false},"excerpt":{"rendered":"<p>Capa para iPhone 13 de TPU, com um design atraente de salamandras coloridas sobre fundo preto. Este acess\u00f3rio destaca-se pelos seus desenhos intrincados de salamandras em tons vibrantes de vermelho, verde e azul, adornados com motivos florais em cores quentes e frias, que evocam a arte espanhola. Ideal para quem procura proteger o seu dispositivo com um estilo \u00fanico e original, que real\u00e7a a cultura e o folclore.<\/p>\n","protected":false},"featured_media":13004,"template":"","meta":{"_acf_changed":false},"product_brand":[],"product_cat":[685],"product_tag":[516],"class_list":{"0":"post-27360","1":"product","2":"type-product","3":"status-publish","4":"has-post-thumbnail","6":"product_cat-capas-para-telemoveis","7":"product_tag-animais","8":"pa_motivo-salamandras","10":"first","11":"instock","12":"shipping-taxable","13":"product-type-simple"},"acf":[],"_links":{"self":[{"href":"https:\/\/olemosaic.com\/pt-pt\/wp-json\/wp\/v2\/product\/27360","targetHints":{"allow":["GET"]}}],"collection":[{"href":"https:\/\/olemosaic.com\/pt-pt\/wp-json\/wp\/v2\/product"}],"about":[{"href":"https:\/\/olemosaic.com\/pt-pt\/wp-json\/wp\/v2\/types\/product"}],"wp:featuredmedia":[{"embeddable":true,"href":"https:\/\/olemosaic.com\/pt-pt\/wp-json\/wp\/v2\/media\/13004"}],"wp:attachment":[{"href":"https:\/\/olemosaic.com\/pt-pt\/wp-json\/wp\/v2\/media?parent=27360"}],"wp:term":[{"taxonomy":"product_brand","embeddable":true,"href":"https:\/\/olemosaic.com\/pt-pt\/wp-json\/wp\/v2\/product_brand?post=27360"},{"taxonomy":"product_cat","embeddable":true,"href":"https:\/\/olemosaic.com\/pt-pt\/wp-json\/wp\/v2\/product_cat?post=27360"},{"taxonomy":"product_tag","embeddable":true,"href":"https:\/\/olemosaic.com\/pt-pt\/wp-json\/wp\/v2\/product_tag?post=27360"}],"curies":[{"name":"wp","href":"https:\/\/api.w.org\/{rel}","templated":true}]}}