{"id":27319,"date":"2025-02-20T22:28:51","date_gmt":"2025-02-20T22:28:51","guid":{"rendered":"http:\/\/olemosaic.com\/producto\/funda-de-telefono-para-iphone-13-tpu-punt-de-trobada-barcelona-blanco\/"},"modified":"2025-07-25T18:54:47","modified_gmt":"2025-07-25T16:54:47","slug":"capa-de-telemovel-para-iphone-13-tpu-punt-de-trobada-barcelona-branco","status":"publish","type":"product","link":"https:\/\/olemosaic.com\/pt-pt\/produto\/capa-de-telemovel-para-iphone-13-tpu-punt-de-trobada-barcelona-branco\/","title":{"rendered":"Capa de telem\u00f3vel para iPhone 13 (TPU). Punt de trobada. Barcelona. Branco"},"content":{"rendered":"<p>Esta capa para iPhone 13 \u00e9 um acess\u00f3rio imprescind\u00edvel que captura a ess\u00eancia vibrante de Barcelona atrav\u00e9s do ic\u00f3nico design de \u00abPunt de Trobada\u00bb, criado pelo reconhecido artista Antoni Gaud\u00ed. Fabricada em TPU, esta capa n\u00e3o s\u00f3 protege eficazmente o seu dispositivo, como tamb\u00e9m o converte numa obra de arte port\u00e1til. O seu design destaca um mosaico colorido cheio de formas geom\u00e9tricas, onde os vivos tons vermelho, azul, amarelo e verde se distribuem habilmente sobre um fundo branco que real\u00e7a a sua luminosidade. Na parte inferior, a palavra \u00abBarcelona\u00bb integra-se com eleg\u00e2ncia, oferecendo um toque pessoal que sublinha a liga\u00e7\u00e3o com a cidade. Este produto n\u00e3o \u00e9 simplesmente uma capa, mas sim uma homenagem \u00e0 rica cultura e \u00e0 criatividade que definem a arquitetura modernista de Barcelona. Como recorda\u00e7\u00e3o aut\u00eantica, posiciona-se como um excelente presente para os turistas que procuram levar um pedacinho desta m\u00e1gica cidade. Na Ol\u00e9 Mosaic, especializamo-nos na distribui\u00e7\u00e3o de recorda\u00e7\u00f5es por grosso, e esta capa \u00e9 uma op\u00e7\u00e3o de destaque para lojas de presentes tur\u00edsticos que desejem oferecer produtos singulares e culturalmente significativos. Com a nossa sele\u00e7\u00e3o de capas para telem\u00f3vel, poder\u00e1 oferecer aos seus clientes uma recorda\u00e7\u00e3o pr\u00e1tica e esteticamente cativante de Barcelona.<\/p>\n","protected":false},"excerpt":{"rendered":"<p>Capa para iPhone 13 fabricada em TPU, decorada com o famoso design &#8220;Punt de Trobada&#8221; do artista Antoni Gaud\u00ed, que representa um mosaico vibrante de cores. Este acess\u00f3rio evoca o esp\u00edrito ic\u00f3nico de Barcelona com as suas formas geom\u00e9tricas e toques de vermelho, azul, amarelo e verde, sobre um fundo branco. A palavra &#8220;Barcelona&#8221; aparece na parte inferior, acrescentando um toque pessoal a esta pr\u00e1tica recorda\u00e7\u00e3o.<\/p>\n","protected":false},"featured_media":12280,"template":"","meta":{"_acf_changed":false},"product_brand":[],"product_cat":[685],"product_tag":[],"class_list":{"0":"post-27319","1":"product","2":"type-product","3":"status-publish","4":"has-post-thumbnail","6":"product_cat-capas-para-telemoveis","7":"pa_ciudad-barcelona","8":"pa_motivo-punt-de-trobada","9":"pa_pais-espana","11":"first","12":"instock","13":"shipping-taxable","14":"product-type-simple"},"acf":[],"_links":{"self":[{"href":"https:\/\/olemosaic.com\/pt-pt\/wp-json\/wp\/v2\/product\/27319","targetHints":{"allow":["GET"]}}],"collection":[{"href":"https:\/\/olemosaic.com\/pt-pt\/wp-json\/wp\/v2\/product"}],"about":[{"href":"https:\/\/olemosaic.com\/pt-pt\/wp-json\/wp\/v2\/types\/product"}],"wp:featuredmedia":[{"embeddable":true,"href":"https:\/\/olemosaic.com\/pt-pt\/wp-json\/wp\/v2\/media\/12280"}],"wp:attachment":[{"href":"https:\/\/olemosaic.com\/pt-pt\/wp-json\/wp\/v2\/media?parent=27319"}],"wp:term":[{"taxonomy":"product_brand","embeddable":true,"href":"https:\/\/olemosaic.com\/pt-pt\/wp-json\/wp\/v2\/product_brand?post=27319"},{"taxonomy":"product_cat","embeddable":true,"href":"https:\/\/olemosaic.com\/pt-pt\/wp-json\/wp\/v2\/product_cat?post=27319"},{"taxonomy":"product_tag","embeddable":true,"href":"https:\/\/olemosaic.com\/pt-pt\/wp-json\/wp\/v2\/product_tag?post=27319"}],"curies":[{"name":"wp","href":"https:\/\/api.w.org\/{rel}","templated":true}]}}