{"id":27318,"date":"2025-02-20T22:28:51","date_gmt":"2025-02-20T22:28:51","guid":{"rendered":"http:\/\/olemosaic.com\/producto\/funda-de-telefono-para-iphone-13-tpu-abstracto-azul-2\/"},"modified":"2025-07-25T20:04:05","modified_gmt":"2025-07-25T18:04:05","slug":"capa-de-telemovel-para-iphone-13-tpu-abstrato-azul-2","status":"publish","type":"product","link":"https:\/\/olemosaic.com\/pt-pt\/produto\/capa-de-telemovel-para-iphone-13-tpu-abstrato-azul-2\/","title":{"rendered":"Capa de telem\u00f3vel para iPhone 13 (TPU). Abstrato. Azul"},"content":{"rendered":"<p>Esta capa para iPhone 13 \u00e9 um acess\u00f3rio imprescind\u00edvel se procura combinar prote\u00e7\u00e3o e estilo, com um design que captura a ess\u00eancia vibrante das costas de Maiorca. Fabricada com TPU de alta qualidade, destaca-se pela sua durabilidade e flexibilidade, assegurando que o seu dispositivo esteja bem protegido contra choques e riscos. O design abstrato \u00e9 composto por irresist\u00edveis tons azuis, rosas e amarelos que fluem e se entrela\u00e7am, criando um efeito visual din\u00e2mico que atrai olhares e reflete a energia do ver\u00e3o na ilha.<\/p>\n<p>A palavra &#8220;Mallorca&#8221; apresenta-se em letras estilizadas numa cor contrastante, acrescentando um toque distintivo e atraente que real\u00e7a a liga\u00e7\u00e3o com esta bela regi\u00e3o do Mediterr\u00e2neo. Esta recorda\u00e7\u00e3o n\u00e3o s\u00f3 serve como um pr\u00e1tico protetor para o seu telem\u00f3vel, como tamb\u00e9m atua como um lembrete constante das impressionantes vistas e da cultura insular. Al\u00e9m disso, o seu design moderno e atraente torna-a uma excelente escolha para turistas que procuram levar para casa um peda\u00e7o de Maiorca.<\/p>\n<p>Na Ol\u00e9 Mosaic, oferecemos uma variedade de recorda\u00e7\u00f5es aut\u00eanticas e \u00fanicas por grosso, incluindo esta capa para iPhone, perfeita para lojas de presentes tur\u00edsticos. Cada pe\u00e7a reflete a tradi\u00e7\u00e3o e o encanto local, fazendo deste acess\u00f3rio uma op\u00e7\u00e3o ideal para quem valoriza a originalidade e a arte na sua cole\u00e7\u00e3o de recorda\u00e7\u00f5es de Maiorca.<\/p>\n","protected":false},"excerpt":{"rendered":"<p>Capa para iPhone 13 fabricada em TPU, com um design abstrato vibrante que evoca as costas de Maiorca. Destaca-se pelos seus tons azuis, rosas e amarelos, criando um efeito visual din\u00e2mico e moderno. A palavra &#8220;Mallorca&#8221; em letras estilizadas real\u00e7a o design, conferindo um toque distintivo e atraente. Ideal para quem deseja proteger o seu dispositivo com estilo, esta capa combina arte e funcionalidade num \u00fanico produto.<\/p>\n","protected":false},"featured_media":12930,"template":"","meta":{"_acf_changed":false},"product_brand":[],"product_cat":[685],"product_tag":[],"class_list":{"0":"post-27318","1":"product","2":"type-product","3":"status-publish","4":"has-post-thumbnail","6":"product_cat-capas-para-telemoveis","7":"pa_ciudad-mallorca","8":"pa_motivo-resumo","9":"pa_pais-espana","11":"first","12":"instock","13":"shipping-taxable","14":"product-type-simple"},"acf":[],"_links":{"self":[{"href":"https:\/\/olemosaic.com\/pt-pt\/wp-json\/wp\/v2\/product\/27318","targetHints":{"allow":["GET"]}}],"collection":[{"href":"https:\/\/olemosaic.com\/pt-pt\/wp-json\/wp\/v2\/product"}],"about":[{"href":"https:\/\/olemosaic.com\/pt-pt\/wp-json\/wp\/v2\/types\/product"}],"wp:featuredmedia":[{"embeddable":true,"href":"https:\/\/olemosaic.com\/pt-pt\/wp-json\/wp\/v2\/media\/12930"}],"wp:attachment":[{"href":"https:\/\/olemosaic.com\/pt-pt\/wp-json\/wp\/v2\/media?parent=27318"}],"wp:term":[{"taxonomy":"product_brand","embeddable":true,"href":"https:\/\/olemosaic.com\/pt-pt\/wp-json\/wp\/v2\/product_brand?post=27318"},{"taxonomy":"product_cat","embeddable":true,"href":"https:\/\/olemosaic.com\/pt-pt\/wp-json\/wp\/v2\/product_cat?post=27318"},{"taxonomy":"product_tag","embeddable":true,"href":"https:\/\/olemosaic.com\/pt-pt\/wp-json\/wp\/v2\/product_tag?post=27318"}],"curies":[{"name":"wp","href":"https:\/\/api.w.org\/{rel}","templated":true}]}}