{"id":27317,"date":"2025-02-20T22:28:51","date_gmt":"2025-02-20T22:28:51","guid":{"rendered":"http:\/\/olemosaic.com\/producto\/funda-de-telefono-para-iphone-13-tpu-mosaico-blanco\/"},"modified":"2025-07-25T20:30:08","modified_gmt":"2025-07-25T18:30:08","slug":"capa-de-telemovel-para-iphone-13-tpu-mosaico-branco","status":"publish","type":"product","link":"https:\/\/olemosaic.com\/pt-pt\/produto\/capa-de-telemovel-para-iphone-13-tpu-mosaico-branco\/","title":{"rendered":"Capa de telem\u00f3vel para iPhone 13 (TPU). Mosaico. Branco"},"content":{"rendered":"<p>Esta capa de TPU para iPhone 13 \u00e9 um acess\u00f3rio elegante e pr\u00e1tico que funde na perfei\u00e7\u00e3o design e funcionalidade. Com um vibrante mosaico que exibe uma s\u00e9rie de padr\u00f5es geom\u00e9tricos e florais numa rica paleta de azuis, vermelhos, laranjas e amarelos, esta capa evoca a emblem\u00e1tica tradi\u00e7\u00e3o da cer\u00e2mica espanhola, c\u00e9lebre pelo seu colorido e artesanato. A superf\u00edcie brilhante n\u00e3o s\u00f3 confere atrativo est\u00e9tico, como tamb\u00e9m protege o dispositivo contra choques e riscos, assegurando que o seu iPhone conserva a sua beleza e funcionalidade.<\/p>\n<p>Cada detalhe da capa reflete a riqueza cultural de Espanha, tornando-a uma aut\u00eantica recorda\u00e7\u00e3o que real\u00e7a a vida e energia das suas cidades, perfeita para turistas que procuram recordar a sua visita de uma forma distintiva e art\u00edstica. O design em mosaico n\u00e3o s\u00f3 \u00e9 um s\u00edmbolo da cultura espanhola, como tamb\u00e9m um exemplo de como a arte pode integrar-se na vida quotidiana. Na Ol\u00e9 Mosaic compreendemos a import\u00e2ncia de oferecer produtos que n\u00e3o s\u00f3 sejam pr\u00e1ticos, mas que tamb\u00e9m contem uma hist\u00f3ria. Esta capa \u00e9 a escolha ideal para lojas de presentes tur\u00edsticos que desejem oferecer aos seus clientes uma recorda\u00e7\u00e3o memor\u00e1vel da sua viagem a Espanha. Como grossistas de acess\u00f3rios, garantimos qualidade e autenticidade em cada pe\u00e7a.<\/p>\n","protected":false},"excerpt":{"rendered":"<p>Capa de telem\u00f3vel para iPhone 13 de TPU com um design de mosaico vibrante. Este artigo apresenta uma colorida s\u00e9rie de padr\u00f5es geom\u00e9tricos e florais em tons azuis, vermelhos, laranjas e amarelos, evocando a rica tradi\u00e7\u00e3o da cer\u00e2mica espanhola. A sua superf\u00edcie brilhante e duradoura protege o dispositivo contra choques e riscos, conferindo um toque art\u00edstico e cultural ao seu telem\u00f3vel. Ideal para quem procura fundir estilo e funcionalidade.<\/p>\n","protected":false},"featured_media":13003,"template":"","meta":{"_acf_changed":false},"product_brand":[],"product_cat":[685],"product_tag":[],"class_list":{"0":"post-27317","1":"product","2":"type-product","3":"status-publish","4":"has-post-thumbnail","6":"product_cat-capas-para-telemoveis","7":"pa_motivo-mosaico","9":"first","10":"instock","11":"shipping-taxable","12":"product-type-simple"},"acf":[],"_links":{"self":[{"href":"https:\/\/olemosaic.com\/pt-pt\/wp-json\/wp\/v2\/product\/27317","targetHints":{"allow":["GET"]}}],"collection":[{"href":"https:\/\/olemosaic.com\/pt-pt\/wp-json\/wp\/v2\/product"}],"about":[{"href":"https:\/\/olemosaic.com\/pt-pt\/wp-json\/wp\/v2\/types\/product"}],"wp:featuredmedia":[{"embeddable":true,"href":"https:\/\/olemosaic.com\/pt-pt\/wp-json\/wp\/v2\/media\/13003"}],"wp:attachment":[{"href":"https:\/\/olemosaic.com\/pt-pt\/wp-json\/wp\/v2\/media?parent=27317"}],"wp:term":[{"taxonomy":"product_brand","embeddable":true,"href":"https:\/\/olemosaic.com\/pt-pt\/wp-json\/wp\/v2\/product_brand?post=27317"},{"taxonomy":"product_cat","embeddable":true,"href":"https:\/\/olemosaic.com\/pt-pt\/wp-json\/wp\/v2\/product_cat?post=27317"},{"taxonomy":"product_tag","embeddable":true,"href":"https:\/\/olemosaic.com\/pt-pt\/wp-json\/wp\/v2\/product_tag?post=27317"}],"curies":[{"name":"wp","href":"https:\/\/api.w.org\/{rel}","templated":true}]}}