{"id":27315,"date":"2025-02-20T22:28:51","date_gmt":"2025-02-20T22:28:51","guid":{"rendered":"http:\/\/olemosaic.com\/producto\/funda-de-telefono-para-iphone-12-tpu-motivos-marinos-azul\/"},"modified":"2025-07-25T22:38:13","modified_gmt":"2025-07-25T20:38:13","slug":"capa-de-telemovel-para-iphone-12-tpu-motivos-marinhos-azul","status":"publish","type":"product","link":"https:\/\/olemosaic.com\/pt-pt\/produto\/capa-de-telemovel-para-iphone-12-tpu-motivos-marinhos-azul\/","title":{"rendered":"Capa de telem\u00f3vel para iPhone 12 (TPU). Motivos marinhos. Azul"},"content":{"rendered":"<p>Esta capa para iPhone 12, fabricada em TPU, \u00e9 uma vibrante representa\u00e7\u00e3o da beleza e diversidade marinha de Maiorca. Com o seu design colorido, destaca-se por uma ilustra\u00e7\u00e3o cheia de vida que apresenta peixes, tartarugas e cavalos-marinhos a nadar num fundo azul que evoca as \u00e1guas cristalinas da ilha. Os detalhes em tons quentes, que simulam o fundo arenoso, conferem um contraste perfeito que real\u00e7a a riqueza da fauna submarina, oferecendo um estilo art\u00edstico e estival que captura a ess\u00eancia mediterr\u00e2nica.<\/p>\n<p>Este acess\u00f3rio n\u00e3o s\u00f3 oferece uma prote\u00e7\u00e3o superior para o seu dispositivo, como tamb\u00e9m se torna uma excelente recorda\u00e7\u00e3o, ideal para aqueles que desejam levar consigo um peda\u00e7o do mar de Maiorca. A liga\u00e7\u00e3o cultural desta pe\u00e7a reside na sua capacidade de refletir a vida marinha, um elemento central na identidade da ilha, famosa pelas suas costas e pela sua biodiversidade.<\/p>\n<p>Na Ol\u00e9 Mosaic, especializamo-nos na distribui\u00e7\u00e3o de recorda\u00e7\u00f5es por grosso, e esta capa para telem\u00f3vel \u00e9 uma op\u00e7\u00e3o ideal para lojas de presentes tur\u00edsticos que procuram oferecer produtos de qualidade e significativos. O seu design aut\u00eantico e a representa\u00e7\u00e3o da costa maiorquina fazem desta capa um presente perfeito e uma recorda\u00e7\u00e3o memor\u00e1vel de umas f\u00e9rias no para\u00edso mediterr\u00e2nico. Se procura um grossista de capas para telem\u00f3vel que combine est\u00e9tica e funcionalidade, a nossa capa para iPhone 12 \u00e9 a escolha perfeita.<\/p>\n","protected":false},"excerpt":{"rendered":"<p>Capa para iPhone 12 fabricada em TPU, com motivos marinhos vibrantes que evocam a beleza da costa maiorquina. Apresenta uma colorida ilustra\u00e7\u00e3o de peixes, tartarugas e cavalos-marinhos sobre um fundo azul, complementada com detalhes em tons quentes que simulam areia. Esta capa n\u00e3o s\u00f3 protege o seu dispositivo, como tamb\u00e9m acrescenta um toque art\u00edstico e estival, ideal para os amantes do mar e da natureza.<\/p>\n","protected":false},"featured_media":12911,"template":"","meta":{"_acf_changed":false},"product_brand":[],"product_cat":[685],"product_tag":[516],"class_list":{"0":"post-27315","1":"product","2":"type-product","3":"status-publish","4":"has-post-thumbnail","6":"product_cat-capas-para-telemoveis","7":"product_tag-animais","8":"pa_ciudad-mallorca","9":"pa_motivo-animais-marinhos","10":"pa_pais-espana","12":"first","13":"instock","14":"shipping-taxable","15":"product-type-simple"},"acf":[],"_links":{"self":[{"href":"https:\/\/olemosaic.com\/pt-pt\/wp-json\/wp\/v2\/product\/27315","targetHints":{"allow":["GET"]}}],"collection":[{"href":"https:\/\/olemosaic.com\/pt-pt\/wp-json\/wp\/v2\/product"}],"about":[{"href":"https:\/\/olemosaic.com\/pt-pt\/wp-json\/wp\/v2\/types\/product"}],"wp:featuredmedia":[{"embeddable":true,"href":"https:\/\/olemosaic.com\/pt-pt\/wp-json\/wp\/v2\/media\/12911"}],"wp:attachment":[{"href":"https:\/\/olemosaic.com\/pt-pt\/wp-json\/wp\/v2\/media?parent=27315"}],"wp:term":[{"taxonomy":"product_brand","embeddable":true,"href":"https:\/\/olemosaic.com\/pt-pt\/wp-json\/wp\/v2\/product_brand?post=27315"},{"taxonomy":"product_cat","embeddable":true,"href":"https:\/\/olemosaic.com\/pt-pt\/wp-json\/wp\/v2\/product_cat?post=27315"},{"taxonomy":"product_tag","embeddable":true,"href":"https:\/\/olemosaic.com\/pt-pt\/wp-json\/wp\/v2\/product_tag?post=27315"}],"curies":[{"name":"wp","href":"https:\/\/api.w.org\/{rel}","templated":true}]}}