{"id":27304,"date":"2025-02-20T22:28:50","date_gmt":"2025-02-20T22:28:50","guid":{"rendered":"http:\/\/olemosaic.com\/producto\/funda-de-telefono-para-iphone-12-promax-tpu-mosaico-azul\/"},"modified":"2025-07-25T19:49:34","modified_gmt":"2025-07-25T17:49:34","slug":"capa-de-telemovel-para-iphone-12-promax-tpu-mosaico-azul","status":"publish","type":"product","link":"https:\/\/olemosaic.com\/pt-pt\/produto\/capa-de-telemovel-para-iphone-12-promax-tpu-mosaico-azul\/","title":{"rendered":"Capa de telem\u00f3vel para iPhone 12 Pro Max (TPU). Mosaico. Azul"},"content":{"rendered":"<p>Esta capa para iPhone 12 Pro Max \u00e9 uma combina\u00e7\u00e3o perfeita de estilo e funcionalidade, fabricada em TPU para proteger o seu dispositivo de forma ideal. O seu design chamativo apresenta um mosaico atraente em tons azuis e brancos, que capta a ess\u00eancia da tradi\u00e7\u00e3o decorativa espanhola. Este padr\u00e3o geom\u00e9trico recorda os mosaicos que adornam pra\u00e7as emblem\u00e1ticas e edif\u00edcios hist\u00f3ricos, evocando o rico legado art\u00edstico de Espanha.<\/p>\n<p>Visualmente, a capa resplandece com um entrela\u00e7ado de linhas brancas que se cruzam sobre um fundo azul profundo, imitando a beleza dos azulejos tradicionais que embelezam cidades como Sevilha ou Granada. Cada detalhe do design foi meticulosamente criado para oferecer um aspeto contempor\u00e2neo, tornando este acess\u00f3rio n\u00e3o apenas um protetor, mas tamb\u00e9m uma pe\u00e7a cultural que acrescenta car\u00e1cter ao seu telem\u00f3vel.<\/p>\n<p>Ao escolher esta capa, n\u00e3o s\u00f3 opta por un produto de qualidade, como tamb\u00e9m leva consigo um peda\u00e7o da rica heran\u00e7a espanhola. Na Ol\u00e9 Mosaic, como distribuidores de artigos aut\u00eanticos, oferecemos souvenirs que representam verdadeiramente a cultura e a hist\u00f3ria de Espanha. Esta capa de mosaico \u00e9, sem d\u00favida, uma excelente op\u00e7\u00e3o para turistas que procuram artigos \u00fanicos e com significado cultural, destacando a sua autenticidade como uma recorda\u00e7\u00e3o representativa.<\/p>\n","protected":false},"excerpt":{"rendered":"<p>Capa para iPhone 12 Pro Max fabricada em TPU, decorada com um atraente design de mosaicos em tons azuis e brancos. Esta capa protege o seu dispositivo ao mesmo tempo que confere um toque distintivo, inspirado na tradi\u00e7\u00e3o decorativa espanhola. O seu padr\u00e3o geom\u00e9trico imita os ic\u00f3nicos mosaicos que adornam pra\u00e7as e edif\u00edcios, combinando funcionalidade e estilo. Ideal para quem procura um acess\u00f3rio moderno e com um significado cultural.<\/p>\n","protected":false},"featured_media":12271,"template":"","meta":{"_acf_changed":false},"product_brand":[],"product_cat":[685],"product_tag":[],"class_list":{"0":"post-27304","1":"product","2":"type-product","3":"status-publish","4":"has-post-thumbnail","6":"product_cat-capas-para-telemoveis","7":"pa_motivo-mosaico","9":"first","10":"instock","11":"shipping-taxable","12":"product-type-simple"},"acf":[],"_links":{"self":[{"href":"https:\/\/olemosaic.com\/pt-pt\/wp-json\/wp\/v2\/product\/27304","targetHints":{"allow":["GET"]}}],"collection":[{"href":"https:\/\/olemosaic.com\/pt-pt\/wp-json\/wp\/v2\/product"}],"about":[{"href":"https:\/\/olemosaic.com\/pt-pt\/wp-json\/wp\/v2\/types\/product"}],"wp:featuredmedia":[{"embeddable":true,"href":"https:\/\/olemosaic.com\/pt-pt\/wp-json\/wp\/v2\/media\/12271"}],"wp:attachment":[{"href":"https:\/\/olemosaic.com\/pt-pt\/wp-json\/wp\/v2\/media?parent=27304"}],"wp:term":[{"taxonomy":"product_brand","embeddable":true,"href":"https:\/\/olemosaic.com\/pt-pt\/wp-json\/wp\/v2\/product_brand?post=27304"},{"taxonomy":"product_cat","embeddable":true,"href":"https:\/\/olemosaic.com\/pt-pt\/wp-json\/wp\/v2\/product_cat?post=27304"},{"taxonomy":"product_tag","embeddable":true,"href":"https:\/\/olemosaic.com\/pt-pt\/wp-json\/wp\/v2\/product_tag?post=27304"}],"curies":[{"name":"wp","href":"https:\/\/api.w.org\/{rel}","templated":true}]}}