{"id":27303,"date":"2025-02-20T22:28:50","date_gmt":"2025-02-20T22:28:50","guid":{"rendered":"http:\/\/olemosaic.com\/producto\/funda-de-telefono-para-iphone-12-promax-tpu-gato-mallorca-negro\/"},"modified":"2025-07-25T19:18:49","modified_gmt":"2025-07-25T17:18:49","slug":"capa-de-telemovel-para-iphone-12-promax-tpu-gato-maiorca-preto","status":"publish","type":"product","link":"https:\/\/olemosaic.com\/pt-pt\/produto\/capa-de-telemovel-para-iphone-12-promax-tpu-gato-maiorca-preto\/","title":{"rendered":"Capa de telem\u00f3vel para iPhone 12 Pro Max (TPU). Gato. Maiorca. Preto"},"content":{"rendered":"<p>Esta capa para iPhone 12 Pro Max \u00e9 um acess\u00f3rio vibrante e \u00fanico que encapsula a ess\u00eancia de Maiorca. Fabricada em TPU de alta qualidade, oferece uma prote\u00e7\u00e3o ideal para o seu dispositivo, ao mesmo tempo que o embeleza com o seu design atraente. O fundo preto da capa real\u00e7a com eleg\u00e2ncia as cores intensas de um gato em estilo mosaico, cujas formas geom\u00e9tricas evocam a rica cultura art\u00edstica da ilha. Este simp\u00e1tico felino \u00e9 acompanhado por borboletas em tons brilhantes que parecem dan\u00e7ar ao seu redor, criando uma imagem din\u00e2mica e alegre que capta na perfei\u00e7\u00e3o a beleza natural de Maiorca.<\/p>\n<p>O texto \u00abMallorca\u00bb est\u00e1 elegantemente impresso com um estilo chamativo, acrescentando um toque distintivo que presta homenagem a esta emblem\u00e1tica regi\u00e3o do Mediterr\u00e2neo. Esta capa n\u00e3o s\u00f3 \u00e9 um elemento pr\u00e1tico e decorativo, como tamb\u00e9m \u00e9 uma excelente op\u00e7\u00e3o como souvenir para turistas que desejem levar um peda\u00e7o da cultura maiorquina. Na Ol\u00e9 Mosaic, dedicamo-nos \u00e0 distribui\u00e7\u00e3o de souvenirs por grosso, e esta capa para iPhone \u00e9 uma op\u00e7\u00e3o ideal para lojas de presentes tur\u00edsticos que desejem oferecer produtos aut\u00eanticos e de qualidade. Com esta capa, os clientes n\u00e3o s\u00f3 proteger\u00e3o o seu dispositivo, como tamb\u00e9m exibir\u00e3o uma recorda\u00e7\u00e3o art\u00edstica que representa a ess\u00eancia vibrante de Maiorca.<\/p>\n","protected":false},"excerpt":{"rendered":"<p>Capa para iPhone 12 Pro Max fabricada em TPU, adornada com um vibrante design de um gato em estilo mosaico que evoca a beleza de Maiorca. A capa apresenta um fundo preto que real\u00e7a as cores intensas do gato, combinadas com borboletas de tons brilhantes que o rodeiam. A palavra &#8220;Mallorca&#8221; est\u00e1 elegantemente impresso, acrescentando um toque distintivo a este acess\u00f3rio que protege e embeleza ao mesmo tempo.<\/p>\n","protected":false},"featured_media":12925,"template":"","meta":{"_acf_changed":false},"product_brand":[],"product_cat":[685],"product_tag":[516],"class_list":{"0":"post-27303","1":"product","2":"type-product","3":"status-publish","4":"has-post-thumbnail","6":"product_cat-capas-para-telemoveis","7":"product_tag-animais","8":"pa_ciudad-mallorca","9":"pa_motivo-gatos","10":"pa_pais-espana","12":"first","13":"instock","14":"shipping-taxable","15":"product-type-simple"},"acf":[],"_links":{"self":[{"href":"https:\/\/olemosaic.com\/pt-pt\/wp-json\/wp\/v2\/product\/27303","targetHints":{"allow":["GET"]}}],"collection":[{"href":"https:\/\/olemosaic.com\/pt-pt\/wp-json\/wp\/v2\/product"}],"about":[{"href":"https:\/\/olemosaic.com\/pt-pt\/wp-json\/wp\/v2\/types\/product"}],"wp:featuredmedia":[{"embeddable":true,"href":"https:\/\/olemosaic.com\/pt-pt\/wp-json\/wp\/v2\/media\/12925"}],"wp:attachment":[{"href":"https:\/\/olemosaic.com\/pt-pt\/wp-json\/wp\/v2\/media?parent=27303"}],"wp:term":[{"taxonomy":"product_brand","embeddable":true,"href":"https:\/\/olemosaic.com\/pt-pt\/wp-json\/wp\/v2\/product_brand?post=27303"},{"taxonomy":"product_cat","embeddable":true,"href":"https:\/\/olemosaic.com\/pt-pt\/wp-json\/wp\/v2\/product_cat?post=27303"},{"taxonomy":"product_tag","embeddable":true,"href":"https:\/\/olemosaic.com\/pt-pt\/wp-json\/wp\/v2\/product_tag?post=27303"}],"curies":[{"name":"wp","href":"https:\/\/api.w.org\/{rel}","templated":true}]}}