{"id":27301,"date":"2025-02-20T22:28:49","date_gmt":"2025-02-20T22:28:49","guid":{"rendered":"http:\/\/olemosaic.com\/producto\/funda-de-telefono-para-iphone-12-promax-tpu-abstracto-azul\/"},"modified":"2025-07-25T20:38:50","modified_gmt":"2025-07-25T18:38:50","slug":"capa-de-telemovel-para-iphone-12-promax-tpu-abstrato-azul","status":"publish","type":"product","link":"https:\/\/olemosaic.com\/pt-pt\/produto\/capa-de-telemovel-para-iphone-12-promax-tpu-abstrato-azul\/","title":{"rendered":"Capa de telem\u00f3vel para iPhone 12 Pro Max (TPU). Abstrato. Azul"},"content":{"rendered":"<p>Esta capa para iPhone 12 Pro Max combina na perfei\u00e7\u00e3o estilo e prote\u00e7\u00e3o, fabricada em TPU de alta qualidade. O seu atraente design abstrato apresenta um vibrante padr\u00e3o de losangos que funde tons azuis, verdes, amarelos e vermelhos, conferindo um toque moderno e en\u00e9rgico a qualquer dispositivo. Cada losango entrela\u00e7a-se harmonicamente, criando uma din\u00e2mica visual que se destaca entre outros acess\u00f3rios, transformando o telem\u00f3vel de qualquer utilizador num aut\u00eantico foco de aten\u00e7\u00e3o.<\/p>\n<p>O material TPU n\u00e3o s\u00f3 assegura uma cobertura resistente contra golpes e quedas, como tamb\u00e9m garante um ajuste preciso para que o dispositivo se mantenha seguro em todos os momentos. Este estojo \u00e9 ideal para quem procura um acess\u00f3rio que combine funcionalidade e arte, perfeito para o ritmo acelerado da vida moderna. Al\u00e9m disso, o seu design contempor\u00e2neo torna esta capa uma excelente ideia de presente para turistas e locais que desejem levar um pouco de arte moderna no seu dia a dia.<\/p>\n<p>A Ol\u00e9 Mosaic especializa-se na distribui\u00e7\u00e3o de souvenirs \u00fanicos, e esta capa representa na perfei\u00e7\u00e3o a inova\u00e7\u00e3o e criatividade que caracteriza os nossos produtos. Para lojas de presentes tur\u00edsticos, este artigo n\u00e3o \u00e9 apenas um acess\u00f3rio, mas um elemento que liga os clientes \u00e0 vibrante cultura art\u00edstica contempor\u00e2nea. \u00c9 uma recorda\u00e7\u00e3o significativa que celebra a originalidade e a est\u00e9tica contempor\u00e2nea, tornando-a uma escolha excelente para quem procura souvenirs aut\u00eanticos e relevantes.<\/p>\n","protected":false},"excerpt":{"rendered":"<p>Capa para iPhone 12 Pro Max fabricada em TPU, com um design abstrato em tons azuis, verdes, amarelos e vermelhos. Esta elegante capa apresenta um padr\u00e3o de losangos coloridos que lhe conferem um toque moderno e vibrante, protegendo o seu dispositivo com estilo. Ideal para quem procura combinar funcionalidade e arte no seu dia a dia, esta capa assegura uma cobertura resistente e um look contempor\u00e2neo.<\/p>\n","protected":false},"featured_media":12272,"template":"","meta":{"_acf_changed":false},"product_brand":[],"product_cat":[685],"product_tag":[],"class_list":{"0":"post-27301","1":"product","2":"type-product","3":"status-publish","4":"has-post-thumbnail","6":"product_cat-capas-para-telemoveis","7":"pa_motivo-resumo","9":"first","10":"instock","11":"shipping-taxable","12":"product-type-simple"},"acf":[],"_links":{"self":[{"href":"https:\/\/olemosaic.com\/pt-pt\/wp-json\/wp\/v2\/product\/27301","targetHints":{"allow":["GET"]}}],"collection":[{"href":"https:\/\/olemosaic.com\/pt-pt\/wp-json\/wp\/v2\/product"}],"about":[{"href":"https:\/\/olemosaic.com\/pt-pt\/wp-json\/wp\/v2\/types\/product"}],"wp:featuredmedia":[{"embeddable":true,"href":"https:\/\/olemosaic.com\/pt-pt\/wp-json\/wp\/v2\/media\/12272"}],"wp:attachment":[{"href":"https:\/\/olemosaic.com\/pt-pt\/wp-json\/wp\/v2\/media?parent=27301"}],"wp:term":[{"taxonomy":"product_brand","embeddable":true,"href":"https:\/\/olemosaic.com\/pt-pt\/wp-json\/wp\/v2\/product_brand?post=27301"},{"taxonomy":"product_cat","embeddable":true,"href":"https:\/\/olemosaic.com\/pt-pt\/wp-json\/wp\/v2\/product_cat?post=27301"},{"taxonomy":"product_tag","embeddable":true,"href":"https:\/\/olemosaic.com\/pt-pt\/wp-json\/wp\/v2\/product_tag?post=27301"}],"curies":[{"name":"wp","href":"https:\/\/api.w.org\/{rel}","templated":true}]}}