{"id":27300,"date":"2025-02-20T22:28:49","date_gmt":"2025-02-20T22:28:49","guid":{"rendered":"http:\/\/olemosaic.com\/producto\/funda-de-telefono-para-iphone-12-pro-tpu-gato-mallorca-blanco\/"},"modified":"2025-07-25T18:51:37","modified_gmt":"2025-07-25T16:51:37","slug":"capa-de-telemovel-para-iphone-12-pro-tpu-gato-maiorca-branco","status":"publish","type":"product","link":"https:\/\/olemosaic.com\/pt-pt\/produto\/capa-de-telemovel-para-iphone-12-pro-tpu-gato-maiorca-branco\/","title":{"rendered":"Capa de telem\u00f3vel para iPhone 12 Pro (TPU). Gato. Maiorca. Branco"},"content":{"rendered":"<p>Esta capa para iPhone 12 Pro \u00e9 uma pe\u00e7a vibrante que capta a ess\u00eancia de Maiorca, ideal para quem quer levar uma recorda\u00e7\u00e3o \u00fanica e colorida desta ilha. Fabricada em TPU, oferece uma prote\u00e7\u00e3o excecional contra quedas e riscos, e o seu design atraente torna-a um acess\u00f3rio imprescind\u00edvel. A ilustra\u00e7\u00e3o principal apresenta um gato alegre, elaborado com um mosaico de cores brilhantes que incluem vermelhos, azuis e verdes, evocando a riqueza visual da cultura maiorquina. Este simp\u00e1tico felino est\u00e1 rodeado de borboletas de tons radiantes, que acrescentam um toque de frescura e vida \u00e0 composi\u00e7\u00e3o.<\/p>\n<p>O fundo branco com um padr\u00e3o irregular recorda a arquitetura mediterr\u00e2nica, conferindo um ar art\u00edstico e contempor\u00e2neo. O texto \u201cMallorca\u201d real\u00e7ado com um estilo distintivo garante que esta recorda\u00e7\u00e3o seja facilmente reconhec\u00edvel e representativa da ilha. Este produto n\u00e3o \u00e9 apenas um acess\u00f3rio pr\u00e1tico, mas tamb\u00e9m uma magn\u00edfica recorda\u00e7\u00e3o cultural que celebra a tradi\u00e7\u00e3o local. Na Ol\u00e9 Mosaic, especializamo-nos na distribui\u00e7\u00e3o de souvenirs por grosso, e esta capa de telem\u00f3vel \u00e9 uma excelente op\u00e7\u00e3o para lojas de presentes tur\u00edsticos que procuram artigos aut\u00eanticos, coloridos e que destaquem o melhor de Maiorca.<\/p>\n","protected":false},"excerpt":{"rendered":"<p>Capa para iPhone 12 Pro de TPU, decorada com um vibrante design de um gato inspirado na cultura maiorquina. A capa apresenta um mosaico de cores vivas, com predom\u00ednio de vermelhos, azuis e verdes, e borboletas de tons brilhantes que real\u00e7am a cena. O fundo branco, com um padr\u00e3o irregular, evoca a arquitetura mediterr\u00e2nica, enquanto o texto &#8220;Mallorca&#8221; acrescenta um toque distintivo, tornando-se o presente ideal para os amantes desta preciosa ilha.<\/p>\n","protected":false},"featured_media":12915,"template":"","meta":{"_acf_changed":false},"product_brand":[],"product_cat":[685],"product_tag":[516],"class_list":{"0":"post-27300","1":"product","2":"type-product","3":"status-publish","4":"has-post-thumbnail","6":"product_cat-capas-para-telemoveis","7":"product_tag-animais","8":"pa_ciudad-mallorca","9":"pa_motivo-gatos","10":"pa_pais-espana","12":"first","13":"instock","14":"shipping-taxable","15":"product-type-simple"},"acf":[],"_links":{"self":[{"href":"https:\/\/olemosaic.com\/pt-pt\/wp-json\/wp\/v2\/product\/27300","targetHints":{"allow":["GET"]}}],"collection":[{"href":"https:\/\/olemosaic.com\/pt-pt\/wp-json\/wp\/v2\/product"}],"about":[{"href":"https:\/\/olemosaic.com\/pt-pt\/wp-json\/wp\/v2\/types\/product"}],"wp:featuredmedia":[{"embeddable":true,"href":"https:\/\/olemosaic.com\/pt-pt\/wp-json\/wp\/v2\/media\/12915"}],"wp:attachment":[{"href":"https:\/\/olemosaic.com\/pt-pt\/wp-json\/wp\/v2\/media?parent=27300"}],"wp:term":[{"taxonomy":"product_brand","embeddable":true,"href":"https:\/\/olemosaic.com\/pt-pt\/wp-json\/wp\/v2\/product_brand?post=27300"},{"taxonomy":"product_cat","embeddable":true,"href":"https:\/\/olemosaic.com\/pt-pt\/wp-json\/wp\/v2\/product_cat?post=27300"},{"taxonomy":"product_tag","embeddable":true,"href":"https:\/\/olemosaic.com\/pt-pt\/wp-json\/wp\/v2\/product_tag?post=27300"}],"curies":[{"name":"wp","href":"https:\/\/api.w.org\/{rel}","templated":true}]}}