{"id":27259,"date":"2025-02-20T22:28:49","date_gmt":"2025-02-20T22:28:49","guid":{"rendered":"http:\/\/olemosaic.com\/producto\/funda-de-telefono-para-iphone-12-pro-tpu-panoramica-barcelona-blanco\/"},"modified":"2025-07-25T20:31:38","modified_gmt":"2025-07-25T18:31:38","slug":"capa-de-telemovel-para-iphone-12-pro-tpu-panoramica-barcelona-branco","status":"publish","type":"product","link":"https:\/\/olemosaic.com\/pt-pt\/produto\/capa-de-telemovel-para-iphone-12-pro-tpu-panoramica-barcelona-branco\/","title":{"rendered":"Capa de telem\u00f3vel para iPhone 12 Pro (TPU). Panor\u00e2mica. Barcelona. Branco"},"content":{"rendered":"<p>Esta capa para iPhone 12 Pro \u00e9 uma vibrante homenagem \u00e0 magia de Barcelona, desenhada para quem deseja levar um peda\u00e7o da cidade condal consigo. Fabricada em TPU, este acess\u00f3rio n\u00e3o s\u00f3 protege o seu dispositivo, como tamb\u00e9m exibe uma impressionante panor\u00e2mica ilustrada com os monumentos mais emblem\u00e1ticos da capital catal\u00e3. Destaca-se a imponente Sagrada Fam\u00edlia, cujas torres se erguem com eleg\u00e2ncia, juntamente com outros \u00edcones arquitet\u00f3nicos que caracterizam a cidade. O design moderno, em estilo mosaico, apresenta uma explos\u00e3o de cores intensas como o vermelho, o amarelo e o verde, que contrastam maravilhosamente com o fundo branco, criando uma pe\u00e7a visualmente impactante.<\/p>\n<p>O uso de cores vibrantes n\u00e3o s\u00f3 real\u00e7a os detalhes art\u00edsticos, como tamb\u00e9m simboliza a diversidade e a criatividade que definem Barcelona. O texto &#8220;Barcelona&#8221;, numa tipografia elegante, adiciona um toque contempor\u00e2neo, tornando esta capa numa recorda\u00e7\u00e3o representativa que captura a ess\u00eancia cultural da regi\u00e3o. Ideal para turistas que procuram recorda\u00e7\u00f5es aut\u00eanticas, esta capa torna-se um presente perfeito que combina funcionalidade e beleza, ideal para quem aprecia as recorda\u00e7\u00f5es de Barcelona. Na Ol\u00e9 Mosaic, somos o seu distribuidor de confian\u00e7a para produtos aut\u00eanticos e de qualidade, oferecendo um sem-fim de recorda\u00e7\u00f5es que celebram a rica heran\u00e7a cultural de Espanha.<\/p>\n","protected":false},"excerpt":{"rendered":"<p>Capa para iPhone 12 Pro fabricada em TPU, com uma vibrante panor\u00e2mica de Barcelona. O design apresenta elementos distintivos da cidade, como a Sagrada Fam\u00edlia e outros monumentos ic\u00f3nicos, ilustrados com um estilo de mosaico moderno em cores intensas como vermelho, amarelo e verde. A base branca real\u00e7a os detalhes art\u00edsticos, enquanto o texto &#8220;Barcelona&#8221; adiciona um toque elegante, tornando este acess\u00f3rio uma pe\u00e7a \u00fanica e representativa da cultura catal\u00e3.<\/p>\n","protected":false},"featured_media":12240,"template":"","meta":{"_acf_changed":false},"product_brand":[],"product_cat":[685],"product_tag":[],"class_list":{"0":"post-27259","1":"product","2":"type-product","3":"status-publish","4":"has-post-thumbnail","6":"product_cat-capas-para-telemoveis","7":"pa_ciudad-barcelona","8":"pa_motivo-panoramas","9":"pa_pais-espana","11":"first","12":"instock","13":"shipping-taxable","14":"product-type-simple"},"acf":[],"_links":{"self":[{"href":"https:\/\/olemosaic.com\/pt-pt\/wp-json\/wp\/v2\/product\/27259","targetHints":{"allow":["GET"]}}],"collection":[{"href":"https:\/\/olemosaic.com\/pt-pt\/wp-json\/wp\/v2\/product"}],"about":[{"href":"https:\/\/olemosaic.com\/pt-pt\/wp-json\/wp\/v2\/types\/product"}],"wp:featuredmedia":[{"embeddable":true,"href":"https:\/\/olemosaic.com\/pt-pt\/wp-json\/wp\/v2\/media\/12240"}],"wp:attachment":[{"href":"https:\/\/olemosaic.com\/pt-pt\/wp-json\/wp\/v2\/media?parent=27259"}],"wp:term":[{"taxonomy":"product_brand","embeddable":true,"href":"https:\/\/olemosaic.com\/pt-pt\/wp-json\/wp\/v2\/product_brand?post=27259"},{"taxonomy":"product_cat","embeddable":true,"href":"https:\/\/olemosaic.com\/pt-pt\/wp-json\/wp\/v2\/product_cat?post=27259"},{"taxonomy":"product_tag","embeddable":true,"href":"https:\/\/olemosaic.com\/pt-pt\/wp-json\/wp\/v2\/product_tag?post=27259"}],"curies":[{"name":"wp","href":"https:\/\/api.w.org\/{rel}","templated":true}]}}