{"id":27258,"date":"2025-02-20T23:28:49","date_gmt":"2025-02-20T22:28:49","guid":{"rendered":"http:\/\/olemosaic.com\/producto\/funda-de-telefono-para-iphone-12-pro-tpu-panoramica-barcelona-azul-2\/"},"modified":"2025-07-25T20:31:33","modified_gmt":"2025-07-25T18:31:33","slug":"capa-de-telemovel-para-iphone-12-pro-tpu-panoramica-barcelona-azul-2","status":"publish","type":"product","link":"https:\/\/olemosaic.com\/pt-pt\/produto\/capa-de-telemovel-para-iphone-12-pro-tpu-panoramica-barcelona-azul-2\/","title":{"rendered":"Capa de telem\u00f3vel para iPhone 12 Pro (TPU). Panor\u00e2mica. Sagrada Fam\u00edlia. Barcelona. Azul"},"content":{"rendered":"<p>Esta capa para iPhone 12 Pro \u00e9 uma vibrante homenagem \u00e0 emblem\u00e1tica cidade de Barcelona, desenhada especialmente para os amantes da sua cultura e arte. Fabricada em TPU, destaca-se pela sua durabilidade e resist\u00eancia, oferecendo uma prote\u00e7\u00e3o eficaz para o seu dispositivo. A panor\u00e2mica que adorna a capa apresenta uma colorida representa\u00e7\u00e3o dos ic\u00f3nicos elementos arquitet\u00f3nicos de Barcelona, entre os quais se incluem a famosa Sagrada Fam\u00edlia e edif\u00edcios modernistas, s\u00edmbolos inesquec\u00edveis da cidade. Com um fundo mosaico em tons azuis, a capa evoca o inconfund\u00edvel estilo de Antoni Gaud\u00ed, criando uma liga\u00e7\u00e3o palp\u00e1vel com a rica hist\u00f3ria da capital catal\u00e3.<\/p>\n<p>O design inclui a palavra \u201cBarcelona\u201d num estilo art\u00edstico ousado, que complementa a paleta de cores vivas que d\u00e3o vida \u00e0 cidade. Esta recorda\u00e7\u00e3o n\u00e3o \u00e9 apenas um artigo funcional, mas uma pe\u00e7a que celebra a ess\u00eancia cultural de Barcelona e a torna uma recorda\u00e7\u00e3o aut\u00eantica e significativa. Na Ol\u00e9 Mosaic, como grossista de recorda\u00e7\u00f5es, oferecemos produtos que refletem a autenticidade e a riqueza cultural de Espanha. Esta capa de telem\u00f3vel \u00e9 uma excelente op\u00e7\u00e3o para lojas de presentes tur\u00edsticos que procuram artigos \u00fanicos, perfeitos para aqueles turistas que desejam levar um pedacinho de Barcelona para casa.<\/p>\n","protected":false},"excerpt":{"rendered":"<p>Capa para iPhone 12 Pro de TPU, adornada com uma vibrante panor\u00e2mica de Barcelona em tons azuis e detalhes coloridos. O seu design inclui elementos ic\u00f3nicos da cidade, como a Sagrada Fam\u00edlia e edif\u00edcios modernistas, juntamente com a palavra &#8220;Barcelona&#8221; num estilo art\u00edstico e chamativo. A base de mosaico azul evoca a obra de Gaud\u00ed, conferindo um toque cultural e distintivo ao seu dispositivo.<\/p>\n","protected":false},"featured_media":12245,"template":"","meta":{"_acf_changed":false},"product_brand":[],"product_cat":[685],"product_tag":[],"class_list":{"0":"post-27258","1":"product","2":"type-product","3":"status-publish","4":"has-post-thumbnail","6":"product_cat-capas-para-telemoveis","7":"pa_ciudad-barcelona","8":"pa_motivo-panoramas","9":"pa_pais-espana","11":"first","12":"instock","13":"shipping-taxable","14":"product-type-simple"},"acf":[],"_links":{"self":[{"href":"https:\/\/olemosaic.com\/pt-pt\/wp-json\/wp\/v2\/product\/27258","targetHints":{"allow":["GET"]}}],"collection":[{"href":"https:\/\/olemosaic.com\/pt-pt\/wp-json\/wp\/v2\/product"}],"about":[{"href":"https:\/\/olemosaic.com\/pt-pt\/wp-json\/wp\/v2\/types\/product"}],"wp:featuredmedia":[{"embeddable":true,"href":"https:\/\/olemosaic.com\/pt-pt\/wp-json\/wp\/v2\/media\/12245"}],"wp:attachment":[{"href":"https:\/\/olemosaic.com\/pt-pt\/wp-json\/wp\/v2\/media?parent=27258"}],"wp:term":[{"taxonomy":"product_brand","embeddable":true,"href":"https:\/\/olemosaic.com\/pt-pt\/wp-json\/wp\/v2\/product_brand?post=27258"},{"taxonomy":"product_cat","embeddable":true,"href":"https:\/\/olemosaic.com\/pt-pt\/wp-json\/wp\/v2\/product_cat?post=27258"},{"taxonomy":"product_tag","embeddable":true,"href":"https:\/\/olemosaic.com\/pt-pt\/wp-json\/wp\/v2\/product_tag?post=27258"}],"curies":[{"name":"wp","href":"https:\/\/api.w.org\/{rel}","templated":true}]}}