{"id":27257,"date":"2025-02-20T22:28:49","date_gmt":"2025-02-20T22:28:49","guid":{"rendered":"http:\/\/olemosaic.com\/producto\/funda-de-telefono-para-iphone-12-pro-tpu-gato-barcelona-negro\/"},"modified":"2025-07-25T18:36:41","modified_gmt":"2025-07-25T16:36:41","slug":"capa-de-telemovel-para-iphone-12-pro-tpu-gato-barcelona-preto","status":"publish","type":"product","link":"https:\/\/olemosaic.com\/pt-pt\/produto\/capa-de-telemovel-para-iphone-12-pro-tpu-gato-barcelona-preto\/","title":{"rendered":"Capa de telem\u00f3vel para iPhone 12 Pro (TPU). Gato. Barcelona. Preto"},"content":{"rendered":"<p>Esta capa para iPhone 12 Pro \u00e9 uma vibrante homenagem a Barcelona, com um design cativante de um gato colorido que evoca o famoso estilo mosaico de Gaud\u00ed. Fabricada em TPU, um material flex\u00edvel e duradouro, esta capa n\u00e3o s\u00f3 protege o dispositivo de choques e riscos, como tamb\u00e9m o converte numa pe\u00e7a art\u00edstica \u00fanica. O gato, com uma mistura de tons brilhantes de azul, amarelo, vermelho e verde, captura o fasc\u00ednio dos amantes de felinos e da arte moderna.<\/p>\n<p>Sobre um elegante fundo preto, as borboletas multicoloridas que complementam a ilustra\u00e7\u00e3o adicionam um toque de alegria e dinamismo, tornando este acess\u00f3rio numa excelente recorda\u00e7\u00e3o que celebra a criatividade e a riqueza cultural de Barcelona. Este produto n\u00e3o s\u00f3 \u00e9 funcional, como tamb\u00e9m serve como um encantador lembrete da experi\u00eancia vivida nesta vibrante cidade. Na Ol\u00e9 Mosaic, oferecemos esta capa como parte da nossa sele\u00e7\u00e3o de recorda\u00e7\u00f5es aut\u00eanticas, ideais para turistas que procuram levar para casa uma representa\u00e7\u00e3o art\u00edstica da sua viagem. Como distribuidores de capas por grosso, garantimos qualidade e originalidade em cada produto, tornando-o uma op\u00e7\u00e3o perfeita para lojas de presentes tur\u00edsticos que desejam oferecer o melhor da cultura catal\u00e3.<\/p>\n","protected":false},"excerpt":{"rendered":"<p>Capa de TPU para iPhone 12 Pro, adornada com uma chamativa ilustra\u00e7\u00e3o de um gato colorido inspirada no estilo mosaico de Barcelona. O design, sobre um fundo preto, \u00e9 complementado por borboletas multicoloridas que lhe d\u00e3o um toque alegre. A base de TPU oferece uma prote\u00e7\u00e3o robusta e duradoura, garantindo a seguran\u00e7a do dispositivo e mostrando uma representa\u00e7\u00e3o art\u00edstica do encanto cultural da cidade. Ideal para amantes de Barcelona e de gatos.<\/p>\n","protected":false},"featured_media":12253,"template":"","meta":{"_acf_changed":false},"product_brand":[],"product_cat":[685],"product_tag":[516],"class_list":{"0":"post-27257","1":"product","2":"type-product","3":"status-publish","4":"has-post-thumbnail","6":"product_cat-capas-para-telemoveis","7":"product_tag-animais","8":"pa_ciudad-barcelona","9":"pa_motivo-gatos","10":"pa_pais-espana","12":"first","13":"instock","14":"shipping-taxable","15":"product-type-simple"},"acf":[],"_links":{"self":[{"href":"https:\/\/olemosaic.com\/pt-pt\/wp-json\/wp\/v2\/product\/27257","targetHints":{"allow":["GET"]}}],"collection":[{"href":"https:\/\/olemosaic.com\/pt-pt\/wp-json\/wp\/v2\/product"}],"about":[{"href":"https:\/\/olemosaic.com\/pt-pt\/wp-json\/wp\/v2\/types\/product"}],"wp:featuredmedia":[{"embeddable":true,"href":"https:\/\/olemosaic.com\/pt-pt\/wp-json\/wp\/v2\/media\/12253"}],"wp:attachment":[{"href":"https:\/\/olemosaic.com\/pt-pt\/wp-json\/wp\/v2\/media?parent=27257"}],"wp:term":[{"taxonomy":"product_brand","embeddable":true,"href":"https:\/\/olemosaic.com\/pt-pt\/wp-json\/wp\/v2\/product_brand?post=27257"},{"taxonomy":"product_cat","embeddable":true,"href":"https:\/\/olemosaic.com\/pt-pt\/wp-json\/wp\/v2\/product_cat?post=27257"},{"taxonomy":"product_tag","embeddable":true,"href":"https:\/\/olemosaic.com\/pt-pt\/wp-json\/wp\/v2\/product_tag?post=27257"}],"curies":[{"name":"wp","href":"https:\/\/api.w.org\/{rel}","templated":true}]}}