{"id":27255,"date":"2025-02-20T22:28:49","date_gmt":"2025-02-20T22:28:49","guid":{"rendered":"http:\/\/olemosaic.com\/producto\/funda-de-telefono-para-iphone-12-pro-tpu-mariposa-barcelona-blanco\/"},"modified":"2025-07-25T19:43:39","modified_gmt":"2025-07-25T17:43:39","slug":"capa-de-telemovel-para-iphone-12-pro-tpu-borboleta-barcelona-branco","status":"publish","type":"product","link":"https:\/\/olemosaic.com\/pt-pt\/produto\/capa-de-telemovel-para-iphone-12-pro-tpu-borboleta-barcelona-branco\/","title":{"rendered":"Capa de telem\u00f3vel para iPhone 12 Pro (TPU). Borboleta. Barcelona. Branco"},"content":{"rendered":"<p>Esta capa para iPhone 12 Pro \u00e9 um acess\u00f3rio atraente que n\u00e3o s\u00f3 protege o seu dispositivo, mas tamb\u00e9m o adorna com um design vibrante de borboletas inspirado na colorida arquitetura de Barcelona. Fabricada em TPU, esta capa combina durabilidade e leveza, cobrindo completamente o seu telem\u00f3vel e garantindo uma prote\u00e7\u00e3o eficaz contra quedas e riscos. O fundo branco real\u00e7a um conjunto de borboletas pintadas em tons brilhantes, que evocam o famoso mosaico da cidade, adicionando um toque art\u00edstico e \u00fanico ao seu dispositivo m\u00f3vel.<\/p>\n<p>Na parte inferior da capa destaca-se a palavra &#8220;Barcelona&#8221; numa elegante tipografia, que captura a ess\u00eancia desta maravilhosa cidade. Cada borboleta, meticulosamente desenhada, simboliza a diversidade e a criatividade que caracterizam Barcelona, tornando esta capa uma recorda\u00e7\u00e3o perfeita da cidade. Ideal para turistas ou residentes que desejem levar um peda\u00e7o de Barcelona consigo, esta capa \u00e9 tanto funcional como decorativa, representando uma excelente op\u00e7\u00e3o para lojas de presentes tur\u00edsticos.<\/p>\n<p>Na Ol\u00e9 Mosaic, especialistas na distribui\u00e7\u00e3o de recorda\u00e7\u00f5es por grosso, oferecemos esta capa de borboletas como uma op\u00e7\u00e3o aut\u00eantica e culturalmente significativa. Perfeita para aqueles que procuram uma recorda\u00e7\u00e3o representativa, esta capa \u00e9 um investimento atraente para grossistas que procuram produtos de qualidade com uma forte liga\u00e7\u00e3o cultural.<\/p>\n","protected":false},"excerpt":{"rendered":"<p>Capa de telem\u00f3vel para iPhone 12 Pro fabricada em TPU, adornada com um vibrante design de borboletas. Este colorido acess\u00f3rio destaca-se sobre um fundo branco, que real\u00e7a uma s\u00e9rie de borboletas pintadas em tons brilhantes, evocando as obras de mosaico de Barcelona. Na parte inferior, a palavra &#8220;Barcelona&#8221; aparece escrita numa elegante tipografia, que complementa o apelo visual. Ideal para quem procura um toque art\u00edstico e \u00fanico no seu dispositivo m\u00f3vel.<\/p>\n","protected":false},"featured_media":12238,"template":"","meta":{"_acf_changed":false},"product_brand":[],"product_cat":[685],"product_tag":[516],"class_list":{"0":"post-27255","1":"product","2":"type-product","3":"status-publish","4":"has-post-thumbnail","6":"product_cat-capas-para-telemoveis","7":"product_tag-animais","8":"pa_ciudad-barcelona","9":"pa_motivo-borboletas","10":"pa_pais-espana","12":"first","13":"instock","14":"shipping-taxable","15":"product-type-simple"},"acf":[],"_links":{"self":[{"href":"https:\/\/olemosaic.com\/pt-pt\/wp-json\/wp\/v2\/product\/27255","targetHints":{"allow":["GET"]}}],"collection":[{"href":"https:\/\/olemosaic.com\/pt-pt\/wp-json\/wp\/v2\/product"}],"about":[{"href":"https:\/\/olemosaic.com\/pt-pt\/wp-json\/wp\/v2\/types\/product"}],"wp:featuredmedia":[{"embeddable":true,"href":"https:\/\/olemosaic.com\/pt-pt\/wp-json\/wp\/v2\/media\/12238"}],"wp:attachment":[{"href":"https:\/\/olemosaic.com\/pt-pt\/wp-json\/wp\/v2\/media?parent=27255"}],"wp:term":[{"taxonomy":"product_brand","embeddable":true,"href":"https:\/\/olemosaic.com\/pt-pt\/wp-json\/wp\/v2\/product_brand?post=27255"},{"taxonomy":"product_cat","embeddable":true,"href":"https:\/\/olemosaic.com\/pt-pt\/wp-json\/wp\/v2\/product_cat?post=27255"},{"taxonomy":"product_tag","embeddable":true,"href":"https:\/\/olemosaic.com\/pt-pt\/wp-json\/wp\/v2\/product_tag?post=27255"}],"curies":[{"name":"wp","href":"https:\/\/api.w.org\/{rel}","templated":true}]}}