{"id":27247,"date":"2025-02-20T22:28:48","date_gmt":"2025-02-20T22:28:48","guid":{"rendered":"http:\/\/olemosaic.com\/producto\/funda-de-telefono-para-iphone-12-tpu-gato-barcelona-blanco\/"},"modified":"2025-07-25T20:17:29","modified_gmt":"2025-07-25T18:17:29","slug":"capa-de-telemovel-para-iphone-12-tpu-gato-barcelona-branco","status":"publish","type":"product","link":"https:\/\/olemosaic.com\/pt-pt\/produto\/capa-de-telemovel-para-iphone-12-tpu-gato-barcelona-branco\/","title":{"rendered":"Capa de telem\u00f3vel para iPhone 12 (TPU). Gato. Barcelona. Branco"},"content":{"rendered":"<p>Esta capa para iPhone 12 \u00e9 uma express\u00e3o vibrante da cultura barcelonesa, inspirada no famoso mosaico que caracteriza a obra do c\u00e9lebre artista Antoni Gaud\u00ed. Fabricada em material TPU resistente, a capa apresenta um design cativante de um gato colorido, composto por diversas pe\u00e7as de mosaico em tons brilhantes que captam a ess\u00eancia l\u00fadica e art\u00edstica da cidade. O fundo branco imita a textura dos azulejos, criando um contraste perfeito que real\u00e7a a riqueza crom\u00e1tica do gato e as borboletas aleg\u00f3ricas que o acompanham, acrescentando um toque fresco e moderno, ideal para os amantes da arte e da cultura barcelonesa.<\/p>\n<p>Esta recorda\u00e7\u00e3o n\u00e3o s\u00f3 protege o dispositivo, como tamb\u00e9m serve como uma magn\u00edfica lembran\u00e7a da majestosidade arquitet\u00f3nica e do ambiente colorido de Barcelona. A representa\u00e7\u00e3o do gato e das borboletas simboliza a criatividade e a vitalidade da cidade, tornando esta capa um presente excecional para os turistas que procuram levar consigo um peda\u00e7o de Barcelona. Na Ol\u00e9 Mosaic, especializamo-nos na distribui\u00e7\u00e3o de recorda\u00e7\u00f5es por grosso, oferecendo produtos aut\u00eanticos que celebram a cultura espanhola. Esta capa para iPhone 12 \u00e9 uma excelente op\u00e7\u00e3o para lojas de recorda\u00e7\u00f5es tur\u00edsticas, pois combina funcionalidade e arte, garantindo que cada cliente encontre uma lembran\u00e7a \u00fanica e representativa.<\/p>\n","protected":false},"excerpt":{"rendered":"<p>Capa de TPU para iPhone 12 com um design vibrante inspirado no famoso mosaico de Barcelona. Esta capa apresenta um gato colorido, formado por pe\u00e7as de diversos tons que evocam a obra do artista Antoni Gaud\u00ed, rodeado de borboletas alegres. O fundo branco, com textura de azulejos, real\u00e7a as cores ricas do gato e das borboletas, conferindo um ar alegre e moderno, perfeito para os amantes da cidade e da arte.<\/p>\n","protected":false},"featured_media":12217,"template":"","meta":{"_acf_changed":false},"product_brand":[],"product_cat":[685],"product_tag":[516],"class_list":{"0":"post-27247","1":"product","2":"type-product","3":"status-publish","4":"has-post-thumbnail","6":"product_cat-capas-para-telemoveis","7":"product_tag-animais","8":"pa_ciudad-barcelona","9":"pa_motivo-gatos","10":"pa_pais-espana","12":"first","13":"instock","14":"shipping-taxable","15":"product-type-simple"},"acf":[],"_links":{"self":[{"href":"https:\/\/olemosaic.com\/pt-pt\/wp-json\/wp\/v2\/product\/27247","targetHints":{"allow":["GET"]}}],"collection":[{"href":"https:\/\/olemosaic.com\/pt-pt\/wp-json\/wp\/v2\/product"}],"about":[{"href":"https:\/\/olemosaic.com\/pt-pt\/wp-json\/wp\/v2\/types\/product"}],"wp:featuredmedia":[{"embeddable":true,"href":"https:\/\/olemosaic.com\/pt-pt\/wp-json\/wp\/v2\/media\/12217"}],"wp:attachment":[{"href":"https:\/\/olemosaic.com\/pt-pt\/wp-json\/wp\/v2\/media?parent=27247"}],"wp:term":[{"taxonomy":"product_brand","embeddable":true,"href":"https:\/\/olemosaic.com\/pt-pt\/wp-json\/wp\/v2\/product_brand?post=27247"},{"taxonomy":"product_cat","embeddable":true,"href":"https:\/\/olemosaic.com\/pt-pt\/wp-json\/wp\/v2\/product_cat?post=27247"},{"taxonomy":"product_tag","embeddable":true,"href":"https:\/\/olemosaic.com\/pt-pt\/wp-json\/wp\/v2\/product_tag?post=27247"}],"curies":[{"name":"wp","href":"https:\/\/api.w.org\/{rel}","templated":true}]}}