{"id":27246,"date":"2025-02-20T22:28:48","date_gmt":"2025-02-20T22:28:48","guid":{"rendered":"http:\/\/olemosaic.com\/producto\/funda-de-telefono-para-iphone-12-tpu-salamandra-barcelona-blanco\/"},"modified":"2025-07-25T20:10:22","modified_gmt":"2025-07-25T18:10:22","slug":"capa-de-telemovel-para-iphone-12-tpu-salamandra-barcelona-branco","status":"publish","type":"product","link":"https:\/\/olemosaic.com\/pt-pt\/produto\/capa-de-telemovel-para-iphone-12-tpu-salamandra-barcelona-branco\/","title":{"rendered":"Capa de telem\u00f3vel para iPhone 12 (TPU). Salamandra. Barcelona. Branco"},"content":{"rendered":"<p>Esta capa para iPhone 12 \u00e9 uma aut\u00eantica homenagem \u00e0 vibrante cultura barcelonesa. Fabricada em TPU de alta qualidade, combina prote\u00e7\u00e3o e est\u00e9tica num \u00fanico produto. O seu design apresenta uma cativante salamandra rodeada de flores coloridas, transportando quem a usa para os emblem\u00e1ticos mosaicos da obra de Gaud\u00ed, presentes no Park G\u00fcell. A base branca da capa \u00e9 adornada com um padr\u00e3o de mosaico que evoca a arquitetura modernista da cidade, criando um contraste vibrante com os tons azul, verde, vermelho e amarelo das ilustra\u00e7\u00f5es. O nome &#8220;Barcelona&#8221; destaca-se num estilo apelativo, refor\u00e7ando a sua liga\u00e7\u00e3o com esta cidade ic\u00f3nica.<\/p>\n<p>Esta recorda\u00e7\u00e3o n\u00e3o s\u00f3 protege eficazmente o dispositivo, como tamb\u00e9m \u00e9 um lembrete constante da rica heran\u00e7a cultural catal\u00e3. A salamandra, s\u00edmbolo de criatividade e vida, \u00e9 emblem\u00e1tica do estilo \u00fanico de Gaud\u00ed e do esp\u00edrito art\u00edstico que caracteriza Barcelona. Na Ol\u00e9 Mosaic, orgulhamo-nos de oferecer produtos aut\u00eanticos que celebram as tradi\u00e7\u00f5es e a arte local. Esta capa \u00e9 uma excelente op\u00e7\u00e3o para turistas que procuram recorda\u00e7\u00f5es de qualidade que captem a ess\u00eancia da sua viagem e funcionem como um elegante acess\u00f3rio di\u00e1rio. Como grossistas de recorda\u00e7\u00f5es de Barcelona, garantimos autenticidade e design em cada pe\u00e7a que entregamos.<\/p>\n","protected":false},"excerpt":{"rendered":"<p>Capa para iPhone 12 de TPU, com um design vibrante de uma salamandra adornada com flores coloridas. Esta capa branca apresenta um padr\u00e3o de mosaico t\u00edpico de Barcelona, evocando a famosa obra de Gaud\u00ed. Decorada com elementos art\u00edsticos em tons azul, verde, vermelho e amarelo, inclui o nome &#8220;Barcelona&#8221; num estilo apelativo. Ideal para quem procura proteger o seu dispositivo enquanto leva um peda\u00e7o da cultura catal\u00e3.<\/p>\n","protected":false},"featured_media":12216,"template":"","meta":{"_acf_changed":false},"product_brand":[],"product_cat":[685],"product_tag":[516],"class_list":{"0":"post-27246","1":"product","2":"type-product","3":"status-publish","4":"has-post-thumbnail","6":"product_cat-capas-para-telemoveis","7":"product_tag-animais","8":"pa_ciudad-barcelona","9":"pa_motivo-salamandras","10":"pa_pais-espana","12":"first","13":"instock","14":"shipping-taxable","15":"product-type-simple"},"acf":[],"_links":{"self":[{"href":"https:\/\/olemosaic.com\/pt-pt\/wp-json\/wp\/v2\/product\/27246","targetHints":{"allow":["GET"]}}],"collection":[{"href":"https:\/\/olemosaic.com\/pt-pt\/wp-json\/wp\/v2\/product"}],"about":[{"href":"https:\/\/olemosaic.com\/pt-pt\/wp-json\/wp\/v2\/types\/product"}],"wp:featuredmedia":[{"embeddable":true,"href":"https:\/\/olemosaic.com\/pt-pt\/wp-json\/wp\/v2\/media\/12216"}],"wp:attachment":[{"href":"https:\/\/olemosaic.com\/pt-pt\/wp-json\/wp\/v2\/media?parent=27246"}],"wp:term":[{"taxonomy":"product_brand","embeddable":true,"href":"https:\/\/olemosaic.com\/pt-pt\/wp-json\/wp\/v2\/product_brand?post=27246"},{"taxonomy":"product_cat","embeddable":true,"href":"https:\/\/olemosaic.com\/pt-pt\/wp-json\/wp\/v2\/product_cat?post=27246"},{"taxonomy":"product_tag","embeddable":true,"href":"https:\/\/olemosaic.com\/pt-pt\/wp-json\/wp\/v2\/product_tag?post=27246"}],"curies":[{"name":"wp","href":"https:\/\/api.w.org\/{rel}","templated":true}]}}