{"id":27203,"date":"2025-02-20T22:28:47","date_gmt":"2025-02-20T22:28:47","guid":{"rendered":"http:\/\/olemosaic.com\/producto\/funda-de-telefono-para-iphone-12-tpu-panoramica-barcelona-azul\/"},"modified":"2025-07-25T18:56:43","modified_gmt":"2025-07-25T16:56:43","slug":"capa-para-iphone-12-tpu-panoramica-barcelona-azul","status":"publish","type":"product","link":"https:\/\/olemosaic.com\/pt-pt\/produto\/capa-para-iphone-12-tpu-panoramica-barcelona-azul\/","title":{"rendered":"Capa para iPhone 12 (TPU). Panor\u00e2mica. Barcelona. Azul"},"content":{"rendered":"<p>Esta capa para iPhone 12 \u00e9 o acess\u00f3rio perfeito para quem deseja levar um peda\u00e7o de Barcelona no bolso. Fabricada em TPU, n\u00e3o s\u00f3 protege o seu dispositivo, como tamb\u00e9m mostra uma vibrante panor\u00e2mica da ic\u00f3nica Sagrada Fam\u00edlia. O design, em tons de laranja e vermelho, captura a ess\u00eancia da arquitetura de Gaud\u00ed, complementado por um fundo azul que evoca o car\u00e1ter ensolarado e a energia vibrante da cidade. A palavra &#8220;Barcelona&#8221;, escrita em letras coloridas, situa-se elegantemente na parte inferior, conferindo um toque alegre e contempor\u00e2neo.<\/p>\n<p>Os detalhes de palmeiras e um c\u00e9u limpo adicionam um ar tropical, evocando as praias e o estilo de vida relaxado que caracterizam a capital catal\u00e3. Este souvenir de Barcelona \u00e9 uma excelente forma de recordar as suas viagens ou de partilhar a cultura mediterr\u00e2nica com amigos e familiares. Na Ol\u00e9 Mosaic, como grossista de acess\u00f3rios de viagem, orgulhamo-nos de oferecer produtos aut\u00eanticos que refletem o patrim\u00f3nio de cada regi\u00e3o. Esta capa \u00e9 ideal para lojas de recorda\u00e7\u00f5es tur\u00edsticas que procuram artigos \u00fanicos e cheios de significado. Com ela, cada olhar para o telem\u00f3vel ser\u00e1 uma recorda\u00e7\u00e3o da beleza e do encanto de Barcelona.<\/p>\n","protected":false},"excerpt":{"rendered":"<p>Capa para iPhone 12 de TPU, com uma vibrante panor\u00e2mica de Barcelona. O design destaca a ic\u00f3nica Sagrada Fam\u00edlia em tons de laranja e vermelho, juntamente com uma ensolarada paisagem azul que evoca a energia da cidade. Detalhes de palmeiras e um c\u00e9u limpo adicionam um toque tropical. A palavra &#8220;Barcelona&#8221; aparece em letras coloridas na parte inferior, conferindo um ar alegre e contempor\u00e2neo a este pr\u00e1tico acess\u00f3rio.<\/p>\n","protected":false},"featured_media":12227,"template":"","meta":{"_acf_changed":false},"product_brand":[],"product_cat":[685],"product_tag":[],"class_list":{"0":"post-27203","1":"product","2":"type-product","3":"status-publish","4":"has-post-thumbnail","6":"product_cat-capas-para-telemoveis","7":"pa_ciudad-barcelona","8":"pa_motivo-panoramas","9":"pa_pais-espana","11":"first","12":"instock","13":"shipping-taxable","14":"product-type-simple"},"acf":[],"_links":{"self":[{"href":"https:\/\/olemosaic.com\/pt-pt\/wp-json\/wp\/v2\/product\/27203","targetHints":{"allow":["GET"]}}],"collection":[{"href":"https:\/\/olemosaic.com\/pt-pt\/wp-json\/wp\/v2\/product"}],"about":[{"href":"https:\/\/olemosaic.com\/pt-pt\/wp-json\/wp\/v2\/types\/product"}],"wp:featuredmedia":[{"embeddable":true,"href":"https:\/\/olemosaic.com\/pt-pt\/wp-json\/wp\/v2\/media\/12227"}],"wp:attachment":[{"href":"https:\/\/olemosaic.com\/pt-pt\/wp-json\/wp\/v2\/media?parent=27203"}],"wp:term":[{"taxonomy":"product_brand","embeddable":true,"href":"https:\/\/olemosaic.com\/pt-pt\/wp-json\/wp\/v2\/product_brand?post=27203"},{"taxonomy":"product_cat","embeddable":true,"href":"https:\/\/olemosaic.com\/pt-pt\/wp-json\/wp\/v2\/product_cat?post=27203"},{"taxonomy":"product_tag","embeddable":true,"href":"https:\/\/olemosaic.com\/pt-pt\/wp-json\/wp\/v2\/product_tag?post=27203"}],"curies":[{"name":"wp","href":"https:\/\/api.w.org\/{rel}","templated":true}]}}