{"id":27201,"date":"2025-02-20T22:28:47","date_gmt":"2025-02-20T22:28:47","guid":{"rendered":"http:\/\/olemosaic.com\/producto\/funda-de-telefono-para-iphone-11-tpu-sagrada-familia-barcelona-azul\/"},"modified":"2025-07-25T20:14:53","modified_gmt":"2025-07-25T18:14:53","slug":"capa-para-iphone-11-tpu-sagrada-familia-barcelona-azul","status":"publish","type":"product","link":"https:\/\/olemosaic.com\/pt-pt\/produto\/capa-para-iphone-11-tpu-sagrada-familia-barcelona-azul\/","title":{"rendered":"Capa para iPhone 11 (TPU). Sagrada Fam\u00edlia. Barcelona. Azul"},"content":{"rendered":"<p>Esta capa para iPhone 11, fabricada com TPU de alta qualidade, \u00e9 um acess\u00f3rio indispens\u00e1vel que combina prote\u00e7\u00e3o e estilo, prestando homenagem \u00e0 emblem\u00e1tica Sagrada Fam\u00edlia de Barcelona. Com um design vibrante em tons de azul, amarelo e vermelho, a capa apresenta ilustra\u00e7\u00f5es que capturam os detalhes arquitet\u00f3nicos distintivos deste ic\u00f3nico monumento, com as suas torres que parecem tocar o c\u00e9u. O fundo azul oferece um contraste espetacular que real\u00e7a a beleza do templo desenhado por Antoni Gaud\u00ed, transformando esta capa numa pe\u00e7a \u00fanica e representativa da cultura catal\u00e3.<\/p>\n<p>A imagem incorpora, al\u00e9m da espetacularidade das torres, o caracter\u00edstico mosaico que define a obra de Gaud\u00ed, fazendo com que cada vez que olhe para o seu telem\u00f3vel se recorde da inigual\u00e1vel est\u00e9tica da capital catal\u00e3. O texto &#8220;Barcelona&#8221; est\u00e1 elegantemente impresso, adicionando um toque de autenticidade que transforma esta capa num souvenir ideal para quem deseja levar um pedacinho desta vibrante cidade sempre consigo.<\/p>\n<p>Na Ol\u00e9 Mosaic, oferecemos \u00e0s lojas de recorda\u00e7\u00f5es tur\u00edsticas a oportunidade de distribuir esta capa da Sagrada Fam\u00edlia como um souvenir de destaque de Barcelona. Perfeita para turistas, n\u00e3o s\u00f3 proporciona uma excelente prote\u00e7\u00e3o para o seu dispositivo, mas tamb\u00e9m atua como uma recorda\u00e7\u00e3o visual da arte e da hist\u00f3ria de uma das maravilhas arquitet\u00f3nicas de Espanha. Com a nossa linha de produtos por grosso, cada pe\u00e7a reflete a autenticidade e o valor cultural que os viajantes procuram.<\/p>\n","protected":false},"excerpt":{"rendered":"<p>Capa para iPhone 11 fabricada em TPU, com um design vibrante da Sagrada Fam\u00edlia de Barcelona. Este acess\u00f3rio apresenta ilustra\u00e7\u00f5es em cores azuis, amarelas e vermelhas, que capturam os detalhes arquitet\u00f3nicos ic\u00f3nicos do monumento. A imagem mostra as suas torres distintivas sobre um c\u00e9u azul de fundo, com a palavra &#8220;Barcelona&#8221; elegantemente impressa. Ideal para proteger o seu dispositivo enquanto exibe uma das maravilhas arquitet\u00f3nicas de Espanha.<\/p>\n","protected":false},"featured_media":12144,"template":"","meta":{"_acf_changed":false},"product_brand":[],"product_cat":[685],"product_tag":[],"class_list":{"0":"post-27201","1":"product","2":"type-product","3":"status-publish","4":"has-post-thumbnail","6":"product_cat-capas-para-telemoveis","7":"pa_ciudad-barcelona","8":"pa_motivo-sagrada-familia","9":"pa_pais-espana","11":"first","12":"instock","13":"shipping-taxable","14":"product-type-simple"},"acf":[],"_links":{"self":[{"href":"https:\/\/olemosaic.com\/pt-pt\/wp-json\/wp\/v2\/product\/27201","targetHints":{"allow":["GET"]}}],"collection":[{"href":"https:\/\/olemosaic.com\/pt-pt\/wp-json\/wp\/v2\/product"}],"about":[{"href":"https:\/\/olemosaic.com\/pt-pt\/wp-json\/wp\/v2\/types\/product"}],"wp:featuredmedia":[{"embeddable":true,"href":"https:\/\/olemosaic.com\/pt-pt\/wp-json\/wp\/v2\/media\/12144"}],"wp:attachment":[{"href":"https:\/\/olemosaic.com\/pt-pt\/wp-json\/wp\/v2\/media?parent=27201"}],"wp:term":[{"taxonomy":"product_brand","embeddable":true,"href":"https:\/\/olemosaic.com\/pt-pt\/wp-json\/wp\/v2\/product_brand?post=27201"},{"taxonomy":"product_cat","embeddable":true,"href":"https:\/\/olemosaic.com\/pt-pt\/wp-json\/wp\/v2\/product_cat?post=27201"},{"taxonomy":"product_tag","embeddable":true,"href":"https:\/\/olemosaic.com\/pt-pt\/wp-json\/wp\/v2\/product_tag?post=27201"}],"curies":[{"name":"wp","href":"https:\/\/api.w.org\/{rel}","templated":true}]}}