{"id":27194,"date":"2025-02-20T22:28:47","date_gmt":"2025-02-20T22:28:47","guid":{"rendered":"http:\/\/olemosaic.com\/producto\/funda-de-telefono-para-iphone-11-promax-tpu-salamandra-barcelona-negro\/"},"modified":"2025-07-25T22:35:03","modified_gmt":"2025-07-25T20:35:03","slug":"capa-de-telemovel-para-iphone-11-pro-max-tpu-salamandra-barcelona-preto","status":"publish","type":"product","link":"https:\/\/olemosaic.com\/pt-pt\/produto\/capa-de-telemovel-para-iphone-11-pro-max-tpu-salamandra-barcelona-preto\/","title":{"rendered":"Capa de telem\u00f3vel para iPhone 11 Pro Max (TPU). Salamandra. Barcelona. Preto"},"content":{"rendered":"<p>Esta capa para iPhone 11 Pro Max \u00e9 uma recorda\u00e7\u00e3o \u00fanica que celebra a vibrante cultura de Barcelona. Fabricada em TPU de alta qualidade, n\u00e3o s\u00f3 protege o seu dispositivo, como o veste com um design art\u00edstico e moderno que captura a ess\u00eancia do modernismo catal\u00e3o. Sobre um elegante fundo preto, destacam-se coloridas salamandras em tons de azul, verde e vermelho, acompanhadas de flores brilhantes que adicionam frescura e vitalidade ao design. A palavra &#8220;Barcelona&#8221; est\u00e1 impressa com um estilo distintivo, conferindo autenticidade e apelo visual que real\u00e7a a identidade da cidade.<\/p>\n<p>Este acess\u00f3rio n\u00e3o \u00e9 apenas funcional; \u00e9 uma recorda\u00e7\u00e3o representativa que liga os turistas \u00e0 rica tradi\u00e7\u00e3o art\u00edstica de Barcelona, famosa pelos seus designs inspirados na natureza e pelo uso de cores vibrantes. Ideal para quem procura levar um peda\u00e7o da cidade, esta capa \u00e9 uma excelente op\u00e7\u00e3o para lojas de recorda\u00e7\u00f5es tur\u00edsticas que desejem oferecer lembran\u00e7as aut\u00eanticas e modernas. Na Ol\u00e9 Mosaic, como grossista de acess\u00f3rios e recorda\u00e7\u00f5es, garantimos que cada produto seja uma pe\u00e7a \u00fanica e aut\u00eantica que reflete a beleza da Catalunha, tornando-se a op\u00e7\u00e3o perfeita para qualquer visitante apaixonado pela cultura barcelonesa.<\/p>\n","protected":false},"excerpt":{"rendered":"<p>Capa para iPhone 11 Pro Max fabricada em TPU, decorada com uma vibrante ilustra\u00e7\u00e3o de salamandras sobre um fundo preto. O design destaca-se pelos seus coloridos motivos inspirados na arte modernista barcelonesa, com salamandras em tons de azul, verde e vermelho, acompanhadas de flores de cores vivas. A palavra &#8220;Barcelona&#8221; \u00e9 impressa com eleg\u00e2ncia, conferindo um toque distintivo a este acess\u00f3rio moderno e funcional, perfeito para proteger o seu dispositivo.<\/p>\n","protected":false},"featured_media":12211,"template":"","meta":{"_acf_changed":false},"product_brand":[],"product_cat":[685],"product_tag":[516],"class_list":{"0":"post-27194","1":"product","2":"type-product","3":"status-publish","4":"has-post-thumbnail","6":"product_cat-capas-para-telemoveis","7":"product_tag-animais","8":"pa_ciudad-barcelona","9":"pa_motivo-salamandras","10":"pa_pais-espana","12":"first","13":"instock","14":"shipping-taxable","15":"product-type-simple"},"acf":[],"_links":{"self":[{"href":"https:\/\/olemosaic.com\/pt-pt\/wp-json\/wp\/v2\/product\/27194","targetHints":{"allow":["GET"]}}],"collection":[{"href":"https:\/\/olemosaic.com\/pt-pt\/wp-json\/wp\/v2\/product"}],"about":[{"href":"https:\/\/olemosaic.com\/pt-pt\/wp-json\/wp\/v2\/types\/product"}],"wp:featuredmedia":[{"embeddable":true,"href":"https:\/\/olemosaic.com\/pt-pt\/wp-json\/wp\/v2\/media\/12211"}],"wp:attachment":[{"href":"https:\/\/olemosaic.com\/pt-pt\/wp-json\/wp\/v2\/media?parent=27194"}],"wp:term":[{"taxonomy":"product_brand","embeddable":true,"href":"https:\/\/olemosaic.com\/pt-pt\/wp-json\/wp\/v2\/product_brand?post=27194"},{"taxonomy":"product_cat","embeddable":true,"href":"https:\/\/olemosaic.com\/pt-pt\/wp-json\/wp\/v2\/product_cat?post=27194"},{"taxonomy":"product_tag","embeddable":true,"href":"https:\/\/olemosaic.com\/pt-pt\/wp-json\/wp\/v2\/product_tag?post=27194"}],"curies":[{"name":"wp","href":"https:\/\/api.w.org\/{rel}","templated":true}]}}