{"id":27134,"date":"2025-02-20T22:28:45","date_gmt":"2025-02-20T22:28:45","guid":{"rendered":"http:\/\/olemosaic.com\/producto\/funda-de-telefono-para-iphone-11-tpu-panoramica-barcelona-blanco\/"},"modified":"2025-07-25T19:13:07","modified_gmt":"2025-07-25T17:13:07","slug":"capa-de-telemovel-para-iphone-11-tpu-panoramica-barcelona-branco","status":"publish","type":"product","link":"https:\/\/olemosaic.com\/pt-pt\/produto\/capa-de-telemovel-para-iphone-11-tpu-panoramica-barcelona-branco\/","title":{"rendered":"Capa de telem\u00f3vel para iPhone 11 (TPU). Panor\u00e2mica. Barcelona. Branco"},"content":{"rendered":"<p>Esta capa para iPhone 11, fabricada em TPU, apresenta uma panor\u00e2mica vibrante de Barcelona, capturando a ess\u00eancia da cidade condal atrav\u00e9s do c\u00e9lebre estilo mosaico de Gaud\u00ed. O seu design art\u00edstico mostra uma representa\u00e7\u00e3o colorida de elementos ic\u00f3nicos, como a majestosidade da Sagrada Fam\u00edlia e a fantasia arquitet\u00f3nica do Park G\u00fcell, numa sinfonia de tons vibrantes que incluem vermelho, amarelo, verde e azul. Sobre um fundo branco, estas estruturas emblem\u00e1ticas ganham vida, transformando cada telem\u00f3vel numa obra de arte port\u00e1til.<\/p>\n<p>O acabamento da capa, que permite um ajuste perfeito e uma prote\u00e7\u00e3o ideal, real\u00e7a n\u00e3o s\u00f3 a sua funcionalidade, mas tamb\u00e9m o seu apelo visual. Esta recorda\u00e7\u00e3o de Barcelona \u00e9 uma excelente op\u00e7\u00e3o para os turistas que desejem levar um peda\u00e7o da cultura catal\u00e3 consigo. Representando a riqueza e criatividade da arte de Gaud\u00ed, esta capa torna-se uma recorda\u00e7\u00e3o significativa que reflete a hist\u00f3ria e o patrim\u00f3nio da cidade.<\/p>\n<p>Na Ol\u00e9 Mosaic, especializamo-nos em oferecer recorda\u00e7\u00f5es aut\u00eanticas e de qualidade. Esta capa, como parte da nossa cole\u00e7\u00e3o de produtos, \u00e9 ideal para lojas de presentes tur\u00edsticos que procuram artigos distintivos e com um forte impacto visual. Al\u00e9m disso, como distribuidores de acess\u00f3rios como esta capa, garantimos um produto exclusivo que capta a ess\u00eancia de Barcelona de forma excecional.<\/p>\n","protected":false},"excerpt":{"rendered":"<p>Capa para iPhone 11 fabricada em TPU, decorada com uma panor\u00e2mica vibrante de Barcelona. Esta capa apresenta um design que evoca o famoso estilo de mosaico de Gaud\u00ed, representando elementos ic\u00f3nicos como a Sagrada Fam\u00edlia e o Parque G\u00fcell. Com cores apelativas em vermelho, amarelo, verde e azul, real\u00e7a a arquitetura singular da cidade sobre um fundo branco, adicionando um toque art\u00edstico e moderno ao seu dispositivo.<\/p>\n","protected":false},"featured_media":12138,"template":"","meta":{"_acf_changed":false},"product_brand":[],"product_cat":[685],"product_tag":[],"class_list":{"0":"post-27134","1":"product","2":"type-product","3":"status-publish","4":"has-post-thumbnail","6":"product_cat-capas-para-telemoveis","7":"pa_ciudad-barcelona","8":"pa_motivo-panoramas","9":"pa_pais-espana","11":"first","12":"instock","13":"shipping-taxable","14":"product-type-simple"},"acf":[],"_links":{"self":[{"href":"https:\/\/olemosaic.com\/pt-pt\/wp-json\/wp\/v2\/product\/27134","targetHints":{"allow":["GET"]}}],"collection":[{"href":"https:\/\/olemosaic.com\/pt-pt\/wp-json\/wp\/v2\/product"}],"about":[{"href":"https:\/\/olemosaic.com\/pt-pt\/wp-json\/wp\/v2\/types\/product"}],"wp:featuredmedia":[{"embeddable":true,"href":"https:\/\/olemosaic.com\/pt-pt\/wp-json\/wp\/v2\/media\/12138"}],"wp:attachment":[{"href":"https:\/\/olemosaic.com\/pt-pt\/wp-json\/wp\/v2\/media?parent=27134"}],"wp:term":[{"taxonomy":"product_brand","embeddable":true,"href":"https:\/\/olemosaic.com\/pt-pt\/wp-json\/wp\/v2\/product_brand?post=27134"},{"taxonomy":"product_cat","embeddable":true,"href":"https:\/\/olemosaic.com\/pt-pt\/wp-json\/wp\/v2\/product_cat?post=27134"},{"taxonomy":"product_tag","embeddable":true,"href":"https:\/\/olemosaic.com\/pt-pt\/wp-json\/wp\/v2\/product_tag?post=27134"}],"curies":[{"name":"wp","href":"https:\/\/api.w.org\/{rel}","templated":true}]}}