{"id":27133,"date":"2025-02-20T22:28:45","date_gmt":"2025-02-20T22:28:45","guid":{"rendered":"http:\/\/olemosaic.com\/producto\/funda-de-telefono-para-iphone-11-tpu-gato-barcelona-negro\/"},"modified":"2025-07-25T20:15:50","modified_gmt":"2025-07-25T18:15:50","slug":"capa-de-telemovel-para-iphone-11-tpu-gato-barcelona-preto","status":"publish","type":"product","link":"https:\/\/olemosaic.com\/pt-pt\/produto\/capa-de-telemovel-para-iphone-11-tpu-gato-barcelona-preto\/","title":{"rendered":"Capa de telem\u00f3vel para iPhone 11 (TPU). Gato. Barcelona. Preto"},"content":{"rendered":"<p>Esta capa para iPhone 11 \u00e9 uma representa\u00e7\u00e3o vibrante do esp\u00edrito catal\u00e3o, elaborada em TPU com um design atraente que capta a aten\u00e7\u00e3o. Apresenta um fundo preto que real\u00e7a o colorido mosaico de um gato, inspirado na famosa arquitetura de Barcelona. Este gato, de formas geom\u00e9tricas em tons vivos como azul, amarelo, vermelho e verde, evoca a magia da arte modernista da cidade, ressoando com a obra de g\u00e9nios como Antoni Gaud\u00ed. Al\u00e9m disso, borboletas em tons quentes e alegres flutuam ao redor, conferindo um toque de vida e movimento a este design cativante.<\/p>\n<p>A palavra &#8220;Barcelona&#8221; est\u00e1 elegantemente impressa, adicionando um toque distintivo e refor\u00e7ando a liga\u00e7\u00e3o emocional com esta cidade ic\u00f3nica. Esta capa n\u00e3o s\u00f3 protege o seu dispositivo de choques e quedas, como tamb\u00e9m o torna um acess\u00f3rio elegante e culturalmente significativo, uma excelente recorda\u00e7\u00e3o que os turistas querer\u00e3o levar para casa. Na Ol\u00e9 Mosaic, especializamo-nos na distribui\u00e7\u00e3o de souvenirs de qualidade, e esta capa de gato \u00e9 uma op\u00e7\u00e3o ideal para lojas de presentes tur\u00edsticos que desejem oferecer produtos aut\u00eanticos e com um forte v\u00ednculo cultural. Com esta capa, os clientes poder\u00e3o levar consigo um peda\u00e7o da arte e da cultura de Barcelona, tornando-se uma pe\u00e7a imprescind\u00edvel para qualquer amante da cidade.<\/p>\n","protected":false},"excerpt":{"rendered":"<p>Capa para iPhone 11 fabricada em TPU com um design vibrante de um gato inspirado na famosa arquitetura de Barcelona. A capa, com fundo preto, real\u00e7a o colorido mosaico do felino, adornado com borboletas em tons quentes e alegres. A palavra &#8220;Barcelona&#8221; est\u00e1 elegantemente impressa, adicionando um toque distintivo. Esta capa n\u00e3o s\u00f3 protege o seu dispositivo, como tamb\u00e9m celebra a arte e o esp\u00edrito da cidade.<\/p>\n","protected":false},"featured_media":12151,"template":"","meta":{"_acf_changed":false},"product_brand":[],"product_cat":[685],"product_tag":[516],"class_list":{"0":"post-27133","1":"product","2":"type-product","3":"status-publish","4":"has-post-thumbnail","6":"product_cat-capas-para-telemoveis","7":"product_tag-animais","8":"pa_ciudad-barcelona","9":"pa_motivo-gatos","10":"pa_pais-espana","12":"first","13":"instock","14":"shipping-taxable","15":"product-type-simple"},"acf":[],"_links":{"self":[{"href":"https:\/\/olemosaic.com\/pt-pt\/wp-json\/wp\/v2\/product\/27133","targetHints":{"allow":["GET"]}}],"collection":[{"href":"https:\/\/olemosaic.com\/pt-pt\/wp-json\/wp\/v2\/product"}],"about":[{"href":"https:\/\/olemosaic.com\/pt-pt\/wp-json\/wp\/v2\/types\/product"}],"wp:featuredmedia":[{"embeddable":true,"href":"https:\/\/olemosaic.com\/pt-pt\/wp-json\/wp\/v2\/media\/12151"}],"wp:attachment":[{"href":"https:\/\/olemosaic.com\/pt-pt\/wp-json\/wp\/v2\/media?parent=27133"}],"wp:term":[{"taxonomy":"product_brand","embeddable":true,"href":"https:\/\/olemosaic.com\/pt-pt\/wp-json\/wp\/v2\/product_brand?post=27133"},{"taxonomy":"product_cat","embeddable":true,"href":"https:\/\/olemosaic.com\/pt-pt\/wp-json\/wp\/v2\/product_cat?post=27133"},{"taxonomy":"product_tag","embeddable":true,"href":"https:\/\/olemosaic.com\/pt-pt\/wp-json\/wp\/v2\/product_tag?post=27133"}],"curies":[{"name":"wp","href":"https:\/\/api.w.org\/{rel}","templated":true}]}}